{"id":234914,"date":"2025-12-29T22:22:33","date_gmt":"2025-12-29T19:22:33","guid":{"rendered":"https:\/\/baldumarket.lt\/product\/top-mix-wieszak-80-bialy\/"},"modified":"2026-04-08T08:30:58","modified_gmt":"2026-04-08T05:30:58","slug":"top-mix-wieszak-80-bialy","status":"publish","type":"product","link":"https:\/\/baldumarket.lt\/lt\/product\/top-mix-wieszak-80-bialy\/","title":{"rendered":"TOP MIX pakaba 80 balta"},"content":{"rendered":"<p>TOP MIX Vitrina, 1 vnt., 1 vnt., balta<br \/>\n\u0160i stiklin\u0117 vitrina puikiai atrodo tiek pati savaime, tiek derinama su kitais baldais. Ji puikiai tinka dekoratyviniams daiktams eksponuoti svetain\u0117je ar darbo kambaryje, taip pat stalo \u012frenginiams eksponuoti. \u0160i vitrina i\u0161 TOP MIX kolekcijos taip pat turi stal\u010di\u0173 ir lentyn\u0105 su u\u017edara priekine dalimi. Paprastas dizainas patiks tiems, kurie m\u0117gsta sant\u016br\u0173 interjero dizain\u0105.<br \/>\nPRODUKTO I\u0160SKIRTIN\u0116S SAVYB\u0116S<br \/>\n\u2013 paprastas dizainas<br \/>\n\u2013 patvarumas<br \/>\n\u2013 glaz\u016bruot\u0173 ir dengt\u0173 lentyn\u0173 bei stal\u010diaus derinys viename bloke<br \/>\nMED\u017dIAGOS<br \/>\n\u2013 korpusas pagamintas i\u0161 laminuotos bald\u0173 plok\u0161t\u0117s<br \/>\n\u2013 Priekin\u0117 dalis pagaminta i\u0161 laminuotos bald\u0173 plok\u0161t\u0117s<br \/>\n\u2013 lentynos i\u0161 laminuotos bald\u0173 plok\u0161t\u0117s<br \/>\n\u2013 ritininiai kreiptuvai<\/p>","protected":false},"excerpt":{"rendered":"<p>Kolekcija: TOP MIX<br \/>\nPlotis cm: 80<br \/>\nAuk\u0161tis cm: 100<br \/>\nGylis cm: 23<\/p>","protected":false},"featured_media":234915,"comment_status":"open","ping_status":"open","template":"","meta":[],"product_brand":[],"product_cat":[9345,1931,2970],"product_tag":[],"class_list":{"0":"post-234914","1":"product","2":"type-product","3":"status-publish","4":"has-post-thumbnail","6":"product_cat-furniture-collection-top-mix","7":"product_cat-hangers","8":"product_cat-mebelbos","10":"first","11":"instock","12":"purchasable","13":"product-type-simple"},"_links":{"self":[{"href":"https:\/\/baldumarket.lt\/lt\/wp-json\/wp\/v2\/product\/234914","targetHints":{"allow":["GET"]}}],"collection":[{"href":"https:\/\/baldumarket.lt\/lt\/wp-json\/wp\/v2\/product"}],"about":[{"href":"https:\/\/baldumarket.lt\/lt\/wp-json\/wp\/v2\/types\/product"}],"replies":[{"embeddable":true,"href":"https:\/\/baldumarket.lt\/lt\/wp-json\/wp\/v2\/comments?post=234914"}],"wp:featuredmedia":[{"embeddable":true,"href":"https:\/\/baldumarket.lt\/lt\/wp-json\/wp\/v2\/media\/234915"}],"wp:attachment":[{"href":"https:\/\/baldumarket.lt\/lt\/wp-json\/wp\/v2\/media?parent=234914"}],"wp:term":[{"taxonomy":"product_brand","embeddable":true,"href":"https:\/\/baldumarket.lt\/lt\/wp-json\/wp\/v2\/product_brand?post=234914"},{"taxonomy":"product_cat","embeddable":true,"href":"https:\/\/baldumarket.lt\/lt\/wp-json\/wp\/v2\/product_cat?post=234914"},{"taxonomy":"product_tag","embeddable":true,"href":"https:\/\/baldumarket.lt\/lt\/wp-json\/wp\/v2\/product_tag?post=234914"}],"curies":[{"name":"wp","href":"https:\/\/api.w.org\/{rel}","templated":true}]}}