{"id":234897,"date":"2025-12-29T22:22:08","date_gmt":"2025-12-29T19:22:08","guid":{"rendered":"https:\/\/baldumarket.lt\/product\/top-mix-lawa-115-bialy\/"},"modified":"2026-04-08T08:30:58","modified_gmt":"2026-04-08T05:30:58","slug":"top-mix-lawa-115-bialy","status":"publish","type":"product","link":"https:\/\/baldumarket.lt\/lt\/product\/top-mix-lawa-115-bialy\/","title":{"rendered":"TOP MIX kavos staliukas 115 baltas"},"content":{"rendered":"<p>TOP MIX kavos staliukas 115 baltas<br \/>\n\u0160is kavos staliukas yra b\u016btinas baldas bet kurioje svetain\u0117je. TOP MIX kolekcijoje jis pasi\u017eymi nepaprastai paprastu dizainu. Papildomas bruo\u017eas \u2013 lentyna, puikiai tinkanti laikyti smulkius daiktus, tokius kaip \u017eurnalai ar televizoriaus nuotolinio valdymo pulteliai. Jis si\u016blomas dviej\u0173 spalv\u0173: Sonoma \u0105\u017euolo ir baltos, su med\u017eio imitacijos stalvir\u0161iu.<br \/>\nPRODUKTO SAVYB\u0116S<br \/>\n\u2013 Papildoma lentyna<br \/>\n\u2013 Galimyb\u0117 viename \u012frenginyje derinti dvi spalv\u0173 parinktis<br \/>\n\u2013 Paprastas dizainas<br \/>\nMED\u017dIAGOS<br \/>\n\u2013 Sta\u010diakampis stalvir\u0161is, pagamintas i\u0161 laminuotos bald\u0173 plok\u0161t\u0117s<br \/>\n\u2013 Melamino kra\u0161tas<br \/>\n\u2013 Keturkoj\u0117 konstrukcija<br \/>\n\u2013 Kojel\u0117s pagamintos i\u0161 laminuotos bald\u0173 plok\u0161t\u0117s<\/p>","protected":false},"excerpt":{"rendered":"<p>Kolekcija: TOP MIX<br \/>\nPlotis cm: 115<br \/>\n\u016agis cm: 48<br \/>\nGylis cm: 55<\/p>","protected":false},"featured_media":234898,"comment_status":"open","ping_status":"open","template":"","meta":[],"product_brand":[],"product_cat":[9345,866,2970],"product_tag":[],"class_list":{"0":"post-234897","1":"product","2":"type-product","3":"status-publish","4":"has-post-thumbnail","6":"product_cat-furniture-collection-top-mix","7":"product_cat-coffee-tables","8":"product_cat-mebelbos","10":"first","11":"instock","12":"purchasable","13":"product-type-simple"},"_links":{"self":[{"href":"https:\/\/baldumarket.lt\/lt\/wp-json\/wp\/v2\/product\/234897","targetHints":{"allow":["GET"]}}],"collection":[{"href":"https:\/\/baldumarket.lt\/lt\/wp-json\/wp\/v2\/product"}],"about":[{"href":"https:\/\/baldumarket.lt\/lt\/wp-json\/wp\/v2\/types\/product"}],"replies":[{"embeddable":true,"href":"https:\/\/baldumarket.lt\/lt\/wp-json\/wp\/v2\/comments?post=234897"}],"wp:featuredmedia":[{"embeddable":true,"href":"https:\/\/baldumarket.lt\/lt\/wp-json\/wp\/v2\/media\/234898"}],"wp:attachment":[{"href":"https:\/\/baldumarket.lt\/lt\/wp-json\/wp\/v2\/media?parent=234897"}],"wp:term":[{"taxonomy":"product_brand","embeddable":true,"href":"https:\/\/baldumarket.lt\/lt\/wp-json\/wp\/v2\/product_brand?post=234897"},{"taxonomy":"product_cat","embeddable":true,"href":"https:\/\/baldumarket.lt\/lt\/wp-json\/wp\/v2\/product_cat?post=234897"},{"taxonomy":"product_tag","embeddable":true,"href":"https:\/\/baldumarket.lt\/lt\/wp-json\/wp\/v2\/product_tag?post=234897"}],"curies":[{"name":"wp","href":"https:\/\/api.w.org\/{rel}","templated":true}]}}