{"id":234892,"date":"2025-12-29T22:21:58","date_gmt":"2025-12-29T19:21:58","guid":{"rendered":"https:\/\/baldumarket.lt\/product\/vigo-bos-biurko-1d1s-120-bialy-polysk-dab-wotan\/"},"modified":"2026-02-11T18:35:01","modified_gmt":"2026-02-11T15:35:01","slug":"vigo-bos-biurko-1d1s-120-bialy-polysk-dab-wotan","status":"publish","type":"product","link":"https:\/\/baldumarket.lt\/lt\/product\/vigo-bos-biurko-1d1s-120-bialy-polysk-dab-wotan\/","title":{"rendered":"VIGO BOS ra\u0161omasis stalas 1d1s\/120 baltai blizgi \/ wotan \u0105\u017euolas"},"content":{"rendered":"<p>VIGO ra\u0161omasis stalas, 1 vnt., 120 cm, blizgi balta \/ \u0105\u017euolas \u201eWotan\u201c<br \/>\n\u0160is VIGO kolekcijos ra\u0161omasis stalas puikiai tiks darbo kambariuose, jaunimo kambariuose ir nam\u0173 biuruose. Jame yra \u012fmontuotas stal\u010dius ir lentynos su durel\u0117mis, kuriose galima susid\u0117ti \u012fvairius aksesuarus. Tai u\u017etikrina, kad visi reikalingi darbo ar mokymosi reikmenys visada b\u016bt\u0173 po ranka. Universali balta spalva ir Wotan \u0105\u017euolo ra\u0161tu margintas stalvir\u0161is suteikia plat\u0173 dizaino variant\u0173 pasirinkim\u0105. VIGO ra\u0161omasis stalas patenkins kiekvien\u0105 modernaus stiliaus entuziast\u0105, vertinant\u012f paprastum\u0105 klasikin\u0117je aplinkoje.<br \/>\nSpalva: Blizgi balta<br \/>\nPriekin\u0117 dalis: MDF plok\u0161t\u0117 su blizgia PVC folija<br \/>\nKarkasai, stalvir\u0161iai: laminuota bald\u0173 plok\u0161t\u0117, ABS kra\u0161tai<br \/>\nStal\u010diai: rutuliniai guoliai, pilno i\u0161traukimo<br \/>\nSistemos apra\u0161ymas<br \/>\n\u00a0Balta spalva ir fasadai be ranken\u0117li\u0173 suteiks harmonijos bet kokiam interjerui.<br \/>\n\u00a0Pla\u010dios, nat\u016bralios spalvos stalvir\u0161iai, kylantys i\u0161 spintel\u0117s priekio, tarnauja kaip dekoratyvinis elementas. Pla\u010dios \u0161onin\u0117s apdailos suteikia baldams solidumo.<br \/>\nPaprasta bald\u0173 forma su blizgiais priekiniais pavir\u0161iais yra nesenstantis sprendimas.<br \/>\nPapildomas ap\u0161vietimas vitrinose padidina bald\u0173 patrauklum\u0105.<\/p>","protected":false},"excerpt":{"rendered":"<p>Kolekcija: VIGO<br \/>\nPlotis cm: 120<br \/>\n\u016agis cm: 76<br \/>\nGylis cm: 67<br \/>\nDur\u0173 skai\u010dius: 1<br \/>\nStal\u010di\u0173 skai\u010dius: 1<\/p>","protected":false},"featured_media":234893,"comment_status":"open","ping_status":"open","template":"","meta":[],"product_brand":[],"product_cat":[9346,1312,2970],"product_tag":[],"class_list":{"0":"post-234892","1":"product","2":"type-product","3":"status-publish","4":"has-post-thumbnail","6":"product_cat-furniture-collection-vigo-boss","7":"product_cat-desks","8":"product_cat-mebelbos","10":"first","11":"instock","12":"purchasable","13":"product-type-simple"},"_links":{"self":[{"href":"https:\/\/baldumarket.lt\/lt\/wp-json\/wp\/v2\/product\/234892","targetHints":{"allow":["GET"]}}],"collection":[{"href":"https:\/\/baldumarket.lt\/lt\/wp-json\/wp\/v2\/product"}],"about":[{"href":"https:\/\/baldumarket.lt\/lt\/wp-json\/wp\/v2\/types\/product"}],"replies":[{"embeddable":true,"href":"https:\/\/baldumarket.lt\/lt\/wp-json\/wp\/v2\/comments?post=234892"}],"wp:featuredmedia":[{"embeddable":true,"href":"https:\/\/baldumarket.lt\/lt\/wp-json\/wp\/v2\/media\/234893"}],"wp:attachment":[{"href":"https:\/\/baldumarket.lt\/lt\/wp-json\/wp\/v2\/media?parent=234892"}],"wp:term":[{"taxonomy":"product_brand","embeddable":true,"href":"https:\/\/baldumarket.lt\/lt\/wp-json\/wp\/v2\/product_brand?post=234892"},{"taxonomy":"product_cat","embeddable":true,"href":"https:\/\/baldumarket.lt\/lt\/wp-json\/wp\/v2\/product_cat?post=234892"},{"taxonomy":"product_tag","embeddable":true,"href":"https:\/\/baldumarket.lt\/lt\/wp-json\/wp\/v2\/product_tag?post=234892"}],"curies":[{"name":"wp","href":"https:\/\/api.w.org\/{rel}","templated":true}]}}