{"id":234887,"date":"2025-12-29T22:21:50","date_gmt":"2025-12-29T19:21:50","guid":{"rendered":"https:\/\/baldumarket.lt\/product\/vigo-bos-szafka-na-buty-1d-bialy-polysk-dab-wotan\/"},"modified":"2026-04-08T08:40:26","modified_gmt":"2026-04-08T05:40:26","slug":"vigo-bos-szafka-na-buty-1d-bialy-polysk-dab-wotan","status":"publish","type":"product","link":"https:\/\/baldumarket.lt\/lt\/product\/vigo-bos-szafka-na-buty-1d-bialy-polysk-dab-wotan\/","title":{"rendered":"VIGO BOS bat\u0173 spintel\u0117 1d balta blizgi \/ wotan \u0105\u017euolas"},"content":{"rendered":"<p>VIGO 1D bat\u0173 spintel\u0117 blizgios baltos \/ Wotan \u0105\u017euolo spalvos<br \/>\nBat\u0173 spintel\u0117 yra pagrindinis ir b\u016btinas baldas bet kuriame prie\u0161kambaryje. VIGO bat\u0173 spintel\u0117 praskaidrins bet kur\u012f tams\u0173 prie\u0161kambar\u012f. \u0160is baltas baldas su \u201eWotan\u201c \u0105\u017euolo stalvir\u0161iu puikiai tiks kaip atskiras papildymas kitose kolekcijose. Universali balta spalva ir elementai su \u201eWotan\u201c \u0105\u017euolo ra\u0161tu atveria pla\u010dias dizaino galimybes. VIGO bat\u0173 spintel\u0117 turi pilk\u0105 s\u0117dyn\u0119, tod\u0117l apsirengti ir nusirengti daug lengviau. VIGO kolekcijos bat\u0173 spintel\u0117 patenkins kiekvien\u0105 modernaus stiliaus gerb\u0117j\u0105, vertinant\u012f paprastum\u0105 klasikin\u0117je versijoje.<br \/>\n.<br \/>\n\u012e prie\u0161kambar\u012f \u012f\u017eengia \u017eavesiu ir elegancija alsuojanti VIGO BOSS kolekcija. Original\u016bs, balti, blizg\u016bs fasadai be ranken\u0117li\u0173 suteiks interjerui harmonijos. Plat\u016bs, nat\u016bral\u016bs stalvir\u0161iai suteiks kambariui \u017eurnal\u0173 \u012fvaizd\u012f. Leiskite mums pasir\u016bpinti J\u016bs\u0173 prie\u0161kambario i\u0161vaizda su Vigo baldais.<br \/>\nSpalva: Blizgi balta<br \/>\nPriekin\u0117 dalis: MDF plok\u0161t\u0117 su blizgia PVC folija<br \/>\nKarkasai, stalvir\u0161iai: laminuota bald\u0173 plok\u0161t\u0117, ABS kra\u0161tai<br \/>\nStal\u010diai: rutuliniai guoliai, pilno i\u0161traukimo<br \/>\nSistemos apra\u0161ymas<br \/>\n\u00a0Balta spalva ir fasadai be ranken\u0117li\u0173 suteiks harmonijos j\u016bs\u0173 interjerui.<br \/>\n\u00a0 Pla\u010dios, nat\u016braliai atrodan\u010dios vir\u0161utin\u0117s dalys, besit\u0119sian\u010dios iki \u012frengini\u0173 priekio, tarnauja kaip dekoratyvinis elementas.<br \/>\n\u00a0 Pla\u010dios \u0161onin\u0117s juostel\u0117s suteikia baldams solidumo.<br \/>\n\u00a0 Paprasta bald\u0173 forma su blizgiu fasad\u0173 pavir\u0161iumi \u2013 nesenstantis sprendimas.<br \/>\n\u00a0 Papildomas ap\u0161vietimas vitrinose padidina bald\u0173 patrauklum\u0105.<\/p>","protected":false},"excerpt":{"rendered":"<p>\u016agis cm: 56,5<br \/>\nPlotis cm: 92,6<br \/>\nGylis cm: 37,3<\/p>","protected":false},"featured_media":234888,"comment_status":"open","ping_status":"open","template":"","meta":[],"product_brand":[],"product_cat":[9346,2970,1997],"product_tag":[],"class_list":{"0":"post-234887","1":"product","2":"type-product","3":"status-publish","4":"has-post-thumbnail","6":"product_cat-furniture-collection-vigo-boss","7":"product_cat-mebelbos","8":"product_cat-shoe-cabinets","10":"first","11":"instock","12":"purchasable","13":"product-type-simple"},"_links":{"self":[{"href":"https:\/\/baldumarket.lt\/lt\/wp-json\/wp\/v2\/product\/234887","targetHints":{"allow":["GET"]}}],"collection":[{"href":"https:\/\/baldumarket.lt\/lt\/wp-json\/wp\/v2\/product"}],"about":[{"href":"https:\/\/baldumarket.lt\/lt\/wp-json\/wp\/v2\/types\/product"}],"replies":[{"embeddable":true,"href":"https:\/\/baldumarket.lt\/lt\/wp-json\/wp\/v2\/comments?post=234887"}],"wp:featuredmedia":[{"embeddable":true,"href":"https:\/\/baldumarket.lt\/lt\/wp-json\/wp\/v2\/media\/234888"}],"wp:attachment":[{"href":"https:\/\/baldumarket.lt\/lt\/wp-json\/wp\/v2\/media?parent=234887"}],"wp:term":[{"taxonomy":"product_brand","embeddable":true,"href":"https:\/\/baldumarket.lt\/lt\/wp-json\/wp\/v2\/product_brand?post=234887"},{"taxonomy":"product_cat","embeddable":true,"href":"https:\/\/baldumarket.lt\/lt\/wp-json\/wp\/v2\/product_cat?post=234887"},{"taxonomy":"product_tag","embeddable":true,"href":"https:\/\/baldumarket.lt\/lt\/wp-json\/wp\/v2\/product_tag?post=234887"}],"curies":[{"name":"wp","href":"https:\/\/api.w.org\/{rel}","templated":true}]}}