{"id":234884,"date":"2025-12-29T22:21:46","date_gmt":"2025-12-29T19:21:46","guid":{"rendered":"https:\/\/baldumarket.lt\/product\/vigo-bos-wieszak-90-bialy-polysk-dab-wotan\/"},"modified":"2026-04-08T08:40:26","modified_gmt":"2026-04-08T05:40:26","slug":"vigo-bos-wieszak-90-bialy-polysk-dab-wotan","status":"publish","type":"product","link":"https:\/\/baldumarket.lt\/lt\/product\/vigo-bos-wieszak-90-bialy-polysk-dab-wotan\/","title":{"rendered":"VIGO BOS pakaba 90 balta blizgi \/ wotan \u0105\u017euolas"},"content":{"rendered":"<p>VIGO 90 palt\u0173 kabykla, blizgi balta \/ Wotan \u0105\u017euolas<br \/>\n90 spalv\u0173 palt\u0173 kabykla i\u0161 VIGO kolekcijos \u2013 tai universalus baldas, kuris dera beveik bet kuriame prie\u0161kambaryje. \u0160is universalus baltas baldas papildys \u012fvairiais stiliais dekoruotus prie\u0161kambarius. Kabykla turi lentyn\u0105 ir kabliukus, leid\u017eian\u010dius lengvai laikyti visus j\u016bs\u0173 vir\u0161utinius drabu\u017eius ir aksesuarus. Kartu su tos pa\u010dios kolekcijos bat\u0173 spintele VIGO palt\u0173 kabykla sukuria funkcionali\u0105 prie\u0161kambario erdv\u0119. \u0160is modernus, blizgus baldas suteiks j\u016bs\u0173 interjerui elegancijos.<br \/>\n\u017davingas ir eleganti\u0161kas VIGO BOSS kolekcija \u017eengia \u012f J\u016bs\u0173 prie\u0161kambar\u012f. Original\u016bs, balti, blizg\u016bs fasadai be ranken\u0117li\u0173 suteiks harmonijos J\u016bs\u0173 interjerui. Plat\u016bs, nat\u016bral\u016bs stalvir\u0161iai suteiks kambariui \u017eurnalo \u012fvaizd\u012f. Leiskite mums pasir\u016bpinti J\u016bs\u0173 prie\u0161kambario i\u0161vaizda su Vigo baldais. Spalva: blizgi balta<br \/>\nPriekin\u0117 dalis: MDF plok\u0161t\u0117 su blizgia PVC folija<br \/>\nKarkasai, stalvir\u0161iai: laminuota bald\u0173 plok\u0161t\u0117, ABS kra\u0161tai<br \/>\nStal\u010diai: rutuliniai guoliai, pilno i\u0161traukimo<br \/>\nSistemos apra\u0161ymas<br \/>\n\u00a0Balta spalva ir fasadai be ranken\u0117li\u0173 suteiks harmonijos bet kokiam interjerui.<br \/>\n\u00a0 Pla\u010dios, nat\u016bralios vir\u0161utin\u0117s dalys, besit\u0119sian\u010dios iki \u012frengini\u0173 priekio, tarnauja kaip dekoratyvinis elementas.<br \/>\n\u00a0 Pla\u010dios \u0161onin\u0117s juostel\u0117s suteikia baldams solidumo.<br \/>\n\u00a0 Paprasta bald\u0173 forma su blizgiu fasad\u0173 pavir\u0161iumi \u2013 nesenstantis sprendimas.<br \/>\n\u00a0 Papildomas ap\u0161vietimas vitrinose padidina bald\u0173 patrauklum\u0105.<\/p>","protected":false},"excerpt":{"rendered":"<p>Kolekcija: VIGO<br \/>\nPlotis cm: 92,6<br \/>\n\u016agis cm: 132,2<br \/>\nGylis cm: 24,5<\/p>","protected":false},"featured_media":234885,"comment_status":"open","ping_status":"open","template":"","meta":[],"product_brand":[],"product_cat":[9346,1931,2970],"product_tag":[],"class_list":{"0":"post-234884","1":"product","2":"type-product","3":"status-publish","4":"has-post-thumbnail","6":"product_cat-furniture-collection-vigo-boss","7":"product_cat-hangers","8":"product_cat-mebelbos","10":"first","11":"instock","12":"purchasable","13":"product-type-simple"},"_links":{"self":[{"href":"https:\/\/baldumarket.lt\/lt\/wp-json\/wp\/v2\/product\/234884","targetHints":{"allow":["GET"]}}],"collection":[{"href":"https:\/\/baldumarket.lt\/lt\/wp-json\/wp\/v2\/product"}],"about":[{"href":"https:\/\/baldumarket.lt\/lt\/wp-json\/wp\/v2\/types\/product"}],"replies":[{"embeddable":true,"href":"https:\/\/baldumarket.lt\/lt\/wp-json\/wp\/v2\/comments?post=234884"}],"wp:featuredmedia":[{"embeddable":true,"href":"https:\/\/baldumarket.lt\/lt\/wp-json\/wp\/v2\/media\/234885"}],"wp:attachment":[{"href":"https:\/\/baldumarket.lt\/lt\/wp-json\/wp\/v2\/media?parent=234884"}],"wp:term":[{"taxonomy":"product_brand","embeddable":true,"href":"https:\/\/baldumarket.lt\/lt\/wp-json\/wp\/v2\/product_brand?post=234884"},{"taxonomy":"product_cat","embeddable":true,"href":"https:\/\/baldumarket.lt\/lt\/wp-json\/wp\/v2\/product_cat?post=234884"},{"taxonomy":"product_tag","embeddable":true,"href":"https:\/\/baldumarket.lt\/lt\/wp-json\/wp\/v2\/product_tag?post=234884"}],"curies":[{"name":"wp","href":"https:\/\/api.w.org\/{rel}","templated":true}]}}