{"id":234880,"date":"2025-12-29T22:21:40","date_gmt":"2025-12-29T19:21:40","guid":{"rendered":"https:\/\/baldumarket.lt\/product\/vigo-bos-lozko-120-bialy-dab-wotan\/"},"modified":"2026-04-08T08:40:26","modified_gmt":"2026-04-08T05:40:26","slug":"vigo-bos-lozko-120-bialy-dab-wotan","status":"publish","type":"product","link":"https:\/\/baldumarket.lt\/lt\/product\/vigo-bos-lozko-120-bialy-dab-wotan\/","title":{"rendered":"VIGO BOS lova 120 balta \/ \u0105\u017euolo spalvos wotan"},"content":{"rendered":"<p>VIGO BOSS lova 120 x 200<br \/>\n\u201eVigo\u201c kolekcijos miegamojo dekoro elementai suteiks jums daug erdv\u0117s, kuri yra b\u016btina funkcionaliuose ir moderniuose namuose.<br \/>\nSpalva: Blizgi balta \/ \u0105\u017euolo medienos imitacijos lenta<br \/>\n\u012e kain\u0105 ne\u012fskai\u010diuotas \u010diu\u017einys<br \/>\nSistemos apra\u0161ymas<br \/>\nBalta spalva ir fasadai be ranken\u0117li\u0173 suteikia interjerui harmonijos.<br \/>\n\u00a0 Pla\u010dios, nat\u016bralios vir\u0161utin\u0117s dalys, besit\u0119sian\u010dios iki \u012frengini\u0173 priekio, tarnauja kaip dekoratyviniai elementai.<br \/>\n\u00a0 Plat\u016bs \u0161oniniai apvadai suteikia baldams solidumo.<br \/>\n\u00a0 Paprasta bald\u0173 forma su blizgiais priekiniais pavir\u0161iais yra nesenstantis sprendimas.<br \/>\nPatogi lova yra pagrindinis ir b\u016btinas baldas kiekvienam miegamajam ir jaunimo kambariui. VIGO lova praskaidrins bet kur\u012f tams\u0173 kambar\u012f. \u0160is baltas baldas su Wotano \u0105\u017euolo akcentu puikiai tiks kaip atskiras priedas prie kit\u0173 kolekcij\u0173. Universali balta spalva ir elementai su Wotano \u0105\u017euolo medienos ra\u0161tu atveria pla\u010dias dizaino galimybes. VIGO kolekcijos lova patenkins kiekvien\u0105 modernaus stiliaus gerb\u0117j\u0105, vertinant\u012f paprastum\u0105 klasikin\u0117je versijoje.<\/p>","protected":false},"excerpt":{"rendered":"<p>\u016agis cm: 89<br \/>\nPlotis cm: 124,6<br \/>\nIlgis cm: 205,5<br \/>\n\u010ciu\u017einio matmenys cm: 120 x 200<br \/>\n\u010ciu\u017einys \u012fskai\u010diuotas: Ne<br \/>\nR\u0117mas pridedamas: Ne<br \/>\nSaugykla: Ne<\/p>","protected":false},"featured_media":234881,"comment_status":"open","ping_status":"open","template":"","meta":[],"product_brand":[],"product_cat":[9346,1969,2970],"product_tag":[],"class_list":{"0":"post-234880","1":"product","2":"type-product","3":"status-publish","4":"has-post-thumbnail","6":"product_cat-furniture-collection-vigo-boss","7":"product_cat-beds-120x200","8":"product_cat-mebelbos","10":"first","11":"instock","12":"purchasable","13":"product-type-simple"},"_links":{"self":[{"href":"https:\/\/baldumarket.lt\/lt\/wp-json\/wp\/v2\/product\/234880","targetHints":{"allow":["GET"]}}],"collection":[{"href":"https:\/\/baldumarket.lt\/lt\/wp-json\/wp\/v2\/product"}],"about":[{"href":"https:\/\/baldumarket.lt\/lt\/wp-json\/wp\/v2\/types\/product"}],"replies":[{"embeddable":true,"href":"https:\/\/baldumarket.lt\/lt\/wp-json\/wp\/v2\/comments?post=234880"}],"wp:featuredmedia":[{"embeddable":true,"href":"https:\/\/baldumarket.lt\/lt\/wp-json\/wp\/v2\/media\/234881"}],"wp:attachment":[{"href":"https:\/\/baldumarket.lt\/lt\/wp-json\/wp\/v2\/media?parent=234880"}],"wp:term":[{"taxonomy":"product_brand","embeddable":true,"href":"https:\/\/baldumarket.lt\/lt\/wp-json\/wp\/v2\/product_brand?post=234880"},{"taxonomy":"product_cat","embeddable":true,"href":"https:\/\/baldumarket.lt\/lt\/wp-json\/wp\/v2\/product_cat?post=234880"},{"taxonomy":"product_tag","embeddable":true,"href":"https:\/\/baldumarket.lt\/lt\/wp-json\/wp\/v2\/product_tag?post=234880"}],"curies":[{"name":"wp","href":"https:\/\/api.w.org\/{rel}","templated":true}]}}