{"id":234870,"date":"2025-12-29T22:21:20","date_gmt":"2025-12-29T19:21:20","guid":{"rendered":"https:\/\/baldumarket.lt\/product\/vigo-boss-komoda-2d3s\/"},"modified":"2026-04-08T08:40:16","modified_gmt":"2026-04-08T05:40:16","slug":"vigo-boss-komoda-2d3s","status":"publish","type":"product","link":"https:\/\/baldumarket.lt\/lt\/product\/vigo-boss-komoda-2d3s\/","title":{"rendered":"VIGO BOSS komoda 2d3s"},"content":{"rendered":"<p>VIGO BOSS komoda su stal\u010diais, 2 stal\u010diais, 3 stal\u010diais, balta, blizgi<br \/>\nKomoda \u2013 b\u016btinas baldas kiekvienuose namuose. \u0160i VIGO kolekcijos komoda puikiai tinka svetainei, paauglio kambariui, miegamajam, valgomajam ar net nam\u0173 biurui. Universali balta spalva ir \u201eWotan\u201c \u0105\u017euolo stalvir\u0161is suteikia plat\u0173 dizaino variant\u0173 pasirinkim\u0105 ir leid\u017eia apstatyti beveik bet kur\u012f kambar\u012f. VIGO komoda patenkins kiekvien\u0105 modernaus stiliaus entuziast\u0105, vertinant\u012f paprastum\u0105 klasikin\u0117je aplinkoje.<br \/>\n\u017davesio ir elegancijos kupina VIGO BOSS kolekcija \u017eengia \u012f svetaines. Original\u016bs, balti, blizg\u016bs fasadai be ranken\u0117li\u0173 suteiks harmonijos bet kokiam interjerui. Plat\u016bs, nat\u016bral\u016bs stalvir\u0161iai suteiks kambariui \u017eurnalo \u012fvaizd\u012f. Leiskite mums pasir\u016bpinti j\u016bs\u0173 svetain\u0117s i\u0161vaizda su Vigo baldais. Spalva: blizgi balta \/ dirbtinio \u0105\u017euolo.<br \/>\nPriekin\u0117 dalis: MDF plok\u0161t\u0117 su blizgia PVC folija<br \/>\nKarkasai, stalvir\u0161iai: laminuota bald\u0173 plok\u0161t\u0117, ABS kra\u0161tai<br \/>\nStal\u010diai: rutuliniai guoliai, pilno i\u0161traukimo<br \/>\nSistemos apra\u0161ymas<br \/>\n\u00a0Balta spalva ir fasadai be ranken\u0117li\u0173 suteiks harmonijos bet kokiam interjerui.<br \/>\n\u00a0 Pla\u010dios, nat\u016braliai atrodan\u010dios vir\u0161utin\u0117s dalys, besit\u0119sian\u010dios iki \u012frengini\u0173 priekio, tarnauja kaip dekoratyvinis elementas.<br \/>\n\u00a0 Pla\u010dios \u0161onin\u0117s juostel\u0117s suteikia baldams solidumo.<br \/>\n\u00a0 Paprasta bald\u0173 forma su blizgiu fasad\u0173 pavir\u0161iumi \u2013 nesenstantis sprendimas.<br \/>\n\u00a0 Papildomas ap\u0161vietimas vitrinose padidina bald\u0173 patrauklum\u0105.<\/p>","protected":false},"excerpt":{"rendered":"<p>VIGO BOSS KOMODA SU STAL\u010cIAIS 2D3S BALTA BLIZG\u0116 Komoda yra b\u016btinas baldas kiekvienuose namuose. \u0160i VIGO kolekcijos komoda puikiai tinka svetainei, paauglio kambariui, miegamajam, valgomajam ar net nam\u0173 biurui. Universali balta spalva ir Wotan \u0105\u017euolo stalvir\u0161is suteikia [\u2026]<\/p>","protected":false},"featured_media":234871,"comment_status":"open","ping_status":"open","template":"","meta":[],"product_brand":[],"product_cat":[9346,1173,2970],"product_tag":[],"class_list":{"0":"post-234870","1":"product","2":"type-product","3":"status-publish","4":"has-post-thumbnail","6":"product_cat-furniture-collection-vigo-boss","7":"product_cat-chests-of-drawers","8":"product_cat-mebelbos","10":"first","11":"instock","12":"purchasable","13":"product-type-simple"},"_links":{"self":[{"href":"https:\/\/baldumarket.lt\/lt\/wp-json\/wp\/v2\/product\/234870","targetHints":{"allow":["GET"]}}],"collection":[{"href":"https:\/\/baldumarket.lt\/lt\/wp-json\/wp\/v2\/product"}],"about":[{"href":"https:\/\/baldumarket.lt\/lt\/wp-json\/wp\/v2\/types\/product"}],"replies":[{"embeddable":true,"href":"https:\/\/baldumarket.lt\/lt\/wp-json\/wp\/v2\/comments?post=234870"}],"wp:featuredmedia":[{"embeddable":true,"href":"https:\/\/baldumarket.lt\/lt\/wp-json\/wp\/v2\/media\/234871"}],"wp:attachment":[{"href":"https:\/\/baldumarket.lt\/lt\/wp-json\/wp\/v2\/media?parent=234870"}],"wp:term":[{"taxonomy":"product_brand","embeddable":true,"href":"https:\/\/baldumarket.lt\/lt\/wp-json\/wp\/v2\/product_brand?post=234870"},{"taxonomy":"product_cat","embeddable":true,"href":"https:\/\/baldumarket.lt\/lt\/wp-json\/wp\/v2\/product_cat?post=234870"},{"taxonomy":"product_tag","embeddable":true,"href":"https:\/\/baldumarket.lt\/lt\/wp-json\/wp\/v2\/product_tag?post=234870"}],"curies":[{"name":"wp","href":"https:\/\/api.w.org\/{rel}","templated":true}]}}