{"id":234868,"date":"2025-12-29T22:21:15","date_gmt":"2025-12-29T19:21:15","guid":{"rendered":"https:\/\/baldumarket.lt\/product\/vigo-boss-polka-100\/"},"modified":"2026-04-08T08:40:16","modified_gmt":"2026-04-08T05:40:16","slug":"vigo-boss-polka-100","status":"publish","type":"product","link":"https:\/\/baldumarket.lt\/lt\/product\/vigo-boss-polka-100\/","title":{"rendered":"VIGO BOSS LENTYNA 100"},"content":{"rendered":"<p>VIGO BOSS lentyna 100 balta blizgi<br \/>\n\u0160i pakabinama lentyna \u2013 puikus sprendimas norint i\u0161naudoti tu\u0161\u010di\u0105 sienos erdv\u0119. \u0160is baldas puikiai der\u0117s prie svetain\u0117s, miegamojo, prie\u0161kambario, valgomojo, paauglio ar vaik\u0173 kambario, taip pat biuro ar nam\u0173 biuro dizaino. D\u0117l dviej\u0173 spalv\u0173 derinio \u0161is baldas taip pat puikiai tinka kaip atskiras bald\u0173 i\u0161 kit\u0173 kolekcij\u0173 papildymas. Universali balta ir \u0161ilta Wotano \u0105\u017euolo atspalv\u0117 suteikia plat\u0173 dizaino variant\u0173 pasirinkim\u0105 ir leid\u017eia apstatyti beveik bet kok\u012f kambar\u012f. Pakabinama lentyna VIGO patenkins kiekvien\u0105 modernaus stiliaus gerb\u0117j\u0105, vertinant\u012f paprastum\u0105 klasikin\u0117je versijoje.<br \/>\n\u017davesio ir elegancijos kupina VIGO BOSS kolekcija \u017eengia \u012f svetaines. Original\u016bs, balti, blizg\u016bs fasadai be ranken\u0117li\u0173 suteiks interjerui harmonijos. Plat\u016bs, nat\u016bral\u016bs stalvir\u0161iai suteiks kambariui \u017eurnal\u0173 i\u0161vaizd\u0105. Leiskite mums pasir\u016bpinti j\u016bs\u0173 svetain\u0117s i\u0161vaizda su Vigo baldais. Spalva: blizgi balta \/ medien\u0105 imituojanti med\u017eio dro\u017eli\u0173 plok\u0161t\u0117.<br \/>\nSistemos apra\u0161ymas<br \/>\n\u00a0Balta spalva ir fasadai be ranken\u0117li\u0173 suteikia harmonijos bet kokiam interjerui.<br \/>\n\u00a0 Plat\u016bs, nat\u016bral\u016bs stalvir\u0161iai, besit\u0119siantys iki bald\u0173 priekio, tarnauja kaip dekoratyvinis elementas.<br \/>\n\u00a0 Plat\u016bs \u0161oniniai apvadai suteikia baldams solidumo.<br \/>\n\u00a0 Paprasta bald\u0173 forma su blizgiu fasad\u0173 pavir\u0161iumi \u2013 nesenstantis sprendimas.<br \/>\n\u00a0 Papildomas ap\u0161vietimas vitrinose padidina bald\u0173 patrauklum\u0105.<\/p>","protected":false},"excerpt":{"rendered":"<p>Kolekcija: VIGO<br \/>\nPlotis cm: 100<br \/>\nAuk\u0161tis cm: 21<br \/>\nGylis cm: 20<\/p>","protected":false},"featured_media":234869,"comment_status":"open","ping_status":"open","template":"","meta":[],"product_brand":[],"product_cat":[9346,1174,2970],"product_tag":[],"class_list":{"0":"post-234868","1":"product","2":"type-product","3":"status-publish","4":"has-post-thumbnail","6":"product_cat-furniture-collection-vigo-boss","7":"product_cat-hanging-shelves","8":"product_cat-mebelbos","10":"first","11":"instock","12":"purchasable","13":"product-type-simple"},"_links":{"self":[{"href":"https:\/\/baldumarket.lt\/lt\/wp-json\/wp\/v2\/product\/234868","targetHints":{"allow":["GET"]}}],"collection":[{"href":"https:\/\/baldumarket.lt\/lt\/wp-json\/wp\/v2\/product"}],"about":[{"href":"https:\/\/baldumarket.lt\/lt\/wp-json\/wp\/v2\/types\/product"}],"replies":[{"embeddable":true,"href":"https:\/\/baldumarket.lt\/lt\/wp-json\/wp\/v2\/comments?post=234868"}],"wp:featuredmedia":[{"embeddable":true,"href":"https:\/\/baldumarket.lt\/lt\/wp-json\/wp\/v2\/media\/234869"}],"wp:attachment":[{"href":"https:\/\/baldumarket.lt\/lt\/wp-json\/wp\/v2\/media?parent=234868"}],"wp:term":[{"taxonomy":"product_brand","embeddable":true,"href":"https:\/\/baldumarket.lt\/lt\/wp-json\/wp\/v2\/product_brand?post=234868"},{"taxonomy":"product_cat","embeddable":true,"href":"https:\/\/baldumarket.lt\/lt\/wp-json\/wp\/v2\/product_cat?post=234868"},{"taxonomy":"product_tag","embeddable":true,"href":"https:\/\/baldumarket.lt\/lt\/wp-json\/wp\/v2\/product_tag?post=234868"}],"curies":[{"name":"wp","href":"https:\/\/api.w.org\/{rel}","templated":true}]}}