{"id":234864,"date":"2025-12-29T22:21:07","date_gmt":"2025-12-29T19:21:07","guid":{"rendered":"https:\/\/baldumarket.lt\/product\/vigo-boss-polka-150\/"},"modified":"2026-04-08T08:40:16","modified_gmt":"2026-04-08T05:40:16","slug":"vigo-boss-polka-150","status":"publish","type":"product","link":"https:\/\/baldumarket.lt\/lt\/product\/vigo-boss-polka-150\/","title":{"rendered":"VIGO BOSS LENTYNA 150"},"content":{"rendered":"<p>VIGO BOSS lentyna 150 balta\/\u0105\u017euolo imitacija<br \/>\n\u0160i funkcionali lentyna \u2013 puikus sprendimas norint i\u0161naudoti tu\u0161\u010di\u0105 sien\u0173 erdv\u0119. Ji puikiai tiks svetain\u0117se, koridoriuose, darbo kambariuose, paaugli\u0173 ir vaik\u0173 kambariuose ir net nam\u0173 biuruose. D\u0117l spalv\u0173 derinio ji taip pat puikiai dera kaip atskiras priedas prie kit\u0173 kolekcij\u0173. VIGO bald\u0173 kolekcija patenkins visus, kurie vertina nepriekai\u0161ting\u0105 paprastum\u0105 modernioje aplinkoje. Klasikin\u0117 kolekcijos forma, universalios baltos spalvos su Wotan \u0105\u017euolo akcentais, si\u016blo plat\u0173 bald\u0173 pasirinkimo pasirinkim\u0105 beveik bet kuriam j\u016bs\u0173 nam\u0173 kambariui.<br \/>\nSpalva: blizgi balta \/ \u0105\u017euolo imitacijos lenta<br \/>\nSistemos apra\u0161ymas<br \/>\n\u00a0Balta spalva ir fasadai be ranken\u0117li\u0173 suteikia harmonijos bet kokiam interjerui.<br \/>\n\u00a0 Pla\u010dios, nat\u016bralios vir\u0161utin\u0117s dalys priekin\u0117je dalyje tarnauja kaip dekoratyviniai elementai.<br \/>\n\u00a0 Pla\u010dios \u0161onin\u0117s apdailos suteikia baldams solidumo. Paprasta \u0161io baldo forma su blizgiais fasadais yra nesenstantis sprendimas.<br \/>\nPapildomas ap\u0161vietimas vitrinose padidina bald\u0173 patrauklum\u0105.<\/p>","protected":false},"excerpt":{"rendered":"<p>Kolekcija: VIGO<br \/>\nPlotis cm: 150<br \/>\nAuk\u0161tis cm: 21<br \/>\nGylis cm: 20<\/p>","protected":false},"featured_media":234865,"comment_status":"open","ping_status":"open","template":"","meta":[],"product_brand":[],"product_cat":[9346,1174,2970],"product_tag":[],"class_list":{"0":"post-234864","1":"product","2":"type-product","3":"status-publish","4":"has-post-thumbnail","6":"product_cat-furniture-collection-vigo-boss","7":"product_cat-hanging-shelves","8":"product_cat-mebelbos","10":"first","11":"instock","12":"purchasable","13":"product-type-simple"},"_links":{"self":[{"href":"https:\/\/baldumarket.lt\/lt\/wp-json\/wp\/v2\/product\/234864","targetHints":{"allow":["GET"]}}],"collection":[{"href":"https:\/\/baldumarket.lt\/lt\/wp-json\/wp\/v2\/product"}],"about":[{"href":"https:\/\/baldumarket.lt\/lt\/wp-json\/wp\/v2\/types\/product"}],"replies":[{"embeddable":true,"href":"https:\/\/baldumarket.lt\/lt\/wp-json\/wp\/v2\/comments?post=234864"}],"wp:featuredmedia":[{"embeddable":true,"href":"https:\/\/baldumarket.lt\/lt\/wp-json\/wp\/v2\/media\/234865"}],"wp:attachment":[{"href":"https:\/\/baldumarket.lt\/lt\/wp-json\/wp\/v2\/media?parent=234864"}],"wp:term":[{"taxonomy":"product_brand","embeddable":true,"href":"https:\/\/baldumarket.lt\/lt\/wp-json\/wp\/v2\/product_brand?post=234864"},{"taxonomy":"product_cat","embeddable":true,"href":"https:\/\/baldumarket.lt\/lt\/wp-json\/wp\/v2\/product_cat?post=234864"},{"taxonomy":"product_tag","embeddable":true,"href":"https:\/\/baldumarket.lt\/lt\/wp-json\/wp\/v2\/product_tag?post=234864"}],"curies":[{"name":"wp","href":"https:\/\/api.w.org\/{rel}","templated":true}]}}