{"id":234859,"date":"2025-12-29T22:20:59","date_gmt":"2025-12-29T19:20:59","guid":{"rendered":"https:\/\/baldumarket.lt\/product\/vigo-boss-regal-niski-2d\/"},"modified":"2026-04-08T08:40:16","modified_gmt":"2026-04-08T05:40:16","slug":"vigo-boss-regal-niski-2d","status":"publish","type":"product","link":"https:\/\/baldumarket.lt\/lt\/product\/vigo-boss-regal-niski-2d\/","title":{"rendered":"VIGO BOSS \u017dEM\u0116S LENTYNOS 2D"},"content":{"rendered":"<p>VIGO BOSS \u017dEMA 2D LENTYNA<br \/>\n\u0160i lentyn\u0173 sistema yra daugiafunkcis baldas, galintis tapti patogia knyg\u0173 lentyna, \u012fdomi\u0173 dekoracij\u0173 vieta ar biuro dokument\u0173 laikymui skirta vieta. \u0160i balta lentyn\u0173 sistema su \u201eWotan\u201c \u0105\u017euolo stalvir\u0161iu turi atviras ir u\u017edaras lentynas, tod\u0117l puikiai tinka svetain\u0117ms, koridoriams, darbo kambariams, paaugli\u0173 ir vaik\u0173 kambariams bei net nam\u0173 biurams. \u201eVIGO\u201c bald\u0173 kolekcija patenkins visus, kurie vertina nepriekai\u0161ting\u0105 paprastum\u0105 modernioje aplinkoje. Klasikin\u0117 kolekcijos forma, universalios baltos spalvos su \u201eWotan\u201c \u0105\u017euolo akcentais, si\u016blo plat\u0173 bald\u0173 pasirinkimo pasirinkim\u0105 beveik bet kuriai j\u016bs\u0173 nam\u0173 patalpai.<br \/>\n\u017davesio ir elegancijos kupina VIGO BOSS kolekcija \u017eengia \u012f svetaines. Original\u016bs, balti, blizg\u016bs fasadai be ranken\u0117li\u0173 suteiks interjerui harmonijos. Plat\u016bs, nat\u016bral\u016bs stalvir\u0161iai suteiks kambariui \u017eurnal\u0173 i\u0161vaizd\u0105. Leiskite mums pasir\u016bpinti j\u016bs\u0173 svetain\u0117s i\u0161vaizda su Vigo baldais. Spalva: blizgi balta<br \/>\nPriekin\u0117 dalis: MDF plok\u0161t\u0117 su blizgia PVC folija<br \/>\nKarkasai, stalvir\u0161iai: laminuota bald\u0173 plok\u0161t\u0117, ABS kra\u0161tai<br \/>\nStal\u010diai: rutuliniai guoliai, pilno i\u0161traukimo<br \/>\nSistemos apra\u0161ymas<br \/>\n\u00a0Balta spalva ir fasadai be ranken\u0117li\u0173 suteiks harmonijos bet kokiam interjerui.<br \/>\n\u00a0 Pla\u010dios, nat\u016bralios vir\u0161utin\u0117s dalys, besit\u0119sian\u010dios iki \u012frengini\u0173 priekio, tarnauja kaip dekoratyvinis elementas.<br \/>\n\u00a0 Pla\u010dios \u0161onin\u0117s juostel\u0117s suteikia baldams solidumo.<br \/>\n\u00a0 Paprasta bald\u0173 forma su blizgiu fasad\u0173 pavir\u0161iumi \u2013 nesenstantis sprendimas.<br \/>\n\u00a0 Papildomas ap\u0161vietimas vitrinose padidina bald\u0173 patrauklum\u0105.<\/p>","protected":false},"excerpt":{"rendered":"<p>Kolekcija: VIGO<br \/>\nPlotis cm: 98<br \/>\n\u016agis cm: 156,5<br \/>\nGylis cm: 41,5<br \/>\nDur\u0173 skai\u010dius: 2<\/p>","protected":false},"featured_media":234860,"comment_status":"open","ping_status":"open","template":"","meta":[],"product_brand":[],"product_cat":[9346,1173,2970],"product_tag":[],"class_list":{"0":"post-234859","1":"product","2":"type-product","3":"status-publish","4":"has-post-thumbnail","6":"product_cat-furniture-collection-vigo-boss","7":"product_cat-chests-of-drawers","8":"product_cat-mebelbos","10":"first","11":"instock","12":"purchasable","13":"product-type-simple"},"_links":{"self":[{"href":"https:\/\/baldumarket.lt\/lt\/wp-json\/wp\/v2\/product\/234859","targetHints":{"allow":["GET"]}}],"collection":[{"href":"https:\/\/baldumarket.lt\/lt\/wp-json\/wp\/v2\/product"}],"about":[{"href":"https:\/\/baldumarket.lt\/lt\/wp-json\/wp\/v2\/types\/product"}],"replies":[{"embeddable":true,"href":"https:\/\/baldumarket.lt\/lt\/wp-json\/wp\/v2\/comments?post=234859"}],"wp:featuredmedia":[{"embeddable":true,"href":"https:\/\/baldumarket.lt\/lt\/wp-json\/wp\/v2\/media\/234860"}],"wp:attachment":[{"href":"https:\/\/baldumarket.lt\/lt\/wp-json\/wp\/v2\/media?parent=234859"}],"wp:term":[{"taxonomy":"product_brand","embeddable":true,"href":"https:\/\/baldumarket.lt\/lt\/wp-json\/wp\/v2\/product_brand?post=234859"},{"taxonomy":"product_cat","embeddable":true,"href":"https:\/\/baldumarket.lt\/lt\/wp-json\/wp\/v2\/product_cat?post=234859"},{"taxonomy":"product_tag","embeddable":true,"href":"https:\/\/baldumarket.lt\/lt\/wp-json\/wp\/v2\/product_tag?post=234859"}],"curies":[{"name":"wp","href":"https:\/\/api.w.org\/{rel}","templated":true}]}}