{"id":234854,"date":"2025-12-29T22:20:51","date_gmt":"2025-12-29T19:20:51","guid":{"rendered":"https:\/\/baldumarket.lt\/product\/vigo-boss-regal-otwarty1d1s\/"},"modified":"2026-04-08T08:40:16","modified_gmt":"2026-04-08T05:40:16","slug":"vigo-boss-regal-otwarty1d1s","status":"publish","type":"product","link":"https:\/\/baldumarket.lt\/lt\/product\/vigo-boss-regal-otwarty1d1s\/","title":{"rendered":"VIGO BOSS ATVIROS LENTYNOS 1D1S"},"content":{"rendered":"<p>VIGO BOSS ATVIRA LENTYNA, 1 D, 1 S, BALTA, BLIZGI<br \/>\n\u0160i lentyn\u0173 sistema yra funkcionalus baldas, skirtas \u012fvairiems daiktams laikyti. J\u0105 galima naudoti kaip knyg\u0173 lentyn\u0105, verting\u0173 dekoracij\u0173 ir suvenyr\u0173 viet\u0105 arba kaip viet\u0105 dokumentams ir biuro reikmenims. \u2019VIGO\u201c lentyn\u0173 sistemoje yra tiek atviros lentynos, tiek lentynos, pasl\u0117ptos u\u017e u\u017edar\u0173 durel\u0117mis, taip pat stal\u010dius, u\u017etikrinantis daug vietos daiktams susid\u0117ti. Universali balta apdaila ir \u201eWotan\u201c \u0105\u017euolo stalvir\u0161is daro \u0161\u012f bald\u0105 puikiu papildymu svetain\u0117se, paaugli\u0173 ir vaik\u0173 kambariuose, koridoriuose, valgomuosiuose ir net nam\u0173 biuruose. \u201eVIGO\u201c lentyn\u0173 sistema patenkins kiekvien\u0105 modernaus stiliaus entuziast\u0105, vertinant\u012f klasikin\u012f paprastum\u0105.<br \/>\n\u017davesio ir elegancijos kupina VIGO BOSS kolekcija \u017eengia \u012f svetaines. Original\u016bs, balti, blizg\u016bs fasadai be ranken\u0117li\u0173 suteiks harmonijos bet kokiam interjerui. Plat\u016bs, nat\u016bral\u016bs stalvir\u0161iai suteiks kambariui \u017eurnal\u0173 i\u0161vaizd\u0105. Leiskite mums pasir\u016bpinti j\u016bs\u0173 svetain\u0117s i\u0161vaizda su Vigo baldais.<br \/>\nSpalva: Blizgi balta<br \/>\nPriekin\u0117 dalis: MDF plok\u0161t\u0117 su blizgia PVC folija<br \/>\nKarkasai, stalvir\u0161iai: laminuota bald\u0173 plok\u0161t\u0117, ABS kra\u0161tai<br \/>\nStal\u010diai: rutuliniai guoliai, pilno i\u0161traukimo<br \/>\nSistemos apra\u0161ymas<br \/>\n\u00a0Balta spalva ir fasadai be ranken\u0117li\u0173 suteiks harmonijos j\u016bs\u0173 interjerui.<br \/>\n\u00a0 Pla\u010dios, nat\u016braliai atrodan\u010dios vir\u0161utin\u0117s dalys, besit\u0119sian\u010dios iki \u012frengini\u0173 priekio, tarnauja kaip dekoratyvinis elementas.<br \/>\n\u00a0 Pla\u010dios \u0161onin\u0117s juostel\u0117s suteikia baldams solidumo.<br \/>\n\u00a0 Paprasta bald\u0173 forma su blizgiu fasad\u0173 pavir\u0161iumi \u2013 nesenstantis sprendimas.<br \/>\n\u00a0 Papildomas ap\u0161vietimas vitrinose padidina bald\u0173 patrauklum\u0105.<\/p>","protected":false},"excerpt":{"rendered":"<p>Kolekcija: VIGO<br \/>\nPlotis cm: 68<br \/>\n\u016agis cm: 202<br \/>\nGylis cm: 41,5<br \/>\nDur\u0173 skai\u010dius: 1<br \/>\nStal\u010di\u0173 skai\u010dius: 1<\/p>","protected":false},"featured_media":234855,"comment_status":"open","ping_status":"open","template":"","meta":[],"product_brand":[],"product_cat":[9346,2970,2006],"product_tag":[],"class_list":{"0":"post-234854","1":"product","2":"type-product","3":"status-publish","4":"has-post-thumbnail","6":"product_cat-furniture-collection-vigo-boss","7":"product_cat-mebelbos","8":"product_cat-vitrines","10":"first","11":"instock","12":"purchasable","13":"product-type-simple"},"_links":{"self":[{"href":"https:\/\/baldumarket.lt\/lt\/wp-json\/wp\/v2\/product\/234854","targetHints":{"allow":["GET"]}}],"collection":[{"href":"https:\/\/baldumarket.lt\/lt\/wp-json\/wp\/v2\/product"}],"about":[{"href":"https:\/\/baldumarket.lt\/lt\/wp-json\/wp\/v2\/types\/product"}],"replies":[{"embeddable":true,"href":"https:\/\/baldumarket.lt\/lt\/wp-json\/wp\/v2\/comments?post=234854"}],"wp:featuredmedia":[{"embeddable":true,"href":"https:\/\/baldumarket.lt\/lt\/wp-json\/wp\/v2\/media\/234855"}],"wp:attachment":[{"href":"https:\/\/baldumarket.lt\/lt\/wp-json\/wp\/v2\/media?parent=234854"}],"wp:term":[{"taxonomy":"product_brand","embeddable":true,"href":"https:\/\/baldumarket.lt\/lt\/wp-json\/wp\/v2\/product_brand?post=234854"},{"taxonomy":"product_cat","embeddable":true,"href":"https:\/\/baldumarket.lt\/lt\/wp-json\/wp\/v2\/product_cat?post=234854"},{"taxonomy":"product_tag","embeddable":true,"href":"https:\/\/baldumarket.lt\/lt\/wp-json\/wp\/v2\/product_tag?post=234854"}],"curies":[{"name":"wp","href":"https:\/\/api.w.org\/{rel}","templated":true}]}}