{"id":234850,"date":"2025-12-29T22:20:42","date_gmt":"2025-12-29T19:20:42","guid":{"rendered":"https:\/\/baldumarket.lt\/product\/vigo-boss-regal-wiszacy-160\/"},"modified":"2026-04-08T08:40:16","modified_gmt":"2026-04-08T05:40:16","slug":"vigo-boss-regal-wiszacy-160","status":"publish","type":"product","link":"https:\/\/baldumarket.lt\/lt\/product\/vigo-boss-regal-wiszacy-160\/","title":{"rendered":"VIGO BOSS PAKABINAMA LENTYNA 160"},"content":{"rendered":"<p>VIGO BOSS SIENIN\u0116 LENTYNA 160 COLI\u0172 BALTA BLIZG\u0116<br \/>\n\u0160i prie sienos pakabinama lentyna yra funkcionalus baldas, skirtas \u012fvairiems daiktams laikyti. J\u0105 galima naudoti kaip knyg\u0173 lentyn\u0105, verting\u0173 dekoracij\u0173 ir atminimo dovan\u0117li\u0173 viet\u0105 arba kaip viet\u0105 dokumentams ir biuro reikmenims. VIGO prie sienos pakabinama lentyna turi atviras lentynas, kuriose yra daug vietos daiktams susid\u0117ti. Universali balta apdaila ir \u2019Wotan\u201c \u0105\u017euolo stalvir\u0161is daro \u0161\u012f bald\u0105 puikiai tinkant\u012f svetain\u0117ms, paaugli\u0173 ir vaik\u0173 kambariams, koridoriams, valgomiesiems ir net nam\u0173 biurams. VIGO knyg\u0173 lentyna patenkins kiekvien\u0105 modernaus stiliaus gerb\u0117j\u0105, vertinant\u012f klasikin\u012f paprastum\u0105.<br \/>\n\u017davesio ir elegancijos kupina VIGO BOSS kolekcija \u017eengia \u012f svetaines. Original\u016bs, balti, blizg\u016bs fasadai be ranken\u0117li\u0173 suteiks harmonijos bet kokiam interjerui. Plat\u016bs, nat\u016bral\u016bs stalvir\u0161iai suteiks kambariui \u017eurnal\u0173 i\u0161vaizd\u0105. Leiskite mums pasir\u016bpinti j\u016bs\u0173 svetain\u0117s i\u0161vaizda su Vigo baldais.<br \/>\nSpalva: Blizgi balta \/ medienos imitacijos dro\u017eli\u0173 plok\u0161t\u0117<br \/>\nSistemos apra\u0161ymas<br \/>\n\u00a0Balta spalva ir fasadai be ranken\u0117li\u0173 suteiks harmonijos j\u016bs\u0173 interjerui.<br \/>\n\u00a0 Plat\u016bs, nat\u016bral\u016bs stalvir\u0161iai, besit\u0119siantys iki bald\u0173 priekio, tarnauja kaip dekoratyvinis elementas.<br \/>\n\u00a0 Plat\u016bs \u0161oniniai apvadai suteikia baldams solidumo.<br \/>\n\u00a0 Paprasta bald\u0173 forma su blizgiu fasad\u0173 pavir\u0161iumi \u2013 nesenstantis sprendimas.<br \/>\n\u00a0 Papildomas ap\u0161vietimas vitrinose padidina bald\u0173 patrauklum\u0105.<\/p>","protected":false},"excerpt":{"rendered":"<p>Kolekcija: VIGO<br \/>\nPlotis cm: 156<br \/>\nAuk\u0161tis cm: 40<br \/>\nGylis cm: 32<\/p>","protected":false},"featured_media":234851,"comment_status":"open","ping_status":"open","template":"","meta":[],"product_brand":[],"product_cat":[9346,1174,2970],"product_tag":[],"class_list":{"0":"post-234850","1":"product","2":"type-product","3":"status-publish","4":"has-post-thumbnail","6":"product_cat-furniture-collection-vigo-boss","7":"product_cat-hanging-shelves","8":"product_cat-mebelbos","10":"first","11":"instock","12":"purchasable","13":"product-type-simple"},"_links":{"self":[{"href":"https:\/\/baldumarket.lt\/lt\/wp-json\/wp\/v2\/product\/234850","targetHints":{"allow":["GET"]}}],"collection":[{"href":"https:\/\/baldumarket.lt\/lt\/wp-json\/wp\/v2\/product"}],"about":[{"href":"https:\/\/baldumarket.lt\/lt\/wp-json\/wp\/v2\/types\/product"}],"replies":[{"embeddable":true,"href":"https:\/\/baldumarket.lt\/lt\/wp-json\/wp\/v2\/comments?post=234850"}],"wp:featuredmedia":[{"embeddable":true,"href":"https:\/\/baldumarket.lt\/lt\/wp-json\/wp\/v2\/media\/234851"}],"wp:attachment":[{"href":"https:\/\/baldumarket.lt\/lt\/wp-json\/wp\/v2\/media?parent=234850"}],"wp:term":[{"taxonomy":"product_brand","embeddable":true,"href":"https:\/\/baldumarket.lt\/lt\/wp-json\/wp\/v2\/product_brand?post=234850"},{"taxonomy":"product_cat","embeddable":true,"href":"https:\/\/baldumarket.lt\/lt\/wp-json\/wp\/v2\/product_cat?post=234850"},{"taxonomy":"product_tag","embeddable":true,"href":"https:\/\/baldumarket.lt\/lt\/wp-json\/wp\/v2\/product_tag?post=234850"}],"curies":[{"name":"wp","href":"https:\/\/api.w.org\/{rel}","templated":true}]}}