{"id":234846,"date":"2025-12-29T22:20:33","date_gmt":"2025-12-29T19:20:33","guid":{"rendered":"https:\/\/baldumarket.lt\/product\/vigo-boss-stol-rozkladany-135-184\/"},"modified":"2026-04-08T08:40:16","modified_gmt":"2026-04-08T05:40:16","slug":"vigo-boss-stol-rozkladany-135-184","status":"publish","type":"product","link":"https:\/\/baldumarket.lt\/lt\/product\/vigo-boss-stol-rozkladany-135-184\/","title":{"rendered":"VIGO BOSS I\u0160PL\u0116STAMAS STALAS 135\/184"},"content":{"rendered":"<p>VIGO BOSS I\u0160PL\u0116STAMAS STALAS 135\/184<br \/>\nCentrinis ir svarbiausias valgomojo baldas yra stalas. Ant jo leid\u017eiame laik\u0105 su artimaisiais ir \u0161ven\u010diame \u012fvairias progas. VIGO i\u0161traukiamas stalas suteikia erdv\u0117s visiems j\u016bs\u0173 sve\u010diams. Universali balta apdaila ir \u201eWotan\u201c \u0105\u017euolo stalvir\u0161is paver\u010dia \u0161\u012f bald\u0105 puikiu bet kurio valgomojo ar svetain\u0117s akcentu. Jis taip pat puikiai dera su baldais i\u0161 kit\u0173 kolekcij\u0173. VIGO i\u0161traukiamas stalas patenkins kiekvien\u0105 modernaus stiliaus gerb\u0117j\u0105, vertinant\u012f paprastum\u0105 klasikin\u0117je aplinkoje.<br \/>\n\u017davesio ir elegancijos kupina VIGO BOSS kolekcija \u017eengia \u012f svetaines. Original\u016bs, balti, blizg\u016bs fasadai be ranken\u0117li\u0173 suteiks interjerui harmonijos. Plat\u016bs, nat\u016bral\u016bs stalvir\u0161iai suteiks kambariui \u017eurnal\u0173 i\u0161vaizd\u0105. Leiskite mums pasir\u016bpinti j\u016bs\u0173 svetain\u0117s i\u0161vaizda su Vigo baldais. Spalva: blizgi balta \/ \u0105\u017euolo imitacijos plok\u0161t\u0117s.<br \/>\nSistemos apra\u0161ymas<br \/>\n\u00a0Balta spalva ir fasadai be ranken\u0117li\u0173 suteikia harmonijos bet kokiam interjerui.<br \/>\n\u00a0 Plat\u016bs, nat\u016bral\u016bs stalvir\u0161iai, besit\u0119siantys iki bald\u0173 priekio, tarnauja kaip dekoratyvinis elementas.<br \/>\n\u00a0 Plat\u016bs \u0161oniniai apvadai suteikia baldams solidumo.<br \/>\n\u00a0 Paprasta bald\u0173 forma su blizgiu fasad\u0173 pavir\u0161iumi \u2013 nesenstantis sprendimas.<br \/>\n\u00a0 Papildomas ap\u0161vietimas vitrinose padidina bald\u0173 patrauklum\u0105.<\/p>","protected":false},"excerpt":{"rendered":"<p>\u016agis cm: 78<br \/>\nPlotis cm: 135\u2013184<br \/>\nGylis cm: 86<br \/>\nForma: Sta\u010diakamp\u0117<br \/>\nI\u0161traukiamas: Taip<br \/>\n\u012ed\u0117kl\u0173 skai\u010dius: 1<\/p>","protected":false},"featured_media":234847,"comment_status":"open","ping_status":"open","template":"","meta":[],"product_brand":[],"product_cat":[9346,2970,1934],"product_tag":[],"class_list":{"0":"post-234846","1":"product","2":"type-product","3":"status-publish","4":"has-post-thumbnail","6":"product_cat-furniture-collection-vigo-boss","7":"product_cat-mebelbos","8":"product_cat-tables","10":"first","11":"instock","12":"purchasable","13":"product-type-simple"},"_links":{"self":[{"href":"https:\/\/baldumarket.lt\/lt\/wp-json\/wp\/v2\/product\/234846","targetHints":{"allow":["GET"]}}],"collection":[{"href":"https:\/\/baldumarket.lt\/lt\/wp-json\/wp\/v2\/product"}],"about":[{"href":"https:\/\/baldumarket.lt\/lt\/wp-json\/wp\/v2\/types\/product"}],"replies":[{"embeddable":true,"href":"https:\/\/baldumarket.lt\/lt\/wp-json\/wp\/v2\/comments?post=234846"}],"wp:featuredmedia":[{"embeddable":true,"href":"https:\/\/baldumarket.lt\/lt\/wp-json\/wp\/v2\/media\/234847"}],"wp:attachment":[{"href":"https:\/\/baldumarket.lt\/lt\/wp-json\/wp\/v2\/media?parent=234846"}],"wp:term":[{"taxonomy":"product_brand","embeddable":true,"href":"https:\/\/baldumarket.lt\/lt\/wp-json\/wp\/v2\/product_brand?post=234846"},{"taxonomy":"product_cat","embeddable":true,"href":"https:\/\/baldumarket.lt\/lt\/wp-json\/wp\/v2\/product_cat?post=234846"},{"taxonomy":"product_tag","embeddable":true,"href":"https:\/\/baldumarket.lt\/lt\/wp-json\/wp\/v2\/product_tag?post=234846"}],"curies":[{"name":"wp","href":"https:\/\/api.w.org\/{rel}","templated":true}]}}