{"id":234842,"date":"2025-12-29T22:20:25","date_gmt":"2025-12-29T19:20:25","guid":{"rendered":"https:\/\/baldumarket.lt\/product\/vigo-boss-szafa-4d\/"},"modified":"2026-04-08T08:40:16","modified_gmt":"2026-04-08T05:40:16","slug":"vigo-boss-szafa-4d","status":"publish","type":"product","link":"https:\/\/baldumarket.lt\/lt\/product\/vigo-boss-szafa-4d\/","title":{"rendered":"VIGO BOSS DRABU\u017dIN\u0116 4D"},"content":{"rendered":"<p>VIGO BOSS 4 STAL\u010cI\u0172 Spinta<br \/>\nDidel\u0117, erdvi spinta yra b\u016btina miegamajam, paauglio kambariui, vaik\u0173 kambariui ar persirengimo kambariui. Be pakankamai vietos drabu\u017eiams pakabinti, \u0161i VIGO spinta taip pat turi papildomas lentynas, apsuptas balt\u0173 fasad\u0173. \u0160is baltas baldas su Wotan \u0105\u017euolo stalvir\u0161iu puikiai tiks ir kaip atskiras priedas prie kit\u0173 kolekcij\u0173. VIGO bald\u0173 kolekcija patenkins visus, kurie vertina nepriekai\u0161ting\u0105 paprastum\u0105 modernioje aplinkoje. Klasikin\u0117 kolekcijos forma, universalios baltos spalvos su Wotan \u0105\u017euolo akcentais, si\u016blo plat\u0173 bald\u0173 pasirinkimo pasirinkim\u0105 beveik bet kuriam j\u016bs\u0173 nam\u0173 kambariui.<br \/>\nSpalva: Blizgi balta \/ \u0105\u017euolo medienos imitacijos lenta<br \/>\nSistemos apra\u0161ymas<br \/>\n\u00a0Balta spalva ir fasadai be ranken\u0117li\u0173 suteikia harmonijos bet kokiam interjerui.<br \/>\n\u00a0 Pla\u010dios, nat\u016bralios vir\u0161utin\u0117s dalys priekin\u0117je dalyje tarnauja kaip dekoratyvinis elementas.<br \/>\n\u00a0Plat\u016bs \u0161oniniai apvadai suteikia baldams solidumo.<br \/>\n\u00a0 Paprasta bald\u0173 forma su blizgiais fasadais yra nesenstantis sprendimas.<br \/>\nPapildomas ap\u0161vietimas vitrinose padidina bald\u0173 patrauklum\u0105.<\/p>","protected":false},"excerpt":{"rendered":"<p>\u016agis cm: 202<br \/>\nPlotis cm: 106<br \/>\nGylis cm: 56<br \/>\nDur\u0173 tipas: Atidaromos<br \/>\nDur\u0173 skai\u010dius: 4<br \/>\nVeidrod\u017eiai: Ne<\/p>","protected":false},"featured_media":234843,"comment_status":"open","ping_status":"open","template":"","meta":[],"product_brand":[],"product_cat":[9346,2970,1177],"product_tag":[],"class_list":{"0":"post-234842","1":"product","2":"type-product","3":"status-publish","4":"has-post-thumbnail","6":"product_cat-furniture-collection-vigo-boss","7":"product_cat-mebelbos","8":"product_cat-wardrobes","10":"first","11":"instock","12":"purchasable","13":"product-type-simple"},"_links":{"self":[{"href":"https:\/\/baldumarket.lt\/lt\/wp-json\/wp\/v2\/product\/234842","targetHints":{"allow":["GET"]}}],"collection":[{"href":"https:\/\/baldumarket.lt\/lt\/wp-json\/wp\/v2\/product"}],"about":[{"href":"https:\/\/baldumarket.lt\/lt\/wp-json\/wp\/v2\/types\/product"}],"replies":[{"embeddable":true,"href":"https:\/\/baldumarket.lt\/lt\/wp-json\/wp\/v2\/comments?post=234842"}],"wp:featuredmedia":[{"embeddable":true,"href":"https:\/\/baldumarket.lt\/lt\/wp-json\/wp\/v2\/media\/234843"}],"wp:attachment":[{"href":"https:\/\/baldumarket.lt\/lt\/wp-json\/wp\/v2\/media?parent=234842"}],"wp:term":[{"taxonomy":"product_brand","embeddable":true,"href":"https:\/\/baldumarket.lt\/lt\/wp-json\/wp\/v2\/product_brand?post=234842"},{"taxonomy":"product_cat","embeddable":true,"href":"https:\/\/baldumarket.lt\/lt\/wp-json\/wp\/v2\/product_cat?post=234842"},{"taxonomy":"product_tag","embeddable":true,"href":"https:\/\/baldumarket.lt\/lt\/wp-json\/wp\/v2\/product_tag?post=234842"}],"curies":[{"name":"wp","href":"https:\/\/api.w.org\/{rel}","templated":true}]}}