{"id":234837,"date":"2025-12-29T22:20:17","date_gmt":"2025-12-29T19:20:17","guid":{"rendered":"https:\/\/baldumarket.lt\/product\/vigo-boss-szafa-z-lustrem-5d\/"},"modified":"2026-04-08T08:40:06","modified_gmt":"2026-04-08T05:40:06","slug":"vigo-boss-szafa-z-lustrem-5d","status":"publish","type":"product","link":"https:\/\/baldumarket.lt\/lt\/product\/vigo-boss-szafa-z-lustrem-5d\/","title":{"rendered":"VIGO BOSS spinta su 5D veidrod\u017eiu"},"content":{"rendered":"<p>VIGO BOSS spinta su 5D veidrod\u017eiu<br \/>\nDidel\u0117, erdvi spinta yra b\u016btina miegamajam, paauglio kambariui, vaik\u0173 kambariui ar persirengimo kambariui. Be pakankamai vietos drabu\u017eiams pakabinti, \u0161i VIGO kolekcijos spinta taip pat turi papildomas lentynas su baltais fasadais ir veidrod\u012f. \u0160is baltas baldas su Wotan \u0105\u017euolo stalvir\u0161iu puikiai tiks ir kaip atskiras priedas prie kit\u0173 kolekcij\u0173. VIGO bald\u0173 kolekcija patenkins visus, kurie vertina nepriekai\u0161ting\u0105 paprastum\u0105 modernioje aplinkoje. Klasikin\u0117 kolekcijos forma, universalios baltos spalvos su Wotan \u0105\u017euolo akcentais, si\u016blo plat\u0173 bald\u0173 pasirinkimo pasirinkim\u0105 beveik bet kuriam j\u016bs\u0173 nam\u0173 kambariui.<br \/>\n\u201eVigo\u201c kolekcijos miegamojo dekoro elementai suteiks jums daug erdv\u0117s, b\u016btinos funkcionaliems ir moderniems namams.<br \/>\nSpalva: Blizgi balta \/ \u0105\u017euolo medienos imitacijos lenta<br \/>\nSistemos apra\u0161ymas<br \/>\nBalta spalva ir fasadai be ranken\u0117li\u0173 suteiks harmonijos bet kokiam interjerui. Plat\u016bs, nat\u016bral\u016bs stalvir\u0161iai, besit\u0119siantys iki spinteli\u0173 priekio, atlieka dekoratyvin\u0119 funkcij\u0105. Pla\u010dios \u0161onin\u0117s juostos suteikia baldams solidumo. Paprasta bald\u0173 forma su blizgiais priekiniais pavir\u0161iais yra nesenstantis sprendimas.<\/p>","protected":false},"excerpt":{"rendered":"<p>\u016agis cm: 202<br \/>\nPlotis cm: 151<br \/>\nGylis cm: 56<br \/>\nDur\u0173 tipas: Atidaromos<br \/>\nDur\u0173 skai\u010dius: 5<br \/>\nVeidrod\u017eiai: Taip<\/p>","protected":false},"featured_media":234838,"comment_status":"open","ping_status":"open","template":"","meta":[],"product_brand":[],"product_cat":[9346,2970,1177],"product_tag":[],"class_list":{"0":"post-234837","1":"product","2":"type-product","3":"status-publish","4":"has-post-thumbnail","6":"product_cat-furniture-collection-vigo-boss","7":"product_cat-mebelbos","8":"product_cat-wardrobes","10":"first","11":"instock","12":"purchasable","13":"product-type-simple"},"_links":{"self":[{"href":"https:\/\/baldumarket.lt\/lt\/wp-json\/wp\/v2\/product\/234837","targetHints":{"allow":["GET"]}}],"collection":[{"href":"https:\/\/baldumarket.lt\/lt\/wp-json\/wp\/v2\/product"}],"about":[{"href":"https:\/\/baldumarket.lt\/lt\/wp-json\/wp\/v2\/types\/product"}],"replies":[{"embeddable":true,"href":"https:\/\/baldumarket.lt\/lt\/wp-json\/wp\/v2\/comments?post=234837"}],"wp:featuredmedia":[{"embeddable":true,"href":"https:\/\/baldumarket.lt\/lt\/wp-json\/wp\/v2\/media\/234838"}],"wp:attachment":[{"href":"https:\/\/baldumarket.lt\/lt\/wp-json\/wp\/v2\/media?parent=234837"}],"wp:term":[{"taxonomy":"product_brand","embeddable":true,"href":"https:\/\/baldumarket.lt\/lt\/wp-json\/wp\/v2\/product_brand?post=234837"},{"taxonomy":"product_cat","embeddable":true,"href":"https:\/\/baldumarket.lt\/lt\/wp-json\/wp\/v2\/product_cat?post=234837"},{"taxonomy":"product_tag","embeddable":true,"href":"https:\/\/baldumarket.lt\/lt\/wp-json\/wp\/v2\/product_tag?post=234837"}],"curies":[{"name":"wp","href":"https:\/\/api.w.org\/{rel}","templated":true}]}}