{"id":234831,"date":"2025-12-29T22:20:08","date_gmt":"2025-12-29T19:20:08","guid":{"rendered":"https:\/\/baldumarket.lt\/product\/vigo-boss-szafka-nocna-1s\/"},"modified":"2026-04-08T08:40:06","modified_gmt":"2026-04-08T05:40:06","slug":"vigo-boss-szafka-nocna-1s","status":"publish","type":"product","link":"https:\/\/baldumarket.lt\/lt\/product\/vigo-boss-szafka-nocna-1s\/","title":{"rendered":"VIGO BOSS naktin\u0117 spintel\u0117 1S"},"content":{"rendered":"<p>VIGO BOSS naktinis staliukas<br \/>\nNaktinis staliukas yra labai prakti\u0161kas baldas miegamajam ar paauglio kambariui. Ant jo visi reikalingi daiktai yra lengvai pasiekiami \u0161alia lovos. \u0160is baltas naktinis staliukas i\u0161 VIGO kolekcijos turi stal\u010di\u0173 ir lentyn\u0105, puikiai tinkan\u010dius laikyti miego reikmenis, tokius kaip telefonas, vaistai, knygos ir kt. \u201eWotan Oak\u201c apdaila vir\u0161uje puikiai tinka \u017eadintuvui ar naktinei lempai. VIGO naktinis staliukas patenkins kiekvien\u0105 modernaus stiliaus entuziast\u0105, vertinant\u012f klasikin\u012f paprastum\u0105.<br \/>\n\u201eVigo\u201c kolekcijos miegamojo dekoro elementai suteiks jums daug erdv\u0117s, kuri yra b\u016btina funkcionaliuose ir moderniuose namuose.<br \/>\nSpalva: Blizgi balta \/ Wotano \u0105\u017euolo medienos imitacijos lenta<br \/>\nSistemos apra\u0161ymas<br \/>\n\u00a0Balta spalva ir fasadai be ranken\u0117li\u0173 suteikia interjerui harmonijos.<br \/>\n\u00a0 Pla\u010dios, nat\u016bralios vir\u0161utin\u0117s dalys priekin\u0117je dalyje tarnauja kaip dekoratyvinis elementas.<br \/>\n\u00a0Pla\u010dios \u0161onin\u0117s juostel\u0117s suteikia baldams solidumo. Paprasta bald\u0173 forma su blizgiais fasadais \u2013 nesenstantis sprendimas.<\/p>","protected":false},"excerpt":{"rendered":"<p>Kolekcija: VIGO<br \/>\nPlotis cm: 60<br \/>\n\u016agis cm: 50,5<br \/>\nGylis cm: 40<\/p>","protected":false},"featured_media":234832,"comment_status":"open","ping_status":"open","template":"","meta":[],"product_brand":[],"product_cat":[9346,1176,2970],"product_tag":[],"class_list":{"0":"post-234831","1":"product","2":"type-product","3":"status-publish","4":"has-post-thumbnail","6":"product_cat-furniture-collection-vigo-boss","7":"product_cat-bedside-tables","8":"product_cat-mebelbos","10":"first","11":"instock","12":"purchasable","13":"product-type-simple"},"_links":{"self":[{"href":"https:\/\/baldumarket.lt\/lt\/wp-json\/wp\/v2\/product\/234831","targetHints":{"allow":["GET"]}}],"collection":[{"href":"https:\/\/baldumarket.lt\/lt\/wp-json\/wp\/v2\/product"}],"about":[{"href":"https:\/\/baldumarket.lt\/lt\/wp-json\/wp\/v2\/types\/product"}],"replies":[{"embeddable":true,"href":"https:\/\/baldumarket.lt\/lt\/wp-json\/wp\/v2\/comments?post=234831"}],"wp:featuredmedia":[{"embeddable":true,"href":"https:\/\/baldumarket.lt\/lt\/wp-json\/wp\/v2\/media\/234832"}],"wp:attachment":[{"href":"https:\/\/baldumarket.lt\/lt\/wp-json\/wp\/v2\/media?parent=234831"}],"wp:term":[{"taxonomy":"product_brand","embeddable":true,"href":"https:\/\/baldumarket.lt\/lt\/wp-json\/wp\/v2\/product_brand?post=234831"},{"taxonomy":"product_cat","embeddable":true,"href":"https:\/\/baldumarket.lt\/lt\/wp-json\/wp\/v2\/product_cat?post=234831"},{"taxonomy":"product_tag","embeddable":true,"href":"https:\/\/baldumarket.lt\/lt\/wp-json\/wp\/v2\/product_tag?post=234831"}],"curies":[{"name":"wp","href":"https:\/\/api.w.org\/{rel}","templated":true}]}}