{"id":234826,"date":"2025-12-29T22:20:00","date_gmt":"2025-12-29T19:20:00","guid":{"rendered":"https:\/\/baldumarket.lt\/product\/vigo-boss-szafka-rtv-1d-160\/"},"modified":"2026-04-08T08:40:06","modified_gmt":"2026-04-08T05:40:06","slug":"vigo-boss-szafka-rtv-1d-160","status":"publish","type":"product","link":"https:\/\/baldumarket.lt\/lt\/product\/vigo-boss-szafka-rtv-1d-160\/","title":{"rendered":"VIGO BOSS TV SPINTEL\u0116 1D\/160"},"content":{"rendered":"<p>VIGO BOSS TV SPINTEL\u0116 160 1D<br \/>\nVIGO televizoriaus spintel\u0117 sukurta taip, kad tilpt\u0173 televizorius d\u0117l didelio ir patvaraus stalvir\u0161io. \u0160is spintel\u0117 turi atviras ir u\u017edaras lentynas su baltais priekiais, puikiai tinkan\u010dias diskams, nuotolinio valdymo pultams ar \u017eurnalams laikyti. Atvirose lentynose lengvai tilps pried\u0117lis, \u201eWi-Fi\u201c mar\u0161rutizatorius ar kita televizijos \u012franga. Baltos spalvos ir \u0161iltos \u201eWotan\u201c \u0105\u017euolo apdailos derinys daro \u0161\u012f spintel\u0119 puikiu priedu prie kit\u0173 kolekcij\u0173 bald\u0173. VIGO televizoriaus spintel\u0117 patenkins kiekvien\u0105 modernaus stiliaus gerb\u0117j\u0105, vertinant\u012f paprastum\u0105 klasikin\u0117je aplinkoje.<br \/>\n\u017davesio ir elegancijos kupina VIGO BOSS kolekcija \u017eengia \u012f svetaines. Original\u016bs, balti, blizg\u016bs fasadai be ranken\u0117li\u0173 suteiks interjerui harmonijos. Plat\u016bs, nat\u016bral\u016bs stalvir\u0161iai suteiks kambariui \u017eurnalo \u012fvaizd\u012f. Leiskite mums pasir\u016bpinti j\u016bs\u0173 svetain\u0117s i\u0161vaizda su Vigo BOSS baldais. Spalva: blizgi balta \/ \u0105\u017euolo imitacijos plok\u0161t\u0117s.<br \/>\nSistemos apra\u0161ymas<br \/>\n\u00a0Balta spalva ir fasadai be ranken\u0117li\u0173 suteikia harmonijos bet kokiam interjerui.<br \/>\n\u00a0 Plat\u016bs, nat\u016bral\u016bs stalvir\u0161iai, besit\u0119siantys iki bald\u0173 priekio, tarnauja kaip dekoratyvinis elementas.<br \/>\n\u00a0 Plat\u016bs \u0161oniniai apvadai suteikia baldams solidumo.<br \/>\n\u00a0 Paprasta bald\u0173 forma su blizgiu fasad\u0173 pavir\u0161iumi \u2013 nesenstantis sprendimas.<br \/>\n\u00a0 Papildomas ap\u0161vietimas vitrinose padidina bald\u0173 patrauklum\u0105.<\/p>","protected":false},"excerpt":{"rendered":"<p>Kolekcija: VIGO<br \/>\nPlotis cm: 159<br \/>\n\u016agis cm: 61<br \/>\nGylis cm: 41,5<\/p>","protected":false},"featured_media":234827,"comment_status":"open","ping_status":"open","template":"","meta":[],"product_brand":[],"product_cat":[9346,2970,1175],"product_tag":[],"class_list":{"0":"post-234826","1":"product","2":"type-product","3":"status-publish","4":"has-post-thumbnail","6":"product_cat-furniture-collection-vigo-boss","7":"product_cat-mebelbos","8":"product_cat-tv-stands","10":"first","11":"instock","12":"purchasable","13":"product-type-simple"},"_links":{"self":[{"href":"https:\/\/baldumarket.lt\/lt\/wp-json\/wp\/v2\/product\/234826","targetHints":{"allow":["GET"]}}],"collection":[{"href":"https:\/\/baldumarket.lt\/lt\/wp-json\/wp\/v2\/product"}],"about":[{"href":"https:\/\/baldumarket.lt\/lt\/wp-json\/wp\/v2\/types\/product"}],"replies":[{"embeddable":true,"href":"https:\/\/baldumarket.lt\/lt\/wp-json\/wp\/v2\/comments?post=234826"}],"wp:featuredmedia":[{"embeddable":true,"href":"https:\/\/baldumarket.lt\/lt\/wp-json\/wp\/v2\/media\/234827"}],"wp:attachment":[{"href":"https:\/\/baldumarket.lt\/lt\/wp-json\/wp\/v2\/media?parent=234826"}],"wp:term":[{"taxonomy":"product_brand","embeddable":true,"href":"https:\/\/baldumarket.lt\/lt\/wp-json\/wp\/v2\/product_brand?post=234826"},{"taxonomy":"product_cat","embeddable":true,"href":"https:\/\/baldumarket.lt\/lt\/wp-json\/wp\/v2\/product_cat?post=234826"},{"taxonomy":"product_tag","embeddable":true,"href":"https:\/\/baldumarket.lt\/lt\/wp-json\/wp\/v2\/product_tag?post=234826"}],"curies":[{"name":"wp","href":"https:\/\/api.w.org\/{rel}","templated":true}]}}