{"id":234816,"date":"2025-12-29T22:19:43","date_gmt":"2025-12-29T19:19:43","guid":{"rendered":"https:\/\/baldumarket.lt\/product\/vigo-boss-witryna-2d2w-niska\/"},"modified":"2026-04-08T08:40:06","modified_gmt":"2026-04-08T05:40:06","slug":"vigo-boss-witryna-2d2w-niska","status":"publish","type":"product","link":"https:\/\/baldumarket.lt\/lt\/product\/vigo-boss-witryna-2d2w-niska\/","title":{"rendered":"VIGO BOSS VITRINA 2D2W \u017dEMA"},"content":{"rendered":"<p>VIGO BOSS 2D1S vitrina<br \/>\nVIGO vitrina \u2013 tai daugiafunkcis baldas, galintis tapti patogia knyg\u0173 lentyna, \u012fdomi\u0173 dekoracij\u0173 vieta ar biuro dokument\u0173 saugykla. \u0160ios vitrinos puikiai dera prie toki\u0173 kambari\u0173 kaip svetain\u0117, darbo kambarys, prie\u0161kambaris, miegamasis, darbo kambarys, nam\u0173 biuras, jaunimo kambarys ir net valgomasis! VIGO bald\u0173 kolekcija patenkins kiekvien\u0105, kuris vertina nepriekai\u0161ting\u0105 paprastum\u0105 modernioje aplinkoje. Klasikin\u0117 kolekcijos forma, universali balta spalva su Wotan \u0105\u017euolo ra\u0161to akcentais, si\u016blo plat\u0173 bald\u0173 pasirinkimo pasirinkim\u0105 beveik bet kuriam j\u016bs\u0173 nam\u0173 kambariui.<br \/>\n\u017davesio ir elegancijos kupina VIGO BOSS kolekcija \u017eengia \u012f svetaines. Original\u016bs, balti, blizg\u016bs fasadai be ranken\u0117li\u0173 suteiks interjerui harmonijos. Plat\u016bs, nat\u016bral\u016bs stalvir\u0161iai leis kambariui atrodyti lyg i\u0161 interjero dizaino \u017eurnalo. Leiskite mums pasir\u016bpinti j\u016bs\u0173 svetain\u0117s i\u0161vaizda su Vigo BOSS baldais. Spalva: blizgi balta \/ \u0105\u017euolo imitacijos plok\u0161t\u0117s.<br \/>\nSistemos apra\u0161ymas<br \/>\n\u00a0Balta spalva ir fasadai be ranken\u0117li\u0173 suteikia harmonijos bet kokiam interjerui.<br \/>\n\u00a0 Plat\u016bs, nat\u016bral\u016bs stalvir\u0161iai, besit\u0119siantys iki bald\u0173 priekio, tarnauja kaip dekoratyvinis elementas.<br \/>\n\u00a0 Plat\u016bs \u0161oniniai apvadai suteikia baldams solidumo.<br \/>\n\u00a0 Paprasta bald\u0173 forma su blizgiu fasad\u0173 pavir\u0161iumi \u2013 nesenstantis sprendimas.<br \/>\n\u00a0 Papildomas ap\u0161vietimas vitrinose padidina bald\u0173 patrauklum\u0105.<\/p>","protected":false},"excerpt":{"rendered":"<p>Kolekcija: VIGO<br \/>\nPlotis cm: 98<br \/>\n\u016agis cm: 156,5<br \/>\nGylis cm: 41,5<br \/>\nStiklo elementai: Taip<br \/>\nAp\u0161vietimas: Pasirinktinai u\u017e papildom\u0105 mokest\u012f<\/p>","protected":false},"featured_media":234817,"comment_status":"open","ping_status":"open","template":"","meta":[],"product_brand":[],"product_cat":[9346,2970,2006],"product_tag":[],"class_list":{"0":"post-234816","1":"product","2":"type-product","3":"status-publish","4":"has-post-thumbnail","6":"product_cat-furniture-collection-vigo-boss","7":"product_cat-mebelbos","8":"product_cat-vitrines","10":"first","11":"instock","12":"purchasable","13":"product-type-simple"},"_links":{"self":[{"href":"https:\/\/baldumarket.lt\/lt\/wp-json\/wp\/v2\/product\/234816","targetHints":{"allow":["GET"]}}],"collection":[{"href":"https:\/\/baldumarket.lt\/lt\/wp-json\/wp\/v2\/product"}],"about":[{"href":"https:\/\/baldumarket.lt\/lt\/wp-json\/wp\/v2\/types\/product"}],"replies":[{"embeddable":true,"href":"https:\/\/baldumarket.lt\/lt\/wp-json\/wp\/v2\/comments?post=234816"}],"wp:featuredmedia":[{"embeddable":true,"href":"https:\/\/baldumarket.lt\/lt\/wp-json\/wp\/v2\/media\/234817"}],"wp:attachment":[{"href":"https:\/\/baldumarket.lt\/lt\/wp-json\/wp\/v2\/media?parent=234816"}],"wp:term":[{"taxonomy":"product_brand","embeddable":true,"href":"https:\/\/baldumarket.lt\/lt\/wp-json\/wp\/v2\/product_brand?post=234816"},{"taxonomy":"product_cat","embeddable":true,"href":"https:\/\/baldumarket.lt\/lt\/wp-json\/wp\/v2\/product_cat?post=234816"},{"taxonomy":"product_tag","embeddable":true,"href":"https:\/\/baldumarket.lt\/lt\/wp-json\/wp\/v2\/product_tag?post=234816"}],"curies":[{"name":"wp","href":"https:\/\/api.w.org\/{rel}","templated":true}]}}