{"id":234811,"date":"2025-12-29T22:19:36","date_gmt":"2025-12-29T19:19:36","guid":{"rendered":"https:\/\/baldumarket.lt\/product\/vigo-boss-lawa-90\/"},"modified":"2026-04-08T08:40:06","modified_gmt":"2026-04-08T05:40:06","slug":"vigo-boss-lawa-90","status":"publish","type":"product","link":"https:\/\/baldumarket.lt\/lt\/product\/vigo-boss-lawa-90\/","title":{"rendered":"VIGO BOSS SUOLAS 90"},"content":{"rendered":"<p>VIGO BOSS kavos staliukas 90 baltas \/ \u0105\u017euolas<br \/>\nKavos staliukai ir kavos staliukai yra b\u016btini bet kurio svetain\u0117s elementai. Jie papildo svetain\u0117s dizain\u0105 ir kartu atlieka praktin\u0119 funkcij\u0105. VIGO kavos staliukas turi \u012fmontuot\u0105 lentyn\u0105, puikiai tinkan\u010di\u0105 smulkiems daiktams laikyti. Dviej\u0173 spalv\u0173 derinys viename gaminyje suteikia elegancijos ir estetinio patrauklumo. \u0160is VIGO kolekcijos kavos staliukas gali b\u016bti atskiras kit\u0173 kolekcij\u0173 papildymas. Universalus baltas ir \u0161iltas Wotan \u0105\u017euolo ra\u0161tas si\u016blo plat\u0173 dizaino variant\u0173 pasirinkim\u0105 ir leid\u017eia apstatyti beveik bet kuri\u0105 svetain\u0119. VIGO kavos staliukas patenkins kiekvien\u0105 modernaus stiliaus gerb\u0117j\u0105, vertinant\u012f paprastum\u0105 klasikin\u0117je aplinkoje.<br \/>\n\u017davesio ir elegancijos kupina VIGO BOSS kolekcija \u017eengia \u012f svetaines. Original\u016bs, balti, blizg\u016bs fasadai be ranken\u0117li\u0173 suteiks interjerui harmonijos. Plat\u016bs, nat\u016bral\u016bs stalvir\u0161iai suteiks kambariui \u017eurnal\u0173 \u012fvaizd\u012f. Leiskite mums pasir\u016bpinti J\u016bs\u0173 svetain\u0117s i\u0161vaizda su Vigo baldais.<br \/>\nSpalva: Blizgi balta \/ dirbtinio \u0105\u017euolo<br \/>\nPriekin\u0117 dalis: MDF plok\u0161t\u0117 su blizgia PVC folija<br \/>\nKarkasai, stalvir\u0161iai: laminuota bald\u0173 plok\u0161t\u0117, ABS kra\u0161tai<br \/>\nStal\u010diai: rutuliniai guoliai, pilno i\u0161traukimo<br \/>\nSistemos apra\u0161ymas<br \/>\n\u00a0Balta spalva ir fasadai be ranken\u0117li\u0173 suteiks harmonijos j\u016bs\u0173 interjerui.<br \/>\n\u00a0 Pla\u010dios, nat\u016braliai atrodan\u010dios vir\u0161utin\u0117s dalys, besit\u0119sian\u010dios iki \u012frengini\u0173 priekio, tarnauja kaip dekoratyvinis elementas.<br \/>\n\u00a0 Pla\u010dios \u0161onin\u0117s juostel\u0117s suteikia baldams solidumo.<br \/>\n\u00a0 Paprasta bald\u0173 forma su blizgiu fasad\u0173 pavir\u0161iumi \u2013 nesenstantis sprendimas.<br \/>\n\u00a0 Papildomas ap\u0161vietimas vitrinose padidina bald\u0173 patrauklum\u0105.<\/p>","protected":false},"excerpt":{"rendered":"<p>Kolekcija: VIGO<br \/>\nPlotis cm: 90<br \/>\n\u016agis cm: 35,5<br \/>\nGylis cm: 60<\/p>","protected":false},"featured_media":234812,"comment_status":"open","ping_status":"open","template":"","meta":[],"product_brand":[],"product_cat":[9346,866,2970],"product_tag":[],"class_list":{"0":"post-234811","1":"product","2":"type-product","3":"status-publish","4":"has-post-thumbnail","6":"product_cat-furniture-collection-vigo-boss","7":"product_cat-coffee-tables","8":"product_cat-mebelbos","10":"first","11":"instock","12":"purchasable","13":"product-type-simple"},"_links":{"self":[{"href":"https:\/\/baldumarket.lt\/lt\/wp-json\/wp\/v2\/product\/234811","targetHints":{"allow":["GET"]}}],"collection":[{"href":"https:\/\/baldumarket.lt\/lt\/wp-json\/wp\/v2\/product"}],"about":[{"href":"https:\/\/baldumarket.lt\/lt\/wp-json\/wp\/v2\/types\/product"}],"replies":[{"embeddable":true,"href":"https:\/\/baldumarket.lt\/lt\/wp-json\/wp\/v2\/comments?post=234811"}],"wp:featuredmedia":[{"embeddable":true,"href":"https:\/\/baldumarket.lt\/lt\/wp-json\/wp\/v2\/media\/234812"}],"wp:attachment":[{"href":"https:\/\/baldumarket.lt\/lt\/wp-json\/wp\/v2\/media?parent=234811"}],"wp:term":[{"taxonomy":"product_brand","embeddable":true,"href":"https:\/\/baldumarket.lt\/lt\/wp-json\/wp\/v2\/product_brand?post=234811"},{"taxonomy":"product_cat","embeddable":true,"href":"https:\/\/baldumarket.lt\/lt\/wp-json\/wp\/v2\/product_cat?post=234811"},{"taxonomy":"product_tag","embeddable":true,"href":"https:\/\/baldumarket.lt\/lt\/wp-json\/wp\/v2\/product_tag?post=234811"}],"curies":[{"name":"wp","href":"https:\/\/api.w.org\/{rel}","templated":true}]}}