{"id":234806,"date":"2025-12-29T22:19:27","date_gmt":"2025-12-29T19:19:27","guid":{"rendered":"https:\/\/baldumarket.lt\/product\/vigo-boss-lozko-160x200\/"},"modified":"2026-04-08T08:40:06","modified_gmt":"2026-04-08T05:40:06","slug":"vigo-boss-lozko-160x200","status":"publish","type":"product","link":"https:\/\/baldumarket.lt\/lt\/product\/vigo-boss-lozko-160x200\/","title":{"rendered":"VIGO BOSS lova 160\u00d7200"},"content":{"rendered":"<p>VIGO BOSS lova 160 x 200<br \/>\nPatogi lova yra pagrindinis ir b\u016btinas baldas bet kuriame miegamajame. VIGO lova praskaidrins bet kur\u012f tams\u0173 miegam\u0105j\u012f. \u0160is baltas baldas, papuo\u0161tas Wotano \u0105\u017euolo ra\u0161tu, puikiai dera kaip atskiras papildymas kitose kolekcijose. Universali balta spalva ir elementai su Wotano \u0105\u017euolo ra\u0161tu atveria plat\u0173 dizaino galimybi\u0173 spektr\u0105. \u0160i VIGO kolekcijos lova patenkins kiekvien\u0105 modernaus stiliaus entuziast\u0105, vertinant\u012f paprastum\u0105 klasikin\u0117je aplinkoje.<br \/>\n\u201eVigo\u201c kolekcijos miegamojo dekoro elementai suteiks jums daug erdv\u0117s, kuri yra b\u016btina funkcionaliuose ir moderniuose namuose.<br \/>\nSpalva: Blizgi balta \/ \u0105\u017euolo medienos imitacijos lenta<br \/>\n\u012e kain\u0105 ne\u012fskai\u010diuotas \u010diu\u017einys<br \/>\nSistemos apra\u0161ymas<br \/>\nBalta spalva ir fasadai be ranken\u0117li\u0173 suteiks harmonijos bet kokiam interjerui.<br \/>\n\u00a0 Plat\u016bs, nat\u016bral\u016bs stalvir\u0161iai, besit\u0119siantys iki bald\u0173 priekio, tarnauja kaip dekoratyviniai elementai.<br \/>\n\u00a0 Pla\u010dios \u0161onin\u0117s apdailos suteikia baldams solidumo. Paprasta \u0161io baldo forma su blizgiu priekiniu pavir\u0161iumi yra nesenstantis sprendimas.<\/p>","protected":false},"excerpt":{"rendered":"<p>\u016agis cm: 89<br \/>\nPlotis cm: 166<br \/>\nIlgis cm: 205,5<br \/>\n\u010ciu\u017einio matmenys cm: 160 x 200<br \/>\n\u010ciu\u017einys \u012fskai\u010diuotas: Ne<br \/>\nR\u0117mas pridedamas: Ne<br \/>\nSaugykla: Ne<\/p>","protected":false},"featured_media":234807,"comment_status":"open","ping_status":"open","template":"","meta":[],"product_brand":[],"product_cat":[9346,1971,2970],"product_tag":[],"class_list":{"0":"post-234806","1":"product","2":"type-product","3":"status-publish","4":"has-post-thumbnail","6":"product_cat-furniture-collection-vigo-boss","7":"product_cat-beds-160x200","8":"product_cat-mebelbos","10":"first","11":"instock","12":"purchasable","13":"product-type-simple"},"_links":{"self":[{"href":"https:\/\/baldumarket.lt\/lt\/wp-json\/wp\/v2\/product\/234806","targetHints":{"allow":["GET"]}}],"collection":[{"href":"https:\/\/baldumarket.lt\/lt\/wp-json\/wp\/v2\/product"}],"about":[{"href":"https:\/\/baldumarket.lt\/lt\/wp-json\/wp\/v2\/types\/product"}],"replies":[{"embeddable":true,"href":"https:\/\/baldumarket.lt\/lt\/wp-json\/wp\/v2\/comments?post=234806"}],"wp:featuredmedia":[{"embeddable":true,"href":"https:\/\/baldumarket.lt\/lt\/wp-json\/wp\/v2\/media\/234807"}],"wp:attachment":[{"href":"https:\/\/baldumarket.lt\/lt\/wp-json\/wp\/v2\/media?parent=234806"}],"wp:term":[{"taxonomy":"product_brand","embeddable":true,"href":"https:\/\/baldumarket.lt\/lt\/wp-json\/wp\/v2\/product_brand?post=234806"},{"taxonomy":"product_cat","embeddable":true,"href":"https:\/\/baldumarket.lt\/lt\/wp-json\/wp\/v2\/product_cat?post=234806"},{"taxonomy":"product_tag","embeddable":true,"href":"https:\/\/baldumarket.lt\/lt\/wp-json\/wp\/v2\/product_tag?post=234806"}],"curies":[{"name":"wp","href":"https:\/\/api.w.org\/{rel}","templated":true}]}}