{"id":234803,"date":"2025-12-29T22:19:22","date_gmt":"2025-12-29T19:19:22","guid":{"rendered":"https:\/\/baldumarket.lt\/product\/wood-komoda-2d-dab-craft-zloty\/"},"modified":"2026-04-07T18:19:22","modified_gmt":"2026-04-07T15:19:22","slug":"wood-komoda-2d-dab-craft-zloty","status":"publish","type":"product","link":"https:\/\/baldumarket.lt\/lt\/product\/wood-komoda-2d-dab-craft-zloty\/","title":{"rendered":"MEDIN\u0116 komoda, 2d \u0105\u017euolo spalvos, auksin\u0117"},"content":{"rendered":"<p>WOOD 2D komoda i\u0161 auksinio \u0105\u017euolo spalvos. Juodi elementai i\u0161ry\u0161kina auksinio \u0105\u017euolo atspalvio gro\u017e\u012f. Modernus stilius, kuriame derinamas klasikinis medis su pramoniniais metaliniais intarpais. Masyv\u016bs ir stabil\u016bs baldai, puikiai tinkantys moderni\u0173 sprendim\u0173 m\u0117g\u0117jams. Lentyn\u0173 ap\u0161vietimas vitrin\u0173 viduje yra neprivalomas. Minimalistin\u0117s ranken\u0117l\u0117s, kurios taip pat atlieka dekoratyvin\u0119 funkcij\u0105. Rankenos: metalin\u0117s, ta\u0161kin\u0117s, juodos. Stalvir\u0161is: laminuota bald\u0173 plok\u0161t\u0117, PVC kra\u0161tas. Stal\u010diai: teleskopin\u0117s b\u0117gel\u0117s. Korpusas: laminuota bald\u0173 plok\u0161t\u0117, PVC kra\u0161tas. Priekiniai fasadai: laminuota bald\u0173 plok\u0161t\u0117, PVC kra\u0161tas. Kojel\u0117s: bald\u0173 plok\u0161t\u0117. Spalva: auksinis \u0105\u017euolas\/juoda. Interjero entuziastai skirstomi \u012f tuos, kurie m\u0117gsta \u0161iltus kambarius, ir tuos, kurie m\u0117gsta \u0161altas spalvas. WOOD yra tikras kolekcij\u0173 perlas, kuris praskaidrins bet kok\u012f i\u0161d\u0117stym\u0105. \u0160is derinys...<\/p>","protected":false},"excerpt":{"rendered":"<p>WOOD 2D chest of drawers in golden craft oak. Black elements bring out the beauty of the golden craft oak shade. A modern style combining classic wood with industrial metal inserts. Massive and stable furniture, perfect for lovers of modern solutions. Shelf lighting inside the display cabinets is optional. Minimalist handles that also serve a [&hellip;]<\/p>","protected":false},"featured_media":234804,"comment_status":"open","ping_status":"open","template":"","meta":[],"product_brand":[],"product_cat":[9347,1173,2970,2006],"product_tag":[],"class_list":{"0":"post-234803","1":"product","2":"type-product","3":"status-publish","4":"has-post-thumbnail","6":"product_cat-furniture-collection-wood","7":"product_cat-chests-of-drawers","8":"product_cat-mebelbos","9":"product_cat-vitrines","11":"first","12":"instock","13":"purchasable","14":"product-type-simple"},"_links":{"self":[{"href":"https:\/\/baldumarket.lt\/lt\/wp-json\/wp\/v2\/product\/234803","targetHints":{"allow":["GET"]}}],"collection":[{"href":"https:\/\/baldumarket.lt\/lt\/wp-json\/wp\/v2\/product"}],"about":[{"href":"https:\/\/baldumarket.lt\/lt\/wp-json\/wp\/v2\/types\/product"}],"replies":[{"embeddable":true,"href":"https:\/\/baldumarket.lt\/lt\/wp-json\/wp\/v2\/comments?post=234803"}],"wp:featuredmedia":[{"embeddable":true,"href":"https:\/\/baldumarket.lt\/lt\/wp-json\/wp\/v2\/media\/234804"}],"wp:attachment":[{"href":"https:\/\/baldumarket.lt\/lt\/wp-json\/wp\/v2\/media?parent=234803"}],"wp:term":[{"taxonomy":"product_brand","embeddable":true,"href":"https:\/\/baldumarket.lt\/lt\/wp-json\/wp\/v2\/product_brand?post=234803"},{"taxonomy":"product_cat","embeddable":true,"href":"https:\/\/baldumarket.lt\/lt\/wp-json\/wp\/v2\/product_cat?post=234803"},{"taxonomy":"product_tag","embeddable":true,"href":"https:\/\/baldumarket.lt\/lt\/wp-json\/wp\/v2\/product_tag?post=234803"}],"curies":[{"name":"wp","href":"https:\/\/api.w.org\/{rel}","templated":true}]}}