{"id":234800,"date":"2025-12-29T22:19:14","date_gmt":"2025-12-29T19:19:14","guid":{"rendered":"https:\/\/baldumarket.lt\/product\/wood-komoda-2d3s-dab-craft-zloty\/"},"modified":"2026-02-11T18:35:03","modified_gmt":"2026-02-11T15:35:03","slug":"wood-komoda-2d3s-dab-craft-zloty","status":"publish","type":"product","link":"https:\/\/baldumarket.lt\/lt\/product\/wood-komoda-2d3s-dab-craft-zloty\/","title":{"rendered":"MEDIN\u0116 komoda, 2 stal\u010diai, 3 stal\u010diai, \u0105\u017euolo spalvos, auksin\u0117"},"content":{"rendered":"<p>WOOD 2D3S komoda, Craft \u0105\u017euolo aukso spalvos<br \/>\nWOOD komoda pasi\u017eymi lentynomis su durel\u0117mis ir stal\u010diais, puikiai tinkan\u010diomis kasdieniams daiktams laikyti. \u0160is baldas puikiai tinka tokiems kambariams kaip svetain\u0117, valgomasis, miegamasis ar nam\u0173 biuras.<br \/>\nJuodi akcentai i\u0161ry\u0161kina auksinio \u0105\u017euolo gro\u017e\u012f.<br \/>\nModernus stilius, kuriame derinamas klasikinis medis su industrinio metalo akcentais.<br \/>\n\u00a0 Masyv\u016bs ir stabil\u016bs baldai, puikiai tinkantys moderni\u0173 sprendim\u0173 m\u0117g\u0117jams.<br \/>\n\u00a0 Lentyn\u0173 ap\u0161vietimas vitrin\u0173 viduje yra neprivalomas.<br \/>\n\u00a0 Minimalistin\u0117s rankenos taip pat atlieka dekoratyvin\u0119 funkcij\u0105.<br \/>\nRankenos: metalin\u0117s, ta\u0161kin\u0117s, juodos<br \/>\nVir\u0161us: laminuota bald\u0173 plok\u0161t\u0117, PVC kra\u0161tas<br \/>\nStal\u010diai: teleskopiniai<br \/>\nKorpusas: laminuota bald\u0173 plok\u0161t\u0117, PVC kra\u0161tai<br \/>\nPriekin\u0117s dalys: laminuota bald\u0173 plok\u0161t\u0117, PVC kra\u0161tai<br \/>\nKojel\u0117s: bald\u0173 lenta<br \/>\nSpalva: auksinis \u0105\u017euolas \/ juoda<br \/>\nInterjero dizaino entuziastai skirstomi \u012f tuos, kurie dievina \u0161iltus kambarius, ir tuos, kurie m\u0117gsta \u0161altas spalvas. WOOD \u2013 tikras kolekcijos perlas, kuris praskaidrins bet kok\u012f interjer\u0105. Auksinio atspalvio dirbtinio \u0105\u017euolo ir juodos spalvos derinys sukuria stulbinant\u012f efekt\u0105, suteikdamas interjerui eleganti\u0161k\u0105 charakter\u012f neprarandant jaukumo. Paprasta forma ir minimalistin\u0117s ranken\u0117l\u0117s pary\u0161kina \u0105\u017euolo ra\u0161to atspalv\u012f. Vitrinos elementai suteikia lengvumo tvirtai bald\u0173 konstrukcijai ir leid\u017eia eksponuoti dekoracijas, kurios, d\u0117ka papildomo vidaus ap\u0161vietimo, suteikia unikali\u0105 i\u0161vaizd\u0105.<\/p>","protected":false},"excerpt":{"rendered":"<p>Kolekcija: MEDIENA<br \/>\nPlotis cm: 140,2<br \/>\n\u016agis cm: 80,5<br \/>\nGylis cm: 44<br \/>\nDur\u0173 skai\u010dius: 2<br \/>\nStal\u010di\u0173 skai\u010dius: 3<\/p>","protected":false},"featured_media":234801,"comment_status":"open","ping_status":"open","template":"","meta":[],"product_brand":[],"product_cat":[9347,1173,2970],"product_tag":[],"class_list":{"0":"post-234800","1":"product","2":"type-product","3":"status-publish","4":"has-post-thumbnail","6":"product_cat-furniture-collection-wood","7":"product_cat-chests-of-drawers","8":"product_cat-mebelbos","10":"first","11":"instock","12":"purchasable","13":"product-type-simple"},"_links":{"self":[{"href":"https:\/\/baldumarket.lt\/lt\/wp-json\/wp\/v2\/product\/234800","targetHints":{"allow":["GET"]}}],"collection":[{"href":"https:\/\/baldumarket.lt\/lt\/wp-json\/wp\/v2\/product"}],"about":[{"href":"https:\/\/baldumarket.lt\/lt\/wp-json\/wp\/v2\/types\/product"}],"replies":[{"embeddable":true,"href":"https:\/\/baldumarket.lt\/lt\/wp-json\/wp\/v2\/comments?post=234800"}],"wp:featuredmedia":[{"embeddable":true,"href":"https:\/\/baldumarket.lt\/lt\/wp-json\/wp\/v2\/media\/234801"}],"wp:attachment":[{"href":"https:\/\/baldumarket.lt\/lt\/wp-json\/wp\/v2\/media?parent=234800"}],"wp:term":[{"taxonomy":"product_brand","embeddable":true,"href":"https:\/\/baldumarket.lt\/lt\/wp-json\/wp\/v2\/product_brand?post=234800"},{"taxonomy":"product_cat","embeddable":true,"href":"https:\/\/baldumarket.lt\/lt\/wp-json\/wp\/v2\/product_cat?post=234800"},{"taxonomy":"product_tag","embeddable":true,"href":"https:\/\/baldumarket.lt\/lt\/wp-json\/wp\/v2\/product_tag?post=234800"}],"curies":[{"name":"wp","href":"https:\/\/api.w.org\/{rel}","templated":true}]}}