{"id":234790,"date":"2025-12-29T22:18:55","date_gmt":"2025-12-29T19:18:55","guid":{"rendered":"https:\/\/baldumarket.lt\/product\/wood-szafa-4d-dab-craft-zloty\/"},"modified":"2026-04-07T18:19:22","modified_gmt":"2026-04-07T15:19:22","slug":"wood-szafa-4d-dab-craft-zloty","status":"publish","type":"product","link":"https:\/\/baldumarket.lt\/lt\/product\/wood-szafa-4d-dab-craft-zloty\/","title":{"rendered":"MEDIN\u0116 spinta, 4d, \u0105\u017euolo spalvos, auksin\u0117"},"content":{"rendered":"<p>WOOD 4 dur\u0173 spinta auksinio \u0105\u017euolo spalvos<br \/>\n\u0160i 4 dur\u0173 spinta turi lentyn\u0105 ir pakab\u0105 daiktams. WOOD spintoje apatin\u0117je dalyje yra vietos daiktams susid\u0117ti, o vir\u0161utin\u0117je dalyje yra lentyna ir pakaba daiktams. \u0160is baldas puikiai tinka drabu\u017eiams laikyti miegamajame, jaunimo kambaryje, r\u016bbin\u0117je ar koridoriuje. Be drabu\u017ei\u0173, WOOD keturi\u0173 dur\u0173 spintoje taip pat galima laikyti batus, aksesuarus ir patalyn\u0119.<br \/>\nJuodi akcentai pary\u0161kina auksinio \u0105\u017euolo gro\u017e\u012f.<br \/>\nModernus stilius derina klasikin\u0119 medien\u0105 su pramoniniais metalo akcentais.<br \/>\n\u00a0 Masyv\u016bs ir tvirti baldai, puikiai tinkantys vertinantiems modernius sprendimus.<br \/>\n\u00a0 Lentyn\u0173 ap\u0161vietimas vitrin\u0173 viduje yra neprivalomas.<br \/>\n\u00a0 Minimalistin\u0117s rankenos taip pat atlieka dekoratyvin\u0119 funkcij\u0105.<br \/>\nRankenos: metalin\u0117s, ta\u0161kin\u0117s, juodos<br \/>\nVir\u0161us: laminuota bald\u0173 plok\u0161t\u0117, PVC kra\u0161tas<br \/>\nStal\u010diai: teleskopiniai<br \/>\nKorpusas: laminuota bald\u0173 plok\u0161t\u0117, PVC kra\u0161tai<br \/>\nPriekin\u0117s dalys: laminuota bald\u0173 plok\u0161t\u0117, PVC kra\u0161tai<br \/>\nKojel\u0117s: bald\u0173 lenta<br \/>\nSpalva: auksinis \u0105\u017euolas \/ juoda<br \/>\nInterjero dizaino entuziastai skirstomi \u012f tuos, kurie dievina \u0161iltus kambarius, ir tuos, kurie m\u0117gsta \u0161altas spalvas. WOOD \u2013 tikras kolekcijos perlas, kuris praskaidrins bet kok\u012f interjer\u0105. Auksinio atspalvio dirbtinio \u0105\u017euolo ir juodos spalvos derinys sukuria stulbinant\u012f efekt\u0105, suteikdamas interjerui eleganti\u0161k\u0105 charakter\u012f neprarandant jaukumo. Paprasta forma ir minimalistin\u0117s ranken\u0117l\u0117s pary\u0161kina \u0105\u017euolo ra\u0161to atspalv\u012f. Vitrinos elementai suteikia lengvumo tvirtai bald\u0173 konstrukcijai ir leid\u017eia eksponuoti dekoracijas, kurios, d\u0117ka papildomo vidaus ap\u0161vietimo, suteikia unikali\u0105 i\u0161vaizd\u0105.<\/p>","protected":false},"excerpt":{"rendered":"<p>Kolekcija: MEDIENA<br \/>\nPlotis cm: 90<br \/>\n\u016agis cm: 195,5<br \/>\nGylis cm: 55<br \/>\nDur\u0173 skai\u010dius: 4<\/p>","protected":false},"featured_media":234791,"comment_status":"open","ping_status":"open","template":"","meta":[],"product_brand":[],"product_cat":[9347,2970,1177],"product_tag":[],"class_list":{"0":"post-234790","1":"product","2":"type-product","3":"status-publish","4":"has-post-thumbnail","6":"product_cat-furniture-collection-wood","7":"product_cat-mebelbos","8":"product_cat-wardrobes","10":"first","11":"instock","12":"purchasable","13":"product-type-simple"},"_links":{"self":[{"href":"https:\/\/baldumarket.lt\/lt\/wp-json\/wp\/v2\/product\/234790","targetHints":{"allow":["GET"]}}],"collection":[{"href":"https:\/\/baldumarket.lt\/lt\/wp-json\/wp\/v2\/product"}],"about":[{"href":"https:\/\/baldumarket.lt\/lt\/wp-json\/wp\/v2\/types\/product"}],"replies":[{"embeddable":true,"href":"https:\/\/baldumarket.lt\/lt\/wp-json\/wp\/v2\/comments?post=234790"}],"wp:featuredmedia":[{"embeddable":true,"href":"https:\/\/baldumarket.lt\/lt\/wp-json\/wp\/v2\/media\/234791"}],"wp:attachment":[{"href":"https:\/\/baldumarket.lt\/lt\/wp-json\/wp\/v2\/media?parent=234790"}],"wp:term":[{"taxonomy":"product_brand","embeddable":true,"href":"https:\/\/baldumarket.lt\/lt\/wp-json\/wp\/v2\/product_brand?post=234790"},{"taxonomy":"product_cat","embeddable":true,"href":"https:\/\/baldumarket.lt\/lt\/wp-json\/wp\/v2\/product_cat?post=234790"},{"taxonomy":"product_tag","embeddable":true,"href":"https:\/\/baldumarket.lt\/lt\/wp-json\/wp\/v2\/product_tag?post=234790"}],"curies":[{"name":"wp","href":"https:\/\/api.w.org\/{rel}","templated":true}]}}