{"id":234787,"date":"2025-12-29T22:18:50","date_gmt":"2025-12-29T19:18:50","guid":{"rendered":"https:\/\/baldumarket.lt\/product\/wood-szafka-rtv-2d-140-dab-craft-zloty\/"},"modified":"2026-04-07T18:19:22","modified_gmt":"2026-04-07T15:19:22","slug":"wood-szafka-rtv-2d-140-dab-craft-zloty","status":"publish","type":"product","link":"https:\/\/baldumarket.lt\/lt\/product\/wood-szafka-rtv-2d-140-dab-craft-zloty\/","title":{"rendered":"MEDIN\u0116 TV spintel\u0117, 2d\/140, auksinis \u0105\u017euolas"},"content":{"rendered":"<p>Medinis TV staliukas 2D\/140cm, \u0105\u017euolo spalvos, auksin\u0117s spalvos<br \/>\nWOOD televizoriaus staliukas turi lentynas su durel\u0117mis ir atvir\u0105 stiklin\u0119 lentyn\u0105, kuri\u0105 galima ap\u0161viesti. Skirtas televizoriui laikyti, jis taip pat puikiai tinka kitiems elektronikos prietaisams, nuotolinio valdymo pultams, kompaktiniams diskams ir \u017eurnalams laikyti.<br \/>\nJuodi akcentai pary\u0161kina auksinio \u0105\u017euolo gro\u017e\u012f.<br \/>\nModernus stilius, kuriame derinamas klasikinis medis su industrinio metalo akcentais.<br \/>\n\u00a0 Masyv\u016bs ir stabil\u016bs baldai, puikiai tinkantys moderni\u0173 sprendim\u0173 m\u0117g\u0117jams.<br \/>\n\u00a0 Lentyn\u0173 ap\u0161vietimas vitrin\u0173 viduje yra neprivalomas.<br \/>\n\u00a0 Minimalistin\u0117s rankenos taip pat atlieka dekoratyvin\u0119 funkcij\u0105.<br \/>\nRankenos: metalin\u0117s, ta\u0161kin\u0117s, juodos<br \/>\nVir\u0161us: laminuota bald\u0173 plok\u0161t\u0117, PVC kra\u0161tas<br \/>\nStal\u010diai: teleskopiniai<br \/>\nKorpusas: laminuota bald\u0173 plok\u0161t\u0117, PVC kra\u0161tai<br \/>\nPriekin\u0117s dalys: laminuota bald\u0173 plok\u0161t\u0117, PVC kra\u0161tai<br \/>\nKojel\u0117s: bald\u0173 lenta<br \/>\nSpalva: auksinis \u0105\u017euolas \/ juoda<br \/>\nInterjero dizaino entuziastai skirstomi \u012f tuos, kurie dievina \u0161iltus kambarius, ir tuos, kurie m\u0117gsta \u0161altas spalvas. WOOD \u2013 tikras kolekcijos perlas, kuris praskaidrins bet kok\u012f interjer\u0105. Auksinio atspalvio dirbtinio \u0105\u017euolo ir juodos spalvos derinys sukuria stulbinant\u012f efekt\u0105, suteikdamas interjerui eleganti\u0161k\u0105 charakter\u012f neprarandant jaukumo. Paprasta forma ir minimalistin\u0117s ranken\u0117l\u0117s pary\u0161kina \u0105\u017euolo ra\u0161to atspalv\u012f. Vitrinos elementai suteikia lengvumo tvirtai bald\u0173 konstrukcijai ir leid\u017eia eksponuoti dekoracijas, kurios, d\u0117ka papildomo vidaus ap\u0161vietimo, suteikia unikali\u0105 i\u0161vaizd\u0105.<\/p>","protected":false},"excerpt":{"rendered":"<p>Kolekcija: MEDIENA<br \/>\nPlotis cm: 140,2<br \/>\n\u016agis cm: 47,5<br \/>\nGylis cm: 44<\/p>","protected":false},"featured_media":234788,"comment_status":"open","ping_status":"open","template":"","meta":[],"product_brand":[],"product_cat":[9347,2970,1175],"product_tag":[],"class_list":{"0":"post-234787","1":"product","2":"type-product","3":"status-publish","4":"has-post-thumbnail","6":"product_cat-furniture-collection-wood","7":"product_cat-mebelbos","8":"product_cat-tv-stands","10":"first","11":"instock","12":"purchasable","13":"product-type-simple"},"_links":{"self":[{"href":"https:\/\/baldumarket.lt\/lt\/wp-json\/wp\/v2\/product\/234787","targetHints":{"allow":["GET"]}}],"collection":[{"href":"https:\/\/baldumarket.lt\/lt\/wp-json\/wp\/v2\/product"}],"about":[{"href":"https:\/\/baldumarket.lt\/lt\/wp-json\/wp\/v2\/types\/product"}],"replies":[{"embeddable":true,"href":"https:\/\/baldumarket.lt\/lt\/wp-json\/wp\/v2\/comments?post=234787"}],"wp:featuredmedia":[{"embeddable":true,"href":"https:\/\/baldumarket.lt\/lt\/wp-json\/wp\/v2\/media\/234788"}],"wp:attachment":[{"href":"https:\/\/baldumarket.lt\/lt\/wp-json\/wp\/v2\/media?parent=234787"}],"wp:term":[{"taxonomy":"product_brand","embeddable":true,"href":"https:\/\/baldumarket.lt\/lt\/wp-json\/wp\/v2\/product_brand?post=234787"},{"taxonomy":"product_cat","embeddable":true,"href":"https:\/\/baldumarket.lt\/lt\/wp-json\/wp\/v2\/product_cat?post=234787"},{"taxonomy":"product_tag","embeddable":true,"href":"https:\/\/baldumarket.lt\/lt\/wp-json\/wp\/v2\/product_tag?post=234787"}],"curies":[{"name":"wp","href":"https:\/\/api.w.org\/{rel}","templated":true}]}}