{"id":234782,"date":"2025-12-29T22:18:43","date_gmt":"2025-12-29T19:18:43","guid":{"rendered":"https:\/\/baldumarket.lt\/product\/wood-witryna-1d1w-dab-craft-zloty\/"},"modified":"2026-04-07T18:19:22","modified_gmt":"2026-04-07T15:19:22","slug":"wood-witryna-1d1w-dab-craft-zloty","status":"publish","type":"product","link":"https:\/\/baldumarket.lt\/lt\/product\/wood-witryna-1d1w-dab-craft-zloty\/","title":{"rendered":"MEDIN\u0116 vitrina, 1 vnt., 1 vnt., rankdarbi\u0173 \u0105\u017euolo spalvos, auksin\u0117"},"content":{"rendered":"<p>WOOD 1 dur\u0173 vitrina, auksinio \u0105\u017euolo spalvos<br \/>\nVien\u0173 dureli\u0173 WOOD vitrina pasi\u017eymi lentynomis, kurias gaubia durel\u0117mis, ir stiklin\u0117mis lentynomis, kurias u\u017edengia stiklinis priekis, kur\u012f galima papildomai ap\u0161viesti. \u0160is baldas puikiai tinka tokioms erdv\u0117ms kaip svetain\u0117, valgomasis, miegamasis, darbo kambarys, prie\u0161kambaris ar nam\u0173 biuras.<br \/>\nJuodi elementai pary\u0161kina auksinio \u0105\u017euolo atspalvio gro\u017e\u012f.<br \/>\nModernus stilius, kuriame derinamas klasikinis medis su industrinio metalo akcentais.<br \/>\n\u00a0 \u0160ie tvirti ir patvar\u016bs baldai puikiai tiks moderni\u0173 sprendim\u0173 m\u0117g\u0117jams.<br \/>\nVitrin\u0173 lentyn\u0173 ap\u0161vietimas yra neprivalomas.<br \/>\n\u00a0Minimalistin\u0117s rankenos, kurios taip pat atlieka dekoratyvin\u0119 funkcij\u0105<br \/>\nRankenos: metalin\u0117s, smailios, juodos<br \/>\nVir\u0161us: laminuota bald\u0173 plok\u0161t\u0117, PVC kra\u0161tas<br \/>\nStal\u010diai: teleskopiniai<br \/>\nKorpusas: laminuota bald\u0173 plok\u0161t\u0117, PVC kra\u0161tai<br \/>\nPriekin\u0117s dalys: laminuota bald\u0173 plok\u0161t\u0117, PVC kra\u0161tai<br \/>\nKojel\u0117s: bald\u0173 lenta<br \/>\nSpalva: auksinis \u0105\u017euolas \/ juoda<br \/>\nInterjero dizaino entuziastai skirstomi \u012f tuos, kurie dievina \u0161iltus kambarius, ir tuos, kurie m\u0117gsta \u0161altas spalvas. WOOD \u2013 tikras kolekcijos perlas, kuris praskaidrins bet kok\u012f interjer\u0105. Auksinio \u0105\u017euolo ir juodos spalvos derinys sukuria stulbinant\u012f efekt\u0105, suteikdamas interjerui eleganti\u0161k\u0105 charakter\u012f neprarandant jaukumo. Paprasta forma ir minimalistin\u0117s ranken\u0117l\u0117s i\u0161ry\u0161kina \u0105\u017euolo ra\u0161to atspalv\u012f. Ekspoziciniai elementai suteikia lengvumo tvirtai bald\u0173 konstrukcijai ir leid\u017eia eksponuoti dekoracijas, kurios, d\u0117ka papildomo ap\u0161vietimo bald\u0173 viduje, \u012fgauna unikali\u0105 i\u0161vaizd\u0105.<\/p>","protected":false},"excerpt":{"rendered":"<p>Kolekcija: MEDIENA<br \/>\nPlotis cm: 61,4<br \/>\n\u016agis cm: 195,5<br \/>\nGylis cm: 44<br \/>\nDur\u0173 skai\u010dius: 2<br \/>\nAp\u0161vietimas: Pasirinktinai u\u017e papildom\u0105 mokest\u012f<\/p>","protected":false},"featured_media":234783,"comment_status":"open","ping_status":"open","template":"","meta":[],"product_brand":[],"product_cat":[9347,2970,2006],"product_tag":[],"class_list":{"0":"post-234782","1":"product","2":"type-product","3":"status-publish","4":"has-post-thumbnail","6":"product_cat-furniture-collection-wood","7":"product_cat-mebelbos","8":"product_cat-vitrines","10":"first","11":"instock","12":"purchasable","13":"product-type-simple"},"_links":{"self":[{"href":"https:\/\/baldumarket.lt\/lt\/wp-json\/wp\/v2\/product\/234782","targetHints":{"allow":["GET"]}}],"collection":[{"href":"https:\/\/baldumarket.lt\/lt\/wp-json\/wp\/v2\/product"}],"about":[{"href":"https:\/\/baldumarket.lt\/lt\/wp-json\/wp\/v2\/types\/product"}],"replies":[{"embeddable":true,"href":"https:\/\/baldumarket.lt\/lt\/wp-json\/wp\/v2\/comments?post=234782"}],"wp:featuredmedia":[{"embeddable":true,"href":"https:\/\/baldumarket.lt\/lt\/wp-json\/wp\/v2\/media\/234783"}],"wp:attachment":[{"href":"https:\/\/baldumarket.lt\/lt\/wp-json\/wp\/v2\/media?parent=234782"}],"wp:term":[{"taxonomy":"product_brand","embeddable":true,"href":"https:\/\/baldumarket.lt\/lt\/wp-json\/wp\/v2\/product_brand?post=234782"},{"taxonomy":"product_cat","embeddable":true,"href":"https:\/\/baldumarket.lt\/lt\/wp-json\/wp\/v2\/product_cat?post=234782"},{"taxonomy":"product_tag","embeddable":true,"href":"https:\/\/baldumarket.lt\/lt\/wp-json\/wp\/v2\/product_tag?post=234782"}],"curies":[{"name":"wp","href":"https:\/\/api.w.org\/{rel}","templated":true}]}}