{"id":234779,"date":"2025-12-29T22:18:39","date_gmt":"2025-12-29T19:18:39","guid":{"rendered":"https:\/\/baldumarket.lt\/product\/wood-lawa-dab-craft-zloty\/"},"modified":"2026-04-08T08:39:54","modified_gmt":"2026-04-08T05:39:54","slug":"wood-lawa-dab-craft-zloty","status":"publish","type":"product","link":"https:\/\/baldumarket.lt\/lt\/product\/wood-lawa-dab-craft-zloty\/","title":{"rendered":"WOOD auksinis \u0105\u017euolinis kavos staliukas"},"content":{"rendered":"<p>WOOD kavos staliukas auksinio \u0105\u017euolo spalvos<br \/>\nKavos staliukas yra puikus bet kurio svetain\u0117s papildymas. WOOD kavos staliukas, be erdvaus stalvir\u0161io, po juo taip pat turi papildom\u0105 lentyn\u0105, kuri\u0105 galima naudoti nuotolinio valdymo pultams, \u017eurnalams ar u\u017ekand\u017eiams laikyti.<br \/>\nJuodi akcentai pary\u0161kina auksinio \u0105\u017euolo gro\u017e\u012f.<br \/>\nModernus stilius, kuriame derinamas klasikinis medis su industrinio metalo akcentais.<br \/>\n\u00a0 Masyv\u016bs ir stabil\u016bs baldai, puikiai tinkantys moderni\u0173 sprendim\u0173 m\u0117g\u0117jams.<br \/>\n\u00a0 Lentyn\u0173 ap\u0161vietimas vitrin\u0173 viduje yra neprivalomas.<br \/>\n\u00a0 Minimalistin\u0117s rankenos taip pat atlieka dekoratyvin\u0119 funkcij\u0105.<br \/>\nRankenos: metalin\u0117s, ta\u0161kin\u0117s, juodos<br \/>\nVir\u0161us: laminuota bald\u0173 plok\u0161t\u0117, PVC kra\u0161tas<br \/>\nStal\u010diai: teleskopiniai<br \/>\nKorpusas: laminuota bald\u0173 plok\u0161t\u0117, PVC kra\u0161tai<br \/>\nPriekin\u0117s dalys: laminuota bald\u0173 plok\u0161t\u0117, PVC kra\u0161tai<br \/>\nKojel\u0117s: bald\u0173 lenta<br \/>\nSpalva: auksinis \u0105\u017euolas \/ juoda<br \/>\nInterjero dizaino entuziastai skirstomi \u012f tuos, kurie dievina \u0161iltus kambarius, ir tuos, kurie m\u0117gsta \u0161altas spalvas. WOOD \u2013 tikras kolekcijos perlas, kuris praskaidrins bet kok\u012f interjer\u0105. Auksinio atspalvio dirbtinio \u0105\u017euolo ir juodos spalvos derinys sukuria stulbinant\u012f efekt\u0105, suteikdamas interjerui eleganti\u0161k\u0105 charakter\u012f neprarandant jaukumo. Paprasta forma ir minimalistin\u0117s ranken\u0117l\u0117s pary\u0161kina \u0105\u017euolo ra\u0161to atspalv\u012f. Vitrinos elementai suteikia lengvumo tvirtai bald\u0173 konstrukcijai ir leid\u017eia eksponuoti dekoracijas, kurios, d\u0117ka papildomo vidaus ap\u0161vietimo, suteikia unikali\u0105 i\u0161vaizd\u0105.<\/p>","protected":false},"excerpt":{"rendered":"<p>\u016agis cm: 45,5<br \/>\nPlotis cm: 100<br \/>\nGylis cm: 55<br \/>\nSavaranki\u0161kas surinkimas: TAIP<\/p>","protected":false},"featured_media":234780,"comment_status":"open","ping_status":"open","template":"","meta":[],"product_brand":[],"product_cat":[9347,866,2970],"product_tag":[],"class_list":{"0":"post-234779","1":"product","2":"type-product","3":"status-publish","4":"has-post-thumbnail","6":"product_cat-furniture-collection-wood","7":"product_cat-coffee-tables","8":"product_cat-mebelbos","10":"first","11":"instock","12":"purchasable","13":"product-type-simple"},"_links":{"self":[{"href":"https:\/\/baldumarket.lt\/lt\/wp-json\/wp\/v2\/product\/234779","targetHints":{"allow":["GET"]}}],"collection":[{"href":"https:\/\/baldumarket.lt\/lt\/wp-json\/wp\/v2\/product"}],"about":[{"href":"https:\/\/baldumarket.lt\/lt\/wp-json\/wp\/v2\/types\/product"}],"replies":[{"embeddable":true,"href":"https:\/\/baldumarket.lt\/lt\/wp-json\/wp\/v2\/comments?post=234779"}],"wp:featuredmedia":[{"embeddable":true,"href":"https:\/\/baldumarket.lt\/lt\/wp-json\/wp\/v2\/media\/234780"}],"wp:attachment":[{"href":"https:\/\/baldumarket.lt\/lt\/wp-json\/wp\/v2\/media?parent=234779"}],"wp:term":[{"taxonomy":"product_brand","embeddable":true,"href":"https:\/\/baldumarket.lt\/lt\/wp-json\/wp\/v2\/product_brand?post=234779"},{"taxonomy":"product_cat","embeddable":true,"href":"https:\/\/baldumarket.lt\/lt\/wp-json\/wp\/v2\/product_cat?post=234779"},{"taxonomy":"product_tag","embeddable":true,"href":"https:\/\/baldumarket.lt\/lt\/wp-json\/wp\/v2\/product_tag?post=234779"}],"curies":[{"name":"wp","href":"https:\/\/api.w.org\/{rel}","templated":true}]}}