{"id":234776,"date":"2025-12-29T22:18:35","date_gmt":"2025-12-29T19:18:35","guid":{"rendered":"https:\/\/baldumarket.lt\/product\/yolk-komoda-2d2s\/"},"modified":"2026-04-08T08:39:54","modified_gmt":"2026-04-08T05:39:54","slug":"yolk-komoda-2d2s","status":"publish","type":"product","link":"https:\/\/baldumarket.lt\/lt\/product\/yolk-komoda-2d2s\/","title":{"rendered":"YOLK komoda su stal\u010diais, 2 vnt"},"content":{"rendered":"<p>YOLK 2-D2S komoda, balta blizgi<br \/>\nYOLK komoda yra modernus ir eleganti\u0161kas baldas, visa tai d\u0117ka blizgi\u0173 balt\u0173 MDF fasad\u0173. Ji turi dvi lentynas, pasl\u0117ptas u\u017e rakinam\u0173 dureli\u0173, tod\u0117l namuose lengva palaikyti tvark\u0105. Be to, ji turi du stal\u010dius, puikiai tinkan\u010dius \u012fvairiems nieku\u010diams ir smulkiems daiktams. Paprastas dizainas ir universali balta spalva gali atrodyti nuobod\u017eiai, bet ne su YOLK kolekcija. Subtil\u016bs i\u0161pjovimai fasaduose, kurie tarnauja kaip rankenos, suteikia komodai eleganti\u0161kesn\u0119 ir i\u0161rai\u0161kingesn\u0119. Kita vertus, blizgi balta spalva suteikia bet kokiam kambario i\u0161d\u0117stymui lengvumo. Rinkit\u0117s vientis\u0105 spalv\u0105, kuri puikiai der\u0117s prie bet kokios sien\u0173 spalvos ir aksesuar\u0173, suteikdama j\u016bs\u0173 interjerui modernumo ir elegancijos.<br \/>\nDizainas;<br \/>\nPriekin\u0117s dalys: blizgios MDF plok\u0161t\u0117s<br \/>\nKorpusas: laminuota bald\u0173 plok\u0161t\u0117, dengta PVC<br \/>\nVir\u0161us: laminuota bald\u0173 plok\u0161t\u0117<br \/>\nStal\u010diai: rutuliniai guoliai, pilno i\u0161traukimo<br \/>\nKojel\u0117s: plastikin\u0117s<\/p>","protected":false},"excerpt":{"rendered":"<p>Kolekcija: TRYNYS<br \/>\nPlotis cm: 90<br \/>\n\u016agis cm: 89<br \/>\nGylis cm: 42<br \/>\nDur\u0173 skai\u010dius: 2<br \/>\nStal\u010di\u0173 skai\u010dius: 2<\/p>","protected":false},"featured_media":234777,"comment_status":"open","ping_status":"open","template":"","meta":[],"product_brand":[],"product_cat":[9348,1173,2970],"product_tag":[],"class_list":{"0":"post-234776","1":"product","2":"type-product","3":"status-publish","4":"has-post-thumbnail","6":"product_cat-furniture-collection-yolk","7":"product_cat-chests-of-drawers","8":"product_cat-mebelbos","10":"first","11":"instock","12":"purchasable","13":"product-type-simple"},"_links":{"self":[{"href":"https:\/\/baldumarket.lt\/lt\/wp-json\/wp\/v2\/product\/234776","targetHints":{"allow":["GET"]}}],"collection":[{"href":"https:\/\/baldumarket.lt\/lt\/wp-json\/wp\/v2\/product"}],"about":[{"href":"https:\/\/baldumarket.lt\/lt\/wp-json\/wp\/v2\/types\/product"}],"replies":[{"embeddable":true,"href":"https:\/\/baldumarket.lt\/lt\/wp-json\/wp\/v2\/comments?post=234776"}],"wp:featuredmedia":[{"embeddable":true,"href":"https:\/\/baldumarket.lt\/lt\/wp-json\/wp\/v2\/media\/234777"}],"wp:attachment":[{"href":"https:\/\/baldumarket.lt\/lt\/wp-json\/wp\/v2\/media?parent=234776"}],"wp:term":[{"taxonomy":"product_brand","embeddable":true,"href":"https:\/\/baldumarket.lt\/lt\/wp-json\/wp\/v2\/product_brand?post=234776"},{"taxonomy":"product_cat","embeddable":true,"href":"https:\/\/baldumarket.lt\/lt\/wp-json\/wp\/v2\/product_cat?post=234776"},{"taxonomy":"product_tag","embeddable":true,"href":"https:\/\/baldumarket.lt\/lt\/wp-json\/wp\/v2\/product_tag?post=234776"}],"curies":[{"name":"wp","href":"https:\/\/api.w.org\/{rel}","templated":true}]}}