{"id":234767,"date":"2025-12-29T22:18:21","date_gmt":"2025-12-29T19:18:21","guid":{"rendered":"https:\/\/baldumarket.lt\/product\/yolk-polka-140-bialy-polysk\/"},"modified":"2026-04-07T18:19:22","modified_gmt":"2026-04-07T15:19:22","slug":"yolk-polka-140-bialy-polysk","status":"publish","type":"product","link":"https:\/\/baldumarket.lt\/lt\/product\/yolk-polka-140-bialy-polysk\/","title":{"rendered":"TRYNI\u0172 LENTYNA 140 BALTA BLIZG\u0116"},"content":{"rendered":"<p>TRYNI\u0172 LENTYNA 140 BALTA BLIZG\u0116<br \/>\nLaikas \u012fkv\u0117pti gryno oro \u012f namus! Pakabinama lentyna \u201eYOLK\u201c \u017eavi ne tik savo nesenstan\u010diu dizainu, bet ir prakti\u0161kumu, naudojimo paprastumu bei originalumu. D\u0117l kompakti\u0161ko dyd\u017eio ji puikiai tinka ma\u017eoms erdv\u0117ms, suteikdama papildomos vietos daiktams susid\u0117ti. Sienin\u0117 lentyna \u201eYOLK\u201c suteikia puiki\u0105 viet\u0105 augalams, \u017evak\u0117ms ar kitiems dekoratyviniams daiktams. Universali balta spalva puikiai tinka daugeliui interjero dizain\u0173 ir stili\u0173. Rinkit\u0117s daikt\u0105, kuris puikiai der\u0117s prie bet kokios sien\u0173 spalvos ir aksesuar\u0173, suteikdamas j\u016bs\u0173 kambariui modernumo ir elegancijos.<br \/>\nPakabinama lentyna \u201eYOLK\u201c yra dviej\u0173 dyd\u017ei\u0173: 90 cm ir 140 cm.<br \/>\nMed\u017eiaga:<br \/>\nPriekin\u0117s dalys: blizgios MDF plok\u0161t\u0117s<br \/>\nKorpusas: laminuota bald\u0173 plok\u0161t\u0117, dengta PVC<\/p>","protected":false},"excerpt":{"rendered":"<p>YOLK LENTYNA 140 BALTA BLIZG\u0116 Laikas \u012fkv\u0117pti gaivaus oro \u012f namus! Pakabinama lentyna YOLK \u017eavi ne tik nesenstan\u010diu dizainu, bet ir prakti\u0161kumu, naudojimo paprastumu bei originalumu. D\u0117l kompakti\u0161ko dyd\u017eio ji puikiai tinka ma\u017eoms erdv\u0117ms, nes suteikia papildomos vietos daiktams susid\u0117ti. Sienin\u0117 lentyna YOLK suteikia [\u2026]<\/p>","protected":false},"featured_media":234768,"comment_status":"open","ping_status":"open","template":"","meta":[],"product_brand":[],"product_cat":[9348,1174,2970],"product_tag":[],"class_list":{"0":"post-234767","1":"product","2":"type-product","3":"status-publish","4":"has-post-thumbnail","6":"product_cat-furniture-collection-yolk","7":"product_cat-hanging-shelves","8":"product_cat-mebelbos","10":"first","11":"instock","12":"purchasable","13":"product-type-simple"},"_links":{"self":[{"href":"https:\/\/baldumarket.lt\/lt\/wp-json\/wp\/v2\/product\/234767","targetHints":{"allow":["GET"]}}],"collection":[{"href":"https:\/\/baldumarket.lt\/lt\/wp-json\/wp\/v2\/product"}],"about":[{"href":"https:\/\/baldumarket.lt\/lt\/wp-json\/wp\/v2\/types\/product"}],"replies":[{"embeddable":true,"href":"https:\/\/baldumarket.lt\/lt\/wp-json\/wp\/v2\/comments?post=234767"}],"wp:featuredmedia":[{"embeddable":true,"href":"https:\/\/baldumarket.lt\/lt\/wp-json\/wp\/v2\/media\/234768"}],"wp:attachment":[{"href":"https:\/\/baldumarket.lt\/lt\/wp-json\/wp\/v2\/media?parent=234767"}],"wp:term":[{"taxonomy":"product_brand","embeddable":true,"href":"https:\/\/baldumarket.lt\/lt\/wp-json\/wp\/v2\/product_brand?post=234767"},{"taxonomy":"product_cat","embeddable":true,"href":"https:\/\/baldumarket.lt\/lt\/wp-json\/wp\/v2\/product_cat?post=234767"},{"taxonomy":"product_tag","embeddable":true,"href":"https:\/\/baldumarket.lt\/lt\/wp-json\/wp\/v2\/product_tag?post=234767"}],"curies":[{"name":"wp","href":"https:\/\/api.w.org\/{rel}","templated":true}]}}