{"id":234754,"date":"2025-12-29T22:18:01","date_gmt":"2025-12-29T19:18:01","guid":{"rendered":"https:\/\/baldumarket.lt\/product\/yolk-szafa-4d\/"},"modified":"2026-04-08T08:39:54","modified_gmt":"2026-04-08T05:39:54","slug":"yolk-szafa-4d","status":"publish","type":"product","link":"https:\/\/baldumarket.lt\/lt\/product\/yolk-szafa-4d\/","title":{"rendered":"TRYNIO DRABU\u017dIN\u0116 4D"},"content":{"rendered":"<p>YOLK 4-D spinta, blizgi balta<br \/>\nMed\u017eiaga:<br \/>\nPriekin\u0117s dalys: blizgios MDF plok\u0161t\u0117s<br \/>\nKorpusas: laminuota bald\u0173 plok\u0161t\u0117, dengta PVC<br \/>\nVir\u0161us: laminuota bald\u0173 plok\u0161t\u0117<br \/>\nStal\u010diai: Pilno i\u0161traukimo rutuliniai guoliai<br \/>\nKojel\u0117s: plastikas<br \/>\nPaprasta forma ir universali balta spalva gali atrodyti nuobod\u017eiai, bet ne su \u201eYolk\u201c kolekcija. Subtil\u016bs i\u0161pjovimai, kurie fasaduose veikia kaip ranken\u0117l\u0117s, tampa eleganti\u0161kesni ir i\u0161rai\u0161kingesni. Blizgi balta spalva bet kokiam dekorui suteikia lengvumo. Rinkit\u0117s lengvum\u0105 ir \u017eaves\u012f, kurie puikiai papildys bet koki\u0105 sien\u0173 spalv\u0105 ir aksesuarus, suteikdami j\u016bs\u0173 interjerui modernumo ir elegancijos.<\/p>","protected":false},"excerpt":{"rendered":"<p>Kolekcija: TRYNYS<br \/>\nPlotis cm: 90<br \/>\n\u016agis cm: 190<br \/>\nGylis cm: 55<br \/>\nDur\u0173 skai\u010dius: 4<\/p>","protected":false},"featured_media":234755,"comment_status":"open","ping_status":"open","template":"","meta":[],"product_brand":[],"product_cat":[9348,2970,1177],"product_tag":[],"class_list":{"0":"post-234754","1":"product","2":"type-product","3":"status-publish","4":"has-post-thumbnail","6":"product_cat-furniture-collection-yolk","7":"product_cat-mebelbos","8":"product_cat-wardrobes","10":"first","11":"instock","12":"purchasable","13":"product-type-simple"},"_links":{"self":[{"href":"https:\/\/baldumarket.lt\/lt\/wp-json\/wp\/v2\/product\/234754","targetHints":{"allow":["GET"]}}],"collection":[{"href":"https:\/\/baldumarket.lt\/lt\/wp-json\/wp\/v2\/product"}],"about":[{"href":"https:\/\/baldumarket.lt\/lt\/wp-json\/wp\/v2\/types\/product"}],"replies":[{"embeddable":true,"href":"https:\/\/baldumarket.lt\/lt\/wp-json\/wp\/v2\/comments?post=234754"}],"wp:featuredmedia":[{"embeddable":true,"href":"https:\/\/baldumarket.lt\/lt\/wp-json\/wp\/v2\/media\/234755"}],"wp:attachment":[{"href":"https:\/\/baldumarket.lt\/lt\/wp-json\/wp\/v2\/media?parent=234754"}],"wp:term":[{"taxonomy":"product_brand","embeddable":true,"href":"https:\/\/baldumarket.lt\/lt\/wp-json\/wp\/v2\/product_brand?post=234754"},{"taxonomy":"product_cat","embeddable":true,"href":"https:\/\/baldumarket.lt\/lt\/wp-json\/wp\/v2\/product_cat?post=234754"},{"taxonomy":"product_tag","embeddable":true,"href":"https:\/\/baldumarket.lt\/lt\/wp-json\/wp\/v2\/product_tag?post=234754"}],"curies":[{"name":"wp","href":"https:\/\/api.w.org\/{rel}","templated":true}]}}