{"id":234745,"date":"2025-12-29T22:17:47","date_gmt":"2025-12-29T19:17:47","guid":{"rendered":"https:\/\/baldumarket.lt\/product\/yolk-witryna-2d2w\/"},"modified":"2026-04-08T08:39:54","modified_gmt":"2026-04-08T05:39:54","slug":"yolk-witryna-2d2w","status":"publish","type":"product","link":"https:\/\/baldumarket.lt\/lt\/product\/yolk-witryna-2d2w\/","title":{"rendered":"YOLK 2D2W vitrina"},"content":{"rendered":"<p>YOLK 2 dur\u0173, 2 dur\u0173, balta blizgi vitrina<br \/>\nModerni ir stilinga YOLK vitrina, kurios matmenys yra ma\u017edaug 90 x 148,5 x 42 cm ir kuri pasi\u017eymi blizgiais fasadais, suteikia daug vietos m\u0117gstamiausiems suvenyrams laikyti ir eksponuoti. U\u017e stiklini\u0173 dureli\u0173 yra dvi stiklin\u0117s lentynos, puikiai tinkan\u010dios kolekcionuojamiems daiktams, stalo \u012frankiams, knygoms ar dekoratyviniams daiktams eksponuoti. Papildomos lentynos, pasl\u0117ptos u\u017e tvirt\u0173 dvigub\u0173 dureli\u0173, suteikia galimyb\u0119 susid\u0117ti asmeninius lobius ir daiktus, kuri\u0173 nenorite rodyti. \u0160is baldas puikiai atrodys valgomajame, svetain\u0117je, virtuv\u0117je ar miegamajame. Universali balta spalva puikiai tinka daugeliui interjero dizain\u0173 ir stili\u0173. Rinkit\u0117s patikim\u0105 variant\u0105, kuris puikiai der\u0117s prie bet kokios sien\u0173 spalvos ir aksesuar\u0173, suteikdamas j\u016bs\u0173 kambariui modernumo ir elegancijos.<br \/>\nDizainas;<br \/>\nPriekin\u0117s dalys: blizgios MDF plok\u0161t\u0117s<br \/>\nKorpusas: laminuota bald\u0173 plok\u0161t\u0117, dengta PVC<br \/>\nVir\u0161us: laminuota bald\u0173 plok\u0161t\u0117<br \/>\nStal\u010diai: rutuliniai guoliai, pilno i\u0161traukimo<br \/>\nKojel\u0117s: plastikin\u0117s<\/p>","protected":false},"excerpt":{"rendered":"<p>Kolekcija: TRYNYS<br \/>\nPlotis cm: 90<br \/>\n\u016agis cm: 148,50<br \/>\nGylis cm: 42<\/p>","protected":false},"featured_media":234746,"comment_status":"open","ping_status":"open","template":"","meta":[],"product_brand":[],"product_cat":[9348,2970,2006],"product_tag":[],"class_list":{"0":"post-234745","1":"product","2":"type-product","3":"status-publish","4":"has-post-thumbnail","6":"product_cat-furniture-collection-yolk","7":"product_cat-mebelbos","8":"product_cat-vitrines","10":"first","11":"instock","12":"purchasable","13":"product-type-simple"},"_links":{"self":[{"href":"https:\/\/baldumarket.lt\/lt\/wp-json\/wp\/v2\/product\/234745","targetHints":{"allow":["GET"]}}],"collection":[{"href":"https:\/\/baldumarket.lt\/lt\/wp-json\/wp\/v2\/product"}],"about":[{"href":"https:\/\/baldumarket.lt\/lt\/wp-json\/wp\/v2\/types\/product"}],"replies":[{"embeddable":true,"href":"https:\/\/baldumarket.lt\/lt\/wp-json\/wp\/v2\/comments?post=234745"}],"wp:featuredmedia":[{"embeddable":true,"href":"https:\/\/baldumarket.lt\/lt\/wp-json\/wp\/v2\/media\/234746"}],"wp:attachment":[{"href":"https:\/\/baldumarket.lt\/lt\/wp-json\/wp\/v2\/media?parent=234745"}],"wp:term":[{"taxonomy":"product_brand","embeddable":true,"href":"https:\/\/baldumarket.lt\/lt\/wp-json\/wp\/v2\/product_brand?post=234745"},{"taxonomy":"product_cat","embeddable":true,"href":"https:\/\/baldumarket.lt\/lt\/wp-json\/wp\/v2\/product_cat?post=234745"},{"taxonomy":"product_tag","embeddable":true,"href":"https:\/\/baldumarket.lt\/lt\/wp-json\/wp\/v2\/product_tag?post=234745"}],"curies":[{"name":"wp","href":"https:\/\/api.w.org\/{rel}","templated":true}]}}