{"id":234740,"date":"2025-12-29T22:17:35","date_gmt":"2025-12-29T19:17:35","guid":{"rendered":"https:\/\/baldumarket.lt\/product\/yolk-lawa-120-bialy-polysk\/"},"modified":"2026-04-08T08:39:54","modified_gmt":"2026-04-08T05:39:54","slug":"yolk-lawa-120-bialy-polysk","status":"publish","type":"product","link":"https:\/\/baldumarket.lt\/lt\/product\/yolk-lawa-120-bialy-polysk\/","title":{"rendered":"YOLK SUOLAS 120 baltas blizgus"},"content":{"rendered":"<p>YOLK kavos staliukas 120, blizgi balta<br \/>\nMed\u017eiaga:<br \/>\nPriekin\u0117s dalys: blizgios MDF plok\u0161t\u0117s<br \/>\nKorpusas: laminuota bald\u0173 plok\u0161t\u0117, dengta PVC<br \/>\nVir\u0161us: laminuota bald\u0173 plok\u0161t\u0117<br \/>\nPaprasta forma ir universali balta spalva gali atrodyti nuobod\u017eiai, bet ne su \u201eYolk\u201c kolekcija. Subtil\u016bs i\u0161pjovimai, kurie fasaduose veikia kaip ranken\u0117l\u0117s, tampa eleganti\u0161kesni ir i\u0161rai\u0161kingesni. Blizgi balta spalva suteikia bet kokiam i\u0161d\u0117stymui lengvumo. Rinkit\u0117s lengvum\u0105 ir \u017eaves\u012f, kurie puikiai papildys bet koki\u0105 sien\u0173 spalv\u0105 ir aksesuarus, suteikdami j\u016bs\u0173 interjerui modernumo ir elegancijos.<\/p>","protected":false},"excerpt":{"rendered":"<p>YOLK kavos staliukas 120, blizgi balta Med\u017eiaga: Priekin\u0117s dalys: blizgi MDF plok\u0161t\u0117s Korpusas: laminuota bald\u0173 plok\u0161t\u0117, dengta PVC; Vir\u0161utin\u0117 dalis: laminuota bald\u0173 plok\u0161t\u0117. Paprasta forma ir universali balta spalva gali atrodyti nuobodi, bet ne su \u201eYolk\u201c kolekcija. Subtil\u016bs i\u0161pjovimai, kurie fasaduose veikia kaip rankenos, tampa eleganti\u0161kesni ir i\u0161rai\u0161kingesni. Blizgi balta spalva suteikia lengvumo [\u2026]<\/p>","protected":false},"featured_media":234741,"comment_status":"open","ping_status":"open","template":"","meta":[],"product_brand":[],"product_cat":[9348,866,2970],"product_tag":[],"class_list":{"0":"post-234740","1":"product","2":"type-product","3":"status-publish","4":"has-post-thumbnail","6":"product_cat-furniture-collection-yolk","7":"product_cat-coffee-tables","8":"product_cat-mebelbos","10":"first","11":"instock","12":"purchasable","13":"product-type-simple"},"_links":{"self":[{"href":"https:\/\/baldumarket.lt\/lt\/wp-json\/wp\/v2\/product\/234740","targetHints":{"allow":["GET"]}}],"collection":[{"href":"https:\/\/baldumarket.lt\/lt\/wp-json\/wp\/v2\/product"}],"about":[{"href":"https:\/\/baldumarket.lt\/lt\/wp-json\/wp\/v2\/types\/product"}],"replies":[{"embeddable":true,"href":"https:\/\/baldumarket.lt\/lt\/wp-json\/wp\/v2\/comments?post=234740"}],"wp:featuredmedia":[{"embeddable":true,"href":"https:\/\/baldumarket.lt\/lt\/wp-json\/wp\/v2\/media\/234741"}],"wp:attachment":[{"href":"https:\/\/baldumarket.lt\/lt\/wp-json\/wp\/v2\/media?parent=234740"}],"wp:term":[{"taxonomy":"product_brand","embeddable":true,"href":"https:\/\/baldumarket.lt\/lt\/wp-json\/wp\/v2\/product_brand?post=234740"},{"taxonomy":"product_cat","embeddable":true,"href":"https:\/\/baldumarket.lt\/lt\/wp-json\/wp\/v2\/product_cat?post=234740"},{"taxonomy":"product_tag","embeddable":true,"href":"https:\/\/baldumarket.lt\/lt\/wp-json\/wp\/v2\/product_tag?post=234740"}],"curies":[{"name":"wp","href":"https:\/\/api.w.org\/{rel}","templated":true}]}}