{"id":232987,"date":"2025-12-29T02:17:59","date_gmt":"2025-12-28T23:17:59","guid":{"rendered":"https:\/\/baldumarket.lt\/product\/wood-szafka\/"},"modified":"2026-02-11T18:35:50","modified_gmt":"2026-02-11T15:35:50","slug":"wood-szafka","status":"publish","type":"product","link":"https:\/\/baldumarket.lt\/lt\/product\/wood-szafka\/","title":{"rendered":"MEDIN\u0116 spintel\u0117"},"content":{"rendered":"<p>MEDIN\u0116 vitrina<br \/>\nWOOD vitrina puikiai tinka dekoratyvini\u0173 daikt\u0173, suvenyr\u0173 ar \u012fr\u0117mint\u0173 nuotrauk\u0173 laikymui ir eksponavimui.<br \/>\nMed\u017eiaga:<br \/>\nKorpusas ir fasadas: 16 mm matin\u0117 laminuota med\u017eio dro\u017eli\u0173 plok\u0161t\u0117<br \/>\nVir\u0161us: 16 mm matin\u0117 laminuota med\u017eio dro\u017eli\u0173 plok\u0161t\u0117<br \/>\nRankenos: n\u0117ra, priekin\u0117 dalis \u012fstatoma \u012f \u012fdub\u0105<br \/>\nKojel\u0117s: 16 mm matin\u0117 laminuota med\u017eio dro\u017eli\u0173 plok\u0161t\u0117<br \/>\nProdukto apra\u0161ymas:<br \/>\nUniversali vitrina, kurios fasadai gali atsidaryti \u012f kair\u0119 arba \u012f de\u0161in\u0119.<br \/>\n\u201eWood\u201c kolekcij\u0105 sudaro kavos staliukas, komoda, televizoriaus staliukas ir vitrina.<\/p>","protected":false},"excerpt":{"rendered":"<p>\u016agis cm: 170,5<br \/>\nPlotis cm: 65<br \/>\nGylis cm: 40<br \/>\nDur\u0173 skai\u010dius: 2<\/p>","protected":false},"featured_media":232988,"comment_status":"open","ping_status":"open","template":"","meta":[],"product_brand":[],"product_cat":[8388,1177],"product_tag":[],"class_list":{"0":"post-232987","1":"product","2":"type-product","3":"status-publish","4":"has-post-thumbnail","6":"product_cat-cama-meble","7":"product_cat-wardrobes","9":"first","10":"instock","11":"purchasable","12":"product-type-simple"},"_links":{"self":[{"href":"https:\/\/baldumarket.lt\/lt\/wp-json\/wp\/v2\/product\/232987","targetHints":{"allow":["GET"]}}],"collection":[{"href":"https:\/\/baldumarket.lt\/lt\/wp-json\/wp\/v2\/product"}],"about":[{"href":"https:\/\/baldumarket.lt\/lt\/wp-json\/wp\/v2\/types\/product"}],"replies":[{"embeddable":true,"href":"https:\/\/baldumarket.lt\/lt\/wp-json\/wp\/v2\/comments?post=232987"}],"wp:featuredmedia":[{"embeddable":true,"href":"https:\/\/baldumarket.lt\/lt\/wp-json\/wp\/v2\/media\/232988"}],"wp:attachment":[{"href":"https:\/\/baldumarket.lt\/lt\/wp-json\/wp\/v2\/media?parent=232987"}],"wp:term":[{"taxonomy":"product_brand","embeddable":true,"href":"https:\/\/baldumarket.lt\/lt\/wp-json\/wp\/v2\/product_brand?post=232987"},{"taxonomy":"product_cat","embeddable":true,"href":"https:\/\/baldumarket.lt\/lt\/wp-json\/wp\/v2\/product_cat?post=232987"},{"taxonomy":"product_tag","embeddable":true,"href":"https:\/\/baldumarket.lt\/lt\/wp-json\/wp\/v2\/product_tag?post=232987"}],"curies":[{"name":"wp","href":"https:\/\/api.w.org\/{rel}","templated":true}]}}