{"id":232983,"date":"2025-12-29T02:17:54","date_gmt":"2025-12-28T23:17:54","guid":{"rendered":"https:\/\/baldumarket.lt\/product\/wood-rtv\/"},"modified":"2026-02-11T18:35:50","modified_gmt":"2026-02-11T15:35:50","slug":"wood-rtv","status":"publish","type":"product","link":"https:\/\/baldumarket.lt\/lt\/product\/wood-rtv\/","title":{"rendered":"RTV MEDIENOS"},"content":{"rendered":"<p>MEDINIS TV<br \/>\n\u0160iltas med\u017eio atspalvis su antracito prieskoniu sukuria darni\u0105 visum\u0105, sukurdamas gra\u017e\u0173 ir funkcional\u0173 WOOD televizoriaus staliuk\u0105.<br \/>\nMed\u017eiaga:<br \/>\nKorpusas (vir\u0161us, \u0161onai) ir priekin\u0117 dalis: 16 mm matin\u0117 laminuota med\u017eio dro\u017eli\u0173 plok\u0161t\u0117<br \/>\nKojel\u0117s: 16 mm matin\u0117 laminuota med\u017eio dro\u017eli\u0173 plok\u0161t\u0117, besit\u0119sianti vir\u0161 vir\u0161aus (priklausomai nuo fasado)<br \/>\nRankenos: n\u0117ra, priekin\u0117s dalys i\u0161siki\u0161usios vir\u0161 vir\u0161aus<br \/>\nProdukto apra\u0161ymas:<br \/>\nDu \u0161oniniai atidaromi fasadai<br \/>\nCentrinis stal\u010dius<br \/>\nVieta televizijos \u012frangai<br \/>\n\u201eWood\u201c kolekcij\u0105 sudaro kavos staliukas, komoda, televizoriaus staliukas ir vitrina.<\/p>","protected":false},"excerpt":{"rendered":"<p>\u016agis cm: 48<br \/>\nPlotis cm: 180<br \/>\nGylis cm: 44<br \/>\nDur\u0173 skai\u010dius: 2<br \/>\nStal\u010di\u0173 skai\u010dius: 1<\/p>","protected":false},"featured_media":232984,"comment_status":"open","ping_status":"open","template":"","meta":[],"product_brand":[],"product_cat":[8388,1175],"product_tag":[],"class_list":{"0":"post-232983","1":"product","2":"type-product","3":"status-publish","4":"has-post-thumbnail","6":"product_cat-cama-meble","7":"product_cat-tv-stands","9":"first","10":"instock","11":"purchasable","12":"product-type-simple"},"_links":{"self":[{"href":"https:\/\/baldumarket.lt\/lt\/wp-json\/wp\/v2\/product\/232983","targetHints":{"allow":["GET"]}}],"collection":[{"href":"https:\/\/baldumarket.lt\/lt\/wp-json\/wp\/v2\/product"}],"about":[{"href":"https:\/\/baldumarket.lt\/lt\/wp-json\/wp\/v2\/types\/product"}],"replies":[{"embeddable":true,"href":"https:\/\/baldumarket.lt\/lt\/wp-json\/wp\/v2\/comments?post=232983"}],"wp:featuredmedia":[{"embeddable":true,"href":"https:\/\/baldumarket.lt\/lt\/wp-json\/wp\/v2\/media\/232984"}],"wp:attachment":[{"href":"https:\/\/baldumarket.lt\/lt\/wp-json\/wp\/v2\/media?parent=232983"}],"wp:term":[{"taxonomy":"product_brand","embeddable":true,"href":"https:\/\/baldumarket.lt\/lt\/wp-json\/wp\/v2\/product_brand?post=232983"},{"taxonomy":"product_cat","embeddable":true,"href":"https:\/\/baldumarket.lt\/lt\/wp-json\/wp\/v2\/product_cat?post=232983"},{"taxonomy":"product_tag","embeddable":true,"href":"https:\/\/baldumarket.lt\/lt\/wp-json\/wp\/v2\/product_tag?post=232983"}],"curies":[{"name":"wp","href":"https:\/\/api.w.org\/{rel}","templated":true}]}}