{"id":232980,"date":"2025-12-29T02:17:50","date_gmt":"2025-12-28T23:17:50","guid":{"rendered":"https:\/\/baldumarket.lt\/product\/wood-lawa\/"},"modified":"2026-02-11T18:35:50","modified_gmt":"2026-02-11T15:35:50","slug":"wood-lawa","status":"publish","type":"product","link":"https:\/\/baldumarket.lt\/lt\/product\/wood-lawa\/","title":{"rendered":"MEDINIS suolas"},"content":{"rendered":"<p>MEDINIS KAVOS STALIUKAS 120<br \/>\n\u0160iltas med\u017eio atspalvis su antracito prieskoniu sukuria darni\u0105 visum\u0105, sukurdamas gra\u017e\u0173 ir funkcional\u0173 WOOD kavos staliuk\u0105.<br \/>\nWotano \u0105\u017euolas + antracito spalva<br \/>\nMed\u017eiaga:<br \/>\nVir\u0161us: 16 mm matin\u0117 laminuota med\u017eio dro\u017eli\u0173 plok\u0161t\u0117<br \/>\nKojel\u0117s: 16 mm matin\u0117 laminuota med\u017eio dro\u017eli\u0173 plok\u0161t\u0117<br \/>\n\u201eWood\u201c kolekcij\u0105 sudaro kavos staliukas, komoda, televizoriaus staliukas ir vitrina.<\/p>","protected":false},"excerpt":{"rendered":"<p>\u016agis cm: 46<br \/>\nPlotis cm: 120<br \/>\nGylis cm: 54,5<br \/>\nPritaikoma: Ne<\/p>","protected":false},"featured_media":232981,"comment_status":"open","ping_status":"open","template":"","meta":[],"product_brand":[],"product_cat":[8388,866],"product_tag":[],"class_list":{"0":"post-232980","1":"product","2":"type-product","3":"status-publish","4":"has-post-thumbnail","6":"product_cat-cama-meble","7":"product_cat-coffee-tables","9":"first","10":"instock","11":"purchasable","12":"product-type-simple"},"_links":{"self":[{"href":"https:\/\/baldumarket.lt\/lt\/wp-json\/wp\/v2\/product\/232980","targetHints":{"allow":["GET"]}}],"collection":[{"href":"https:\/\/baldumarket.lt\/lt\/wp-json\/wp\/v2\/product"}],"about":[{"href":"https:\/\/baldumarket.lt\/lt\/wp-json\/wp\/v2\/types\/product"}],"replies":[{"embeddable":true,"href":"https:\/\/baldumarket.lt\/lt\/wp-json\/wp\/v2\/comments?post=232980"}],"wp:featuredmedia":[{"embeddable":true,"href":"https:\/\/baldumarket.lt\/lt\/wp-json\/wp\/v2\/media\/232981"}],"wp:attachment":[{"href":"https:\/\/baldumarket.lt\/lt\/wp-json\/wp\/v2\/media?parent=232980"}],"wp:term":[{"taxonomy":"product_brand","embeddable":true,"href":"https:\/\/baldumarket.lt\/lt\/wp-json\/wp\/v2\/product_brand?post=232980"},{"taxonomy":"product_cat","embeddable":true,"href":"https:\/\/baldumarket.lt\/lt\/wp-json\/wp\/v2\/product_cat?post=232980"},{"taxonomy":"product_tag","embeddable":true,"href":"https:\/\/baldumarket.lt\/lt\/wp-json\/wp\/v2\/product_tag?post=232980"}],"curies":[{"name":"wp","href":"https:\/\/api.w.org\/{rel}","templated":true}]}}