{"id":232975,"date":"2025-12-29T02:17:44","date_gmt":"2025-12-28T23:17:44","guid":{"rendered":"https:\/\/baldumarket.lt\/product\/wood-komoda\/"},"modified":"2026-02-11T18:35:50","modified_gmt":"2026-02-11T15:35:50","slug":"wood-komoda","status":"publish","type":"product","link":"https:\/\/baldumarket.lt\/lt\/product\/wood-komoda\/","title":{"rendered":"MEDIN\u0116 komoda"},"content":{"rendered":"<p>MEDIN\u0116 komoda<br \/>\nPaprasta, bet eleganti\u0161ka WOOD komoda atnaujins bet kuri\u0105 svetain\u0119, suteikdama jai unikal\u0173 stili\u0173.<br \/>\nMed\u017eiaga:<br \/>\nKorpusas (vir\u0161us, \u0161onai) ir priekin\u0117 dalis: 16 mm matin\u0117 laminuota med\u017eio dro\u017eli\u0173 plok\u0161t\u0117<br \/>\nKojel\u0117s: 16 mm matin\u0117 laminuota med\u017eio dro\u017eli\u0173 plok\u0161t\u0117, i\u0161siki\u0161usi vir\u0161 vir\u0161aus (lygiai su fasadais)<br \/>\nRankenos: n\u0117ra, priekin\u0117s dalys i\u0161siki\u0161usios vir\u0161 vir\u0161aus<br \/>\nProdukto apra\u0161ymas:<br \/>\nDu fasadai atsiveria \u012f \u0161onus, kiekvienoje j\u0173 yra po lentyn\u0105<br \/>\nDur\u0173 ir stal\u010di\u0173 fasadai i\u0161siki\u0161a vir\u0161 vir\u0161aus<br \/>\nDu stal\u010diai centre<br \/>\nDu skyriai<br \/>\n\u201eWood\u201c kolekcij\u0105 sudaro kavos staliukas, komoda, televizoriaus staliukas ir vitrina.<\/p>","protected":false},"excerpt":{"rendered":"<p>Auk\u0161tis cm: 80<br \/>\nPlotis cm: 164<br \/>\nGylis cm: 44<br \/>\nDur\u0173 skai\u010dius: 2<br \/>\nStal\u010di\u0173 skai\u010dius: 2<\/p>","protected":false},"featured_media":232976,"comment_status":"open","ping_status":"open","template":"","meta":[],"product_brand":[],"product_cat":[8388,1173],"product_tag":[],"class_list":{"0":"post-232975","1":"product","2":"type-product","3":"status-publish","4":"has-post-thumbnail","6":"product_cat-cama-meble","7":"product_cat-chests-of-drawers","9":"first","10":"instock","11":"purchasable","12":"product-type-simple"},"_links":{"self":[{"href":"https:\/\/baldumarket.lt\/lt\/wp-json\/wp\/v2\/product\/232975","targetHints":{"allow":["GET"]}}],"collection":[{"href":"https:\/\/baldumarket.lt\/lt\/wp-json\/wp\/v2\/product"}],"about":[{"href":"https:\/\/baldumarket.lt\/lt\/wp-json\/wp\/v2\/types\/product"}],"replies":[{"embeddable":true,"href":"https:\/\/baldumarket.lt\/lt\/wp-json\/wp\/v2\/comments?post=232975"}],"wp:featuredmedia":[{"embeddable":true,"href":"https:\/\/baldumarket.lt\/lt\/wp-json\/wp\/v2\/media\/232976"}],"wp:attachment":[{"href":"https:\/\/baldumarket.lt\/lt\/wp-json\/wp\/v2\/media?parent=232975"}],"wp:term":[{"taxonomy":"product_brand","embeddable":true,"href":"https:\/\/baldumarket.lt\/lt\/wp-json\/wp\/v2\/product_brand?post=232975"},{"taxonomy":"product_cat","embeddable":true,"href":"https:\/\/baldumarket.lt\/lt\/wp-json\/wp\/v2\/product_cat?post=232975"},{"taxonomy":"product_tag","embeddable":true,"href":"https:\/\/baldumarket.lt\/lt\/wp-json\/wp\/v2\/product_tag?post=232975"}],"curies":[{"name":"wp","href":"https:\/\/api.w.org\/{rel}","templated":true}]}}