{"id":232961,"date":"2025-12-29T02:17:26","date_gmt":"2025-12-28T23:17:26","guid":{"rendered":"https:\/\/baldumarket.lt\/product\/volare-komoda-z-kominkiem-200\/"},"modified":"2026-02-11T18:35:50","modified_gmt":"2026-02-11T15:35:50","slug":"volare-komoda-z-kominkiem-200","status":"publish","type":"product","link":"https:\/\/baldumarket.lt\/lt\/product\/volare-komoda-z-kominkiem-200\/","title":{"rendered":"VOLARE komoda su \u017eidiniu 200"},"content":{"rendered":"<p>VOLARE KOMODA 200 su \u017eidiniu<br \/>\n\u0160i komoda yra keturi\u0173 spalv\u0173:<br \/>\nmatin\u0117 juoda\/matin\u0117 juoda<br \/>\nmatin\u0117 juoda\/rie\u0161utmed\u017eio<br \/>\nmatin\u0117 juoda \/ San Sebastiano juoda<br \/>\nmatinis ka\u0161myras\/matinis ka\u0161myras<br \/>\nBe ranken\u0173, atidarykite paspausdami<br \/>\nAnt kojeli\u0173 \u2013 komoda pastatyta ant kojeli\u0173, tod\u0117l ji atrodo lengva ir eleganti\u0161ka, be to, lengviau valyti po ja.<br \/>\nApval\u016bs \u0161onai \u2013 komodos \u0161onai yra apval\u016bs, tod\u0117l atrodo modernu ir stilingu, be to, padid\u0117ja saugumas, nes suma\u017e\u0117ja rizika atsitrenkti \u012f a\u0161trius kra\u0161tus.<br \/>\n\u00a0 Komodoje yra \u017eidinys<br \/>\n\u0160i komoda gali b\u016bti idealus pasirinkimas svetainei, kur ji ne tik atlieka prakti\u0161ko daikt\u0173 laikymo, bet ir dekoratyvinio elemento funkcij\u0105. Komodos stilius gali skirtis ir tur\u0117t\u0173 b\u016bti derinamas su likusiu kambario dekoru.<\/p>","protected":false},"excerpt":{"rendered":"<p>Auk\u0161tis cm: 75<br \/>\nPlotis cm: 200<br \/>\nGylis cm: 39<\/p>","protected":false},"featured_media":232962,"comment_status":"open","ping_status":"open","template":"","meta":[],"product_brand":[],"product_cat":[8388,1173],"product_tag":[],"class_list":{"0":"post-232961","1":"product","2":"type-product","3":"status-publish","4":"has-post-thumbnail","6":"product_cat-cama-meble","7":"product_cat-chests-of-drawers","9":"first","10":"instock","11":"purchasable","12":"product-type-simple"},"_links":{"self":[{"href":"https:\/\/baldumarket.lt\/lt\/wp-json\/wp\/v2\/product\/232961","targetHints":{"allow":["GET"]}}],"collection":[{"href":"https:\/\/baldumarket.lt\/lt\/wp-json\/wp\/v2\/product"}],"about":[{"href":"https:\/\/baldumarket.lt\/lt\/wp-json\/wp\/v2\/types\/product"}],"replies":[{"embeddable":true,"href":"https:\/\/baldumarket.lt\/lt\/wp-json\/wp\/v2\/comments?post=232961"}],"wp:featuredmedia":[{"embeddable":true,"href":"https:\/\/baldumarket.lt\/lt\/wp-json\/wp\/v2\/media\/232962"}],"wp:attachment":[{"href":"https:\/\/baldumarket.lt\/lt\/wp-json\/wp\/v2\/media?parent=232961"}],"wp:term":[{"taxonomy":"product_brand","embeddable":true,"href":"https:\/\/baldumarket.lt\/lt\/wp-json\/wp\/v2\/product_brand?post=232961"},{"taxonomy":"product_cat","embeddable":true,"href":"https:\/\/baldumarket.lt\/lt\/wp-json\/wp\/v2\/product_cat?post=232961"},{"taxonomy":"product_tag","embeddable":true,"href":"https:\/\/baldumarket.lt\/lt\/wp-json\/wp\/v2\/product_tag?post=232961"}],"curies":[{"name":"wp","href":"https:\/\/api.w.org\/{rel}","templated":true}]}}