{"id":232954,"date":"2025-12-29T02:17:17","date_gmt":"2025-12-28T23:17:17","guid":{"rendered":"https:\/\/baldumarket.lt\/product\/volare-komoda-3d-150\/"},"modified":"2026-02-11T18:35:50","modified_gmt":"2026-02-11T15:35:50","slug":"volare-komoda-3d-150","status":"publish","type":"product","link":"https:\/\/baldumarket.lt\/lt\/product\/volare-komoda-3d-150\/","title":{"rendered":"VOLARE 3D KR\u016aTIN\u0116 150"},"content":{"rendered":"<p>VOLARE 3D komoda su stal\u010diais<br \/>\n\u0160i komoda yra keturi\u0173 spalv\u0173:<br \/>\nmatin\u0117 juoda\/matin\u0117 juoda<br \/>\nmatin\u0117 juoda\/rie\u0161utmed\u017eio<br \/>\nmatin\u0117 juoda \/ San Sebastiano juoda<br \/>\nmatinis ka\u0161myras\/matinis ka\u0161myras<br \/>\nBe ranken\u0173, atidarykite paspausdami<br \/>\nAnt kojeli\u0173 \u2013 komoda pastatyta ant kojeli\u0173, tod\u0117l ji atrodo lengva ir eleganti\u0161ka, be to, lengviau valyti po ja.<br \/>\nApval\u016bs \u0161onai \u2013 komodos \u0161onai yra apval\u016bs, tod\u0117l atrodo modernu ir stilingu, be to, padid\u0117ja saugumas, nes suma\u017e\u0117ja rizika atsitrenkti \u012f a\u0161trius kra\u0161tus.<br \/>\nTrej\u0173 dur\u0173 \u2013 komoda turi tris duris, o tai rodo, kad vidus yra padalintas \u012f tris atskiras dalis. Tai gali rodyti erdv\u0173 ir gerai organizuot\u0105 interjer\u0105.<br \/>\n\u0160i komoda gali b\u016bti idealus pasirinkimas svetainei, miegamajam ar prie\u0161kambariui, kur ji ne tik atlieka prakti\u0161ko daikt\u0173 laikymo, bet ir dekoratyvinio elemento funkcij\u0105. Komodos stilius gali skirtis ir tur\u0117t\u0173 b\u016bti derinamas su likusiu kambario dekoru.<\/p>","protected":false},"excerpt":{"rendered":"<p>Auk\u0161tis cm: 75<br \/>\nPlotis cm: 151<br \/>\nGylis cm: 39<br \/>\nDur\u0173 skai\u010dius: 3<br \/>\nPritaikoma: Taip<\/p>","protected":false},"featured_media":232955,"comment_status":"open","ping_status":"open","template":"","meta":[],"product_brand":[],"product_cat":[8388,1173],"product_tag":[],"class_list":{"0":"post-232954","1":"product","2":"type-product","3":"status-publish","4":"has-post-thumbnail","6":"product_cat-cama-meble","7":"product_cat-chests-of-drawers","9":"first","10":"instock","11":"purchasable","12":"product-type-simple"},"_links":{"self":[{"href":"https:\/\/baldumarket.lt\/lt\/wp-json\/wp\/v2\/product\/232954","targetHints":{"allow":["GET"]}}],"collection":[{"href":"https:\/\/baldumarket.lt\/lt\/wp-json\/wp\/v2\/product"}],"about":[{"href":"https:\/\/baldumarket.lt\/lt\/wp-json\/wp\/v2\/types\/product"}],"replies":[{"embeddable":true,"href":"https:\/\/baldumarket.lt\/lt\/wp-json\/wp\/v2\/comments?post=232954"}],"wp:featuredmedia":[{"embeddable":true,"href":"https:\/\/baldumarket.lt\/lt\/wp-json\/wp\/v2\/media\/232955"}],"wp:attachment":[{"href":"https:\/\/baldumarket.lt\/lt\/wp-json\/wp\/v2\/media?parent=232954"}],"wp:term":[{"taxonomy":"product_brand","embeddable":true,"href":"https:\/\/baldumarket.lt\/lt\/wp-json\/wp\/v2\/product_brand?post=232954"},{"taxonomy":"product_cat","embeddable":true,"href":"https:\/\/baldumarket.lt\/lt\/wp-json\/wp\/v2\/product_cat?post=232954"},{"taxonomy":"product_tag","embeddable":true,"href":"https:\/\/baldumarket.lt\/lt\/wp-json\/wp\/v2\/product_tag?post=232954"}],"curies":[{"name":"wp","href":"https:\/\/api.w.org\/{rel}","templated":true}]}}