{"id":232949,"date":"2025-12-29T02:17:10","date_gmt":"2025-12-28T23:17:10","guid":{"rendered":"https:\/\/baldumarket.lt\/product\/vigo-new-szafka\/"},"modified":"2026-02-11T18:35:50","modified_gmt":"2026-02-11T15:35:50","slug":"vigo-new-szafka","status":"publish","type":"product","link":"https:\/\/baldumarket.lt\/lt\/product\/vigo-new-szafka\/","title":{"rendered":"VIGO NAUJA spintel\u0117"},"content":{"rendered":"<p>Vigo naujas kabinetas<br \/>\n\u0160i spintel\u0117 pasi\u017eymi blizgia atvira priekine dalimi (be stiklo), viena fiksuota (siauresne) priekine dalimi ir viena atidaroma (platesne) priekine dalimi. Viduje yra trys stiklin\u0117s lentynos. \u201eVigo\u201c bald\u0173 kolekcija atrodo labai eleganti\u0161kai ir moderniai. Bald\u0173 gamyboje naudojamos auk\u0161tos kokyb\u0117s bald\u0173 plok\u0161t\u0117s ir furnit\u016bra, u\u017etikrinantys patvarum\u0105 ir tvirtum\u0105.<br \/>\nPakabinama spintel\u0117 su standartiniu m\u0117lynu LED ap\u0161vietimu<br \/>\nModerniam interjerui rinkit\u0117s baldus su blizgiais arba pilnai Wotan \u0105\u017euolo fasadais. VIGO NEW spintel\u0117 idealiai tinka tiek ma\u017eoms, tiek didel\u0117ms erdv\u0117ms.<br \/>\nSpintel\u0117 si\u016bloma \u012fvairi\u0173 spalv\u0173 \u2013 su blizgiais baltais ir juodais fasadais bei matiniais \u201eWotan\u201c \u0105\u017euolo fasadais. Spintel\u0117s yra matin\u0117s baltos, matin\u0117s juodos, \u0161viesios \u201eSonoma\u201c ir \u201eWotan\u201c spalv\u0173.<\/p>","protected":false},"excerpt":{"rendered":"<p>Auk\u0161tis cm: 180<br \/>\nPlotis cm: 40<br \/>\nGylis cm: 30<br \/>\nDur\u0173 skai\u010dius: 1<br \/>\nAp\u0161vietimas \u012ftrauktas<\/p>","protected":false},"featured_media":232950,"comment_status":"open","ping_status":"open","template":"","meta":[],"product_brand":[],"product_cat":[8388,1177],"product_tag":[],"class_list":{"0":"post-232949","1":"product","2":"type-product","3":"status-publish","4":"has-post-thumbnail","6":"product_cat-cama-meble","7":"product_cat-wardrobes","9":"first","10":"instock","11":"purchasable","12":"product-type-simple"},"_links":{"self":[{"href":"https:\/\/baldumarket.lt\/lt\/wp-json\/wp\/v2\/product\/232949","targetHints":{"allow":["GET"]}}],"collection":[{"href":"https:\/\/baldumarket.lt\/lt\/wp-json\/wp\/v2\/product"}],"about":[{"href":"https:\/\/baldumarket.lt\/lt\/wp-json\/wp\/v2\/types\/product"}],"replies":[{"embeddable":true,"href":"https:\/\/baldumarket.lt\/lt\/wp-json\/wp\/v2\/comments?post=232949"}],"wp:featuredmedia":[{"embeddable":true,"href":"https:\/\/baldumarket.lt\/lt\/wp-json\/wp\/v2\/media\/232950"}],"wp:attachment":[{"href":"https:\/\/baldumarket.lt\/lt\/wp-json\/wp\/v2\/media?parent=232949"}],"wp:term":[{"taxonomy":"product_brand","embeddable":true,"href":"https:\/\/baldumarket.lt\/lt\/wp-json\/wp\/v2\/product_brand?post=232949"},{"taxonomy":"product_cat","embeddable":true,"href":"https:\/\/baldumarket.lt\/lt\/wp-json\/wp\/v2\/product_cat?post=232949"},{"taxonomy":"product_tag","embeddable":true,"href":"https:\/\/baldumarket.lt\/lt\/wp-json\/wp\/v2\/product_tag?post=232949"}],"curies":[{"name":"wp","href":"https:\/\/api.w.org\/{rel}","templated":true}]}}