{"id":232924,"date":"2025-12-29T02:16:39","date_gmt":"2025-12-28T23:16:39","guid":{"rendered":"https:\/\/baldumarket.lt\/product\/vigo-90-szafka-wiszaca\/"},"modified":"2026-02-11T18:35:50","modified_gmt":"2026-02-11T15:35:50","slug":"vigo-90-szafka-wiszaca","status":"publish","type":"product","link":"https:\/\/baldumarket.lt\/lt\/product\/vigo-90-szafka-wiszaca\/","title":{"rendered":"VIGO 90 prie sienos montuojama spintel\u0117"},"content":{"rendered":"<p>VIGO 90 prie sienos pakabinama spintel\u0117<br \/>\n\u0160ios spintel\u0117s priekin\u0117 dalis atsidaro \u012f vir\u0161\u0173, naudojant \u201cPUSH-CLICK\u201d sistem\u0105 su atidarymo ribotuvais, kad b\u016bt\u0173 i\u0161vengta atsitiktinio pa\u017eeidimo. \u201eVigo\u201c bald\u0173 kolekcija pasi\u017eymi labai eleganti\u0161ka ir modernia i\u0161vaizda. Bald\u0173 gamyboje naudojamos auk\u0161tos kokyb\u0117s bald\u0173 plok\u0161t\u0117s ir priedai, u\u017etikrinantys patvarum\u0105 ir tvirtum\u0105.<br \/>\nModerniam interjerui rinkit\u0117s baldus su blizgiais arba pilnai apdailintomis \u2019Wotan\u2019 \u0105\u017euolo fasadais. VIGO \u201e90\u201c spintel\u0117 idealiai tinka tiek ma\u017eoms, tiek didel\u0117ms erdv\u0117ms.<br \/>\nSpintel\u0117 si\u016bloma \u012fvairi\u0173 spalv\u0173 \u2013 su blizgiais baltais ir juodais fasadais bei matiniais \u201eWotan\u201c \u0105\u017euolo fasadais. Spintel\u0117s yra matin\u0117s baltos, matin\u0117s juodos, \u0161viesios \u201eSonoma\u201c ir \u201eWotan\u201c spalv\u0173.<\/p>","protected":false},"excerpt":{"rendered":"<p>Auk\u0161tis cm: 35<br \/>\nPlotis cm: 90<br \/>\nGylis cm: 32<br \/>\nDur\u0173 skai\u010dius: 1<\/p>","protected":false},"featured_media":232925,"comment_status":"open","ping_status":"open","template":"","meta":[],"product_brand":[],"product_cat":[8388,1174],"product_tag":[],"class_list":{"0":"post-232924","1":"product","2":"type-product","3":"status-publish","4":"has-post-thumbnail","6":"product_cat-cama-meble","7":"product_cat-hanging-shelves","9":"first","10":"instock","11":"purchasable","12":"product-type-simple"},"_links":{"self":[{"href":"https:\/\/baldumarket.lt\/lt\/wp-json\/wp\/v2\/product\/232924","targetHints":{"allow":["GET"]}}],"collection":[{"href":"https:\/\/baldumarket.lt\/lt\/wp-json\/wp\/v2\/product"}],"about":[{"href":"https:\/\/baldumarket.lt\/lt\/wp-json\/wp\/v2\/types\/product"}],"replies":[{"embeddable":true,"href":"https:\/\/baldumarket.lt\/lt\/wp-json\/wp\/v2\/comments?post=232924"}],"wp:featuredmedia":[{"embeddable":true,"href":"https:\/\/baldumarket.lt\/lt\/wp-json\/wp\/v2\/media\/232925"}],"wp:attachment":[{"href":"https:\/\/baldumarket.lt\/lt\/wp-json\/wp\/v2\/media?parent=232924"}],"wp:term":[{"taxonomy":"product_brand","embeddable":true,"href":"https:\/\/baldumarket.lt\/lt\/wp-json\/wp\/v2\/product_brand?post=232924"},{"taxonomy":"product_cat","embeddable":true,"href":"https:\/\/baldumarket.lt\/lt\/wp-json\/wp\/v2\/product_cat?post=232924"},{"taxonomy":"product_tag","embeddable":true,"href":"https:\/\/baldumarket.lt\/lt\/wp-json\/wp\/v2\/product_tag?post=232924"}],"curies":[{"name":"wp","href":"https:\/\/api.w.org\/{rel}","templated":true}]}}