{"id":232917,"date":"2025-12-29T02:16:30","date_gmt":"2025-12-28T23:16:30","guid":{"rendered":"https:\/\/baldumarket.lt\/product\/vigo-180-witryna\/"},"modified":"2026-02-11T18:35:50","modified_gmt":"2026-02-11T15:35:50","slug":"vigo-180-witryna","status":"publish","type":"product","link":"https:\/\/baldumarket.lt\/lt\/product\/vigo-180-witryna\/","title":{"rendered":"VIGO 180 vitrina"},"content":{"rendered":"<p>Vigo \u2018180\u2019 stiklin\u0117 vitrina<br \/>\n\u0160ios vitrinos priekis atsidaro naudojant \u201cPUSH-CLICK\u201d sistem\u0105. Priekin\u0117 dalis yra universali ir gali b\u016bti montuojama kair\u0117je arba de\u0161in\u0117je pus\u0117je. Viduje yra keturios stiklin\u0117s lentynos. \u201eVigo\u201c bald\u0173 kolekcija atrodo labai eleganti\u0161kai ir moderniai. Bald\u0173 gamyboje naudojamos auk\u0161tos kokyb\u0117s bald\u0173 plok\u0161t\u0117s ir furnit\u016bra, u\u017etikrinantys patvarum\u0105 ir tvirtum\u0105.<br \/>\nPakabinama vitrina<br \/>\nStandarti\u0161kai komplektuojama m\u0117lyna LED ap\u0161vietimo sistema, sumontuota ant stiklo.<br \/>\nModerniam interjerui rinkit\u0117s baldus su blizgiais arba pilnai Wotano \u0105\u017euolo fasadais. VIGO \u2018180\u2019 vitrina idealiai tinka tiek ma\u017eoms, tiek didel\u0117ms erdv\u0117ms.<br \/>\nVitrina si\u016bloma \u012fvairi\u0173 spalv\u0173 \u2013 su blizgios baltos ir juodos spalvos fasadais bei matin\u0117s \u201eWotan\u201c \u0105\u017euolo spalvos fasadais. R\u0117mai gali b\u016bti matin\u0117s baltos, matin\u0117s juodos, \u0161viesios \u201eSonoma\u201c ir \u201eWotan\u201c spalvos.<\/p>","protected":false},"excerpt":{"rendered":"<p>Auk\u0161tis cm: 180<br \/>\nPlotis cm: 40<br \/>\nGylis cm: 30<br \/>\nDur\u0173 skai\u010dius: 1<br \/>\nAp\u0161vietimas \u012ftrauktas<\/p>","protected":false},"featured_media":232918,"comment_status":"open","ping_status":"open","template":"","meta":[],"product_brand":[],"product_cat":[8388,2006],"product_tag":[],"class_list":{"0":"post-232917","1":"product","2":"type-product","3":"status-publish","4":"has-post-thumbnail","6":"product_cat-cama-meble","7":"product_cat-vitrines","9":"first","10":"instock","11":"purchasable","12":"product-type-simple"},"_links":{"self":[{"href":"https:\/\/baldumarket.lt\/lt\/wp-json\/wp\/v2\/product\/232917","targetHints":{"allow":["GET"]}}],"collection":[{"href":"https:\/\/baldumarket.lt\/lt\/wp-json\/wp\/v2\/product"}],"about":[{"href":"https:\/\/baldumarket.lt\/lt\/wp-json\/wp\/v2\/types\/product"}],"replies":[{"embeddable":true,"href":"https:\/\/baldumarket.lt\/lt\/wp-json\/wp\/v2\/comments?post=232917"}],"wp:featuredmedia":[{"embeddable":true,"href":"https:\/\/baldumarket.lt\/lt\/wp-json\/wp\/v2\/media\/232918"}],"wp:attachment":[{"href":"https:\/\/baldumarket.lt\/lt\/wp-json\/wp\/v2\/media?parent=232917"}],"wp:term":[{"taxonomy":"product_brand","embeddable":true,"href":"https:\/\/baldumarket.lt\/lt\/wp-json\/wp\/v2\/product_brand?post=232917"},{"taxonomy":"product_cat","embeddable":true,"href":"https:\/\/baldumarket.lt\/lt\/wp-json\/wp\/v2\/product_cat?post=232917"},{"taxonomy":"product_tag","embeddable":true,"href":"https:\/\/baldumarket.lt\/lt\/wp-json\/wp\/v2\/product_tag?post=232917"}],"curies":[{"name":"wp","href":"https:\/\/api.w.org\/{rel}","templated":true}]}}