{"id":232903,"date":"2025-12-29T02:16:12","date_gmt":"2025-12-28T23:16:12","guid":{"rendered":"https:\/\/baldumarket.lt\/product\/vigo-180-szafka-pelna\/"},"modified":"2026-02-11T18:35:51","modified_gmt":"2026-02-11T15:35:51","slug":"vigo-180-szafka-pelna","status":"publish","type":"product","link":"https:\/\/baldumarket.lt\/lt\/product\/vigo-180-szafka-pelna\/","title":{"rendered":"VIGO 180 Pilna spintel\u0117"},"content":{"rendered":"<p>Vigo \u2018180\u2019 pilnai \u012frengta vitrina<br \/>\n\u0160ios vitrinos priekis atsidaro naudojant \u201cPUSH-CLICK\u201d sistem\u0105. Priekin\u0117 dalis yra universali ir gali b\u016bti montuojama kair\u0117je arba de\u0161in\u0117je pus\u0117je. Viduje yra keturios med\u017eio dro\u017eli\u0173 plok\u0161t\u0117s lentynos. \u201eVigo\u201c bald\u0173 kolekcija atrodo labai eleganti\u0161kai ir moderniai. Bald\u0173 gamyboje naudojama auk\u0161tos kokyb\u0117s med\u017eio dro\u017eli\u0173 plok\u0161t\u0117 ir priedai, u\u017etikrinantys patvarum\u0105 ir tvirtum\u0105.<br \/>\nPakabinama vitrina<br \/>\nModerniam interjerui rinkit\u0117s baldus su blizgiais arba pilnai Wotano \u0105\u017euolo fasadais. VIGO \u2018180\u2019 vitrina idealiai tinka tiek ma\u017eoms, tiek didel\u0117ms erdv\u0117ms.<br \/>\n\u0160i vitrina yra \u012fvairi\u0173 spalv\u0173 \u2013 su blizgiais baltais ir juodais fasadais bei matiniais \u201eWotan\u201c \u0105\u017euolo fasadais. R\u0117mai gali b\u016bti matin\u0117s baltos, matin\u0117s juodos, \u0161viesios \u201eSonoma\u201c ir \u201eWotan\u201c spalv\u0173.<\/p>","protected":false},"excerpt":{"rendered":"<p>Auk\u0161tis cm: 180<br \/>\nPlotis cm: 40<br \/>\nGylis cm: 30<br \/>\nDur\u0173 skai\u010dius: 1<\/p>","protected":false},"featured_media":232904,"comment_status":"open","ping_status":"open","template":"","meta":[],"product_brand":[],"product_cat":[8388,1177],"product_tag":[],"class_list":{"0":"post-232903","1":"product","2":"type-product","3":"status-publish","4":"has-post-thumbnail","6":"product_cat-cama-meble","7":"product_cat-wardrobes","9":"first","10":"instock","11":"purchasable","12":"product-type-simple"},"_links":{"self":[{"href":"https:\/\/baldumarket.lt\/lt\/wp-json\/wp\/v2\/product\/232903","targetHints":{"allow":["GET"]}}],"collection":[{"href":"https:\/\/baldumarket.lt\/lt\/wp-json\/wp\/v2\/product"}],"about":[{"href":"https:\/\/baldumarket.lt\/lt\/wp-json\/wp\/v2\/types\/product"}],"replies":[{"embeddable":true,"href":"https:\/\/baldumarket.lt\/lt\/wp-json\/wp\/v2\/comments?post=232903"}],"wp:featuredmedia":[{"embeddable":true,"href":"https:\/\/baldumarket.lt\/lt\/wp-json\/wp\/v2\/media\/232904"}],"wp:attachment":[{"href":"https:\/\/baldumarket.lt\/lt\/wp-json\/wp\/v2\/media?parent=232903"}],"wp:term":[{"taxonomy":"product_brand","embeddable":true,"href":"https:\/\/baldumarket.lt\/lt\/wp-json\/wp\/v2\/product_brand?post=232903"},{"taxonomy":"product_cat","embeddable":true,"href":"https:\/\/baldumarket.lt\/lt\/wp-json\/wp\/v2\/product_cat?post=232903"},{"taxonomy":"product_tag","embeddable":true,"href":"https:\/\/baldumarket.lt\/lt\/wp-json\/wp\/v2\/product_tag?post=232903"}],"curies":[{"name":"wp","href":"https:\/\/api.w.org\/{rel}","templated":true}]}}