{"id":232899,"date":"2025-12-29T02:16:07","date_gmt":"2025-12-28T23:16:07","guid":{"rendered":"https:\/\/baldumarket.lt\/product\/vigo-140-szafka-pod-telewizor\/"},"modified":"2026-02-11T18:35:51","modified_gmt":"2026-02-11T15:35:51","slug":"vigo-140-szafka-pod-telewizor","status":"publish","type":"product","link":"https:\/\/baldumarket.lt\/lt\/product\/vigo-140-szafka-pod-telewizor\/","title":{"rendered":"VIGO 140 televizoriaus spintel\u0117"},"content":{"rendered":"<p>Vigo \u2018140\u2019 televizoriaus spintel\u0117<br \/>\nSpintel\u0117 turi du \u017eemyn atsidaran\u010dius priekius, kuriuose naudojama \u201cPUSH-CLICK\u201d sistema su atidarymo ribotuvais, kad b\u016bt\u0173 i\u0161vengta atsitiktinio pa\u017eeidimo. Viduje yra du skyriai.<br \/>\n\u201eVigo\u201c bald\u0173 kolekcija pasi\u017eymi labai eleganti\u0161ka ir modernia i\u0161vaizda. Gamyboje naudojamos auk\u0161tos kokyb\u0117s bald\u0173 lentos ir furnit\u016bra, u\u017etikrinan\u010dios ilgaam\u017ei\u0161kum\u0105 ir tvirtum\u0105.<br \/>\nPrie sienos pakabinama televizoriaus spintel\u0117.<br \/>\nModerniam interjerui rinkit\u0117s baldus su blizgiais arba pilnai Wotan \u0105\u017euolo fasadais. VIGO &#039;140&#039; televizoriaus spintel\u0117 idealiai tinka tiek ma\u017eoms, tiek didel\u0117ms erdv\u0117ms.<br \/>\nSpintel\u0117 si\u016bloma \u012fvairi\u0173 spalv\u0173 \u2013 su blizgiais baltais ir juodais fasadais bei matiniais \u201eWotan\u201c \u0105\u017euolo fasadais. R\u0117mai gali b\u016bti matin\u0117s baltos, matin\u0117s juodos, \u0161viesios \u201eSonoma\u201c ir \u201eWotan\u201c spalv\u0173.<\/p>","protected":false},"excerpt":{"rendered":"<p>Auk\u0161tis cm: 30<br \/>\nPlotis cm: 140<br \/>\nGylis cm: 40<br \/>\nDur\u0173 skai\u010dius: 2<\/p>","protected":false},"featured_media":232900,"comment_status":"open","ping_status":"open","template":"","meta":[],"product_brand":[],"product_cat":[8388,1175],"product_tag":[],"class_list":{"0":"post-232899","1":"product","2":"type-product","3":"status-publish","4":"has-post-thumbnail","6":"product_cat-cama-meble","7":"product_cat-tv-stands","9":"first","10":"instock","11":"purchasable","12":"product-type-simple"},"_links":{"self":[{"href":"https:\/\/baldumarket.lt\/lt\/wp-json\/wp\/v2\/product\/232899","targetHints":{"allow":["GET"]}}],"collection":[{"href":"https:\/\/baldumarket.lt\/lt\/wp-json\/wp\/v2\/product"}],"about":[{"href":"https:\/\/baldumarket.lt\/lt\/wp-json\/wp\/v2\/types\/product"}],"replies":[{"embeddable":true,"href":"https:\/\/baldumarket.lt\/lt\/wp-json\/wp\/v2\/comments?post=232899"}],"wp:featuredmedia":[{"embeddable":true,"href":"https:\/\/baldumarket.lt\/lt\/wp-json\/wp\/v2\/media\/232900"}],"wp:attachment":[{"href":"https:\/\/baldumarket.lt\/lt\/wp-json\/wp\/v2\/media?parent=232899"}],"wp:term":[{"taxonomy":"product_brand","embeddable":true,"href":"https:\/\/baldumarket.lt\/lt\/wp-json\/wp\/v2\/product_brand?post=232899"},{"taxonomy":"product_cat","embeddable":true,"href":"https:\/\/baldumarket.lt\/lt\/wp-json\/wp\/v2\/product_cat?post=232899"},{"taxonomy":"product_tag","embeddable":true,"href":"https:\/\/baldumarket.lt\/lt\/wp-json\/wp\/v2\/product_tag?post=232899"}],"curies":[{"name":"wp","href":"https:\/\/api.w.org\/{rel}","templated":true}]}}