{"id":232891,"date":"2025-12-29T02:15:52","date_gmt":"2025-12-28T23:15:52","guid":{"rendered":"https:\/\/baldumarket.lt\/product\/vera-witryna-110-czarny-mat\/"},"modified":"2026-02-11T18:35:51","modified_gmt":"2026-02-11T15:35:51","slug":"vera-witryna-110-czarny-mat","status":"publish","type":"product","link":"https:\/\/baldumarket.lt\/lt\/product\/vera-witryna-110-czarny-mat\/","title":{"rendered":"VERA VITRINA 110 JUODA MATINIS"},"content":{"rendered":"<p>VERA 110 STIKLIN\u0116 VITRIN\u0116, MATINIS JUODAS<br \/>\nKorpusas: 16 mm laminuota med\u017eio dro\u017eli\u0173 plok\u0161t\u0117<br \/>\nPriekin\u0117s dalys: 18 mm laminuota MDF plok\u0161t\u0117<br \/>\nKojel\u0117s: 20 cm auk\u0161\u010dio, juodo metalo<br \/>\nRankenos: n\u0117ra, atidarymo stumiant sistema<br \/>\nStiklas: gr\u016bdintas, skaidrus<br \/>\nSpalvos:<br \/>\nmatin\u0117 balta<br \/>\nmatin\u0117 juoda<br \/>\nmatinis ka\u0161myras<br \/>\nModerni vitrina. Ji tiks bet kokiam moderniam interjerui. Prie indaujas galima u\u017esisakyti televizoriaus staliuk\u0105 ir komodas.<\/p>","protected":false},"excerpt":{"rendered":"<p>Auk\u0161tis cm: 160<br \/>\nPlotis cm: 110<br \/>\nGylis cm: 39,6<br \/>\nDur\u0173 skai\u010dius: 2<\/p>","protected":false},"featured_media":232892,"comment_status":"open","ping_status":"open","template":"","meta":[],"product_brand":[],"product_cat":[8388,2006],"product_tag":[],"class_list":{"0":"post-232891","1":"product","2":"type-product","3":"status-publish","4":"has-post-thumbnail","6":"product_cat-cama-meble","7":"product_cat-vitrines","9":"first","10":"instock","11":"purchasable","12":"product-type-simple"},"_links":{"self":[{"href":"https:\/\/baldumarket.lt\/lt\/wp-json\/wp\/v2\/product\/232891","targetHints":{"allow":["GET"]}}],"collection":[{"href":"https:\/\/baldumarket.lt\/lt\/wp-json\/wp\/v2\/product"}],"about":[{"href":"https:\/\/baldumarket.lt\/lt\/wp-json\/wp\/v2\/types\/product"}],"replies":[{"embeddable":true,"href":"https:\/\/baldumarket.lt\/lt\/wp-json\/wp\/v2\/comments?post=232891"}],"wp:featuredmedia":[{"embeddable":true,"href":"https:\/\/baldumarket.lt\/lt\/wp-json\/wp\/v2\/media\/232892"}],"wp:attachment":[{"href":"https:\/\/baldumarket.lt\/lt\/wp-json\/wp\/v2\/media?parent=232891"}],"wp:term":[{"taxonomy":"product_brand","embeddable":true,"href":"https:\/\/baldumarket.lt\/lt\/wp-json\/wp\/v2\/product_brand?post=232891"},{"taxonomy":"product_cat","embeddable":true,"href":"https:\/\/baldumarket.lt\/lt\/wp-json\/wp\/v2\/product_cat?post=232891"},{"taxonomy":"product_tag","embeddable":true,"href":"https:\/\/baldumarket.lt\/lt\/wp-json\/wp\/v2\/product_tag?post=232891"}],"curies":[{"name":"wp","href":"https:\/\/api.w.org\/{rel}","templated":true}]}}