{"id":232871,"date":"2025-12-29T02:15:26","date_gmt":"2025-12-28T23:15:26","guid":{"rendered":"https:\/\/baldumarket.lt\/product\/vera-komoda-190-kaszmir-mat\/"},"modified":"2026-02-11T18:35:51","modified_gmt":"2026-02-11T15:35:51","slug":"vera-komoda-190-kaszmir-mat","status":"publish","type":"product","link":"https:\/\/baldumarket.lt\/lt\/product\/vera-komoda-190-kaszmir-mat\/","title":{"rendered":"VERA CHEST 190 KA\u0160MYRO MATIN\u0116"},"content":{"rendered":"<p>VERA 190 komoda, ka\u0161myro spalvos matin\u0117<br \/>\nKorpusas: 16 mm laminuota med\u017eio dro\u017eli\u0173 plok\u0161t\u0117<br \/>\nPriekin\u0117s dalys: 18 mm laminuota MDF plok\u0161t\u0117<br \/>\nKojel\u0117s: 20 cm auk\u0161\u010dio, juodo metalo<br \/>\nRankenos: n\u0117ra, atidarymo stumiant sistema<br \/>\nSpalvos:<br \/>\nmatin\u0117 balta<br \/>\nmatin\u0117 juoda<br \/>\nmatinis ka\u0161myras<br \/>\n\u00a0<br \/>\nModerni komoda. Ji tiks bet kokiam moderniam interjerui. Prie komodos galima \u012fsigyti televizoriaus staliuk\u0105 ir vitrin\u0105.<\/p>","protected":false},"excerpt":{"rendered":"<p>Auk\u0161tis cm: 80<br \/>\nPlotis cm: 190<br \/>\nGylis cm: 39,6<br \/>\nDur\u0173 skai\u010dius: 4<\/p>","protected":false},"featured_media":232872,"comment_status":"open","ping_status":"open","template":"","meta":[],"product_brand":[],"product_cat":[8388,1173],"product_tag":[],"class_list":{"0":"post-232871","1":"product","2":"type-product","3":"status-publish","4":"has-post-thumbnail","6":"product_cat-cama-meble","7":"product_cat-chests-of-drawers","9":"first","10":"instock","11":"purchasable","12":"product-type-simple"},"_links":{"self":[{"href":"https:\/\/baldumarket.lt\/lt\/wp-json\/wp\/v2\/product\/232871","targetHints":{"allow":["GET"]}}],"collection":[{"href":"https:\/\/baldumarket.lt\/lt\/wp-json\/wp\/v2\/product"}],"about":[{"href":"https:\/\/baldumarket.lt\/lt\/wp-json\/wp\/v2\/types\/product"}],"replies":[{"embeddable":true,"href":"https:\/\/baldumarket.lt\/lt\/wp-json\/wp\/v2\/comments?post=232871"}],"wp:featuredmedia":[{"embeddable":true,"href":"https:\/\/baldumarket.lt\/lt\/wp-json\/wp\/v2\/media\/232872"}],"wp:attachment":[{"href":"https:\/\/baldumarket.lt\/lt\/wp-json\/wp\/v2\/media?parent=232871"}],"wp:term":[{"taxonomy":"product_brand","embeddable":true,"href":"https:\/\/baldumarket.lt\/lt\/wp-json\/wp\/v2\/product_brand?post=232871"},{"taxonomy":"product_cat","embeddable":true,"href":"https:\/\/baldumarket.lt\/lt\/wp-json\/wp\/v2\/product_cat?post=232871"},{"taxonomy":"product_tag","embeddable":true,"href":"https:\/\/baldumarket.lt\/lt\/wp-json\/wp\/v2\/product_tag?post=232871"}],"curies":[{"name":"wp","href":"https:\/\/api.w.org\/{rel}","templated":true}]}}