{"id":232842,"date":"2025-12-29T02:14:47","date_gmt":"2025-12-28T23:14:47","guid":{"rendered":"https:\/\/baldumarket.lt\/product\/tresse-szafka-rtv-2d1k-180-mat\/"},"modified":"2026-02-11T18:35:51","modified_gmt":"2026-02-11T15:35:51","slug":"tresse-szafka-rtv-2d1k-180-mat","status":"publish","type":"product","link":"https:\/\/baldumarket.lt\/lt\/product\/tresse-szafka-rtv-2d1k-180-mat\/","title":{"rendered":"TELEVIZORIAUS SPINTEL\u0116 TRESSE 2D1K 180 MAT"},"content":{"rendered":"<p>TRESSE 2 STAL\u010cI\u0172 TELEVIZORIAUS SPINTEL\u0116 180 MATIN\u0116<br \/>\n\u0160i sm\u0117lio arba \u017ealios spalvos 180 cm televizoriaus spintel\u0117 ant auk\u0161t\u0173 kojeli\u0173 yra eleganti\u0161kas ir modernus pasirinkimas j\u016bs\u0173 svetainei. \u0160is baldas ne tik atlieka praktin\u0119 funkcij\u0105, suteikia vietos daiktams susid\u0117ti, bet ir suteikia interjerui stiliaus.<br \/>\nMed\u017eiaga:<br \/>\nKorpusas: 16 mm laminuota plok\u0161t\u0117<br \/>\nFasadas: 16 mm MDF su matomu frezavimu<br \/>\nRankenos: n\u0117ra, PUSH-OREN sistema<br \/>\nKojel\u0117s: metalin\u0117s, 15 cm auk\u0161\u010dio<br \/>\nProdukto apra\u0161ymas:<br \/>\nDu \u0161oniniai atidaromi fasadai<br \/>\nVienas apa\u010dioje atsidarantis atvartas<\/p>","protected":false},"excerpt":{"rendered":"<p>Kolekcija: TRESSE<br \/>\nPlotis: 180<br \/>\n\u016agis: 54,5<br \/>\nGylis: 40<\/p>","protected":false},"featured_media":232843,"comment_status":"open","ping_status":"open","template":"","meta":[],"product_brand":[],"product_cat":[8388,1175],"product_tag":[],"class_list":{"0":"post-232842","1":"product","2":"type-product","3":"status-publish","4":"has-post-thumbnail","6":"product_cat-cama-meble","7":"product_cat-tv-stands","9":"first","10":"instock","11":"purchasable","12":"product-type-simple"},"_links":{"self":[{"href":"https:\/\/baldumarket.lt\/lt\/wp-json\/wp\/v2\/product\/232842","targetHints":{"allow":["GET"]}}],"collection":[{"href":"https:\/\/baldumarket.lt\/lt\/wp-json\/wp\/v2\/product"}],"about":[{"href":"https:\/\/baldumarket.lt\/lt\/wp-json\/wp\/v2\/types\/product"}],"replies":[{"embeddable":true,"href":"https:\/\/baldumarket.lt\/lt\/wp-json\/wp\/v2\/comments?post=232842"}],"wp:featuredmedia":[{"embeddable":true,"href":"https:\/\/baldumarket.lt\/lt\/wp-json\/wp\/v2\/media\/232843"}],"wp:attachment":[{"href":"https:\/\/baldumarket.lt\/lt\/wp-json\/wp\/v2\/media?parent=232842"}],"wp:term":[{"taxonomy":"product_brand","embeddable":true,"href":"https:\/\/baldumarket.lt\/lt\/wp-json\/wp\/v2\/product_brand?post=232842"},{"taxonomy":"product_cat","embeddable":true,"href":"https:\/\/baldumarket.lt\/lt\/wp-json\/wp\/v2\/product_cat?post=232842"},{"taxonomy":"product_tag","embeddable":true,"href":"https:\/\/baldumarket.lt\/lt\/wp-json\/wp\/v2\/product_tag?post=232842"}],"curies":[{"name":"wp","href":"https:\/\/api.w.org\/{rel}","templated":true}]}}