{"id":232829,"date":"2025-12-29T02:14:30","date_gmt":"2025-12-28T23:14:30","guid":{"rendered":"https:\/\/baldumarket.lt\/product\/tresse-szafka-nocna-mat-kpl-2-szt\/"},"modified":"2026-02-11T18:35:51","modified_gmt":"2026-02-11T15:35:51","slug":"tresse-szafka-nocna-mat-kpl-2-szt","status":"publish","type":"product","link":"https:\/\/baldumarket.lt\/lt\/product\/tresse-szafka-nocna-mat-kpl-2-szt\/","title":{"rendered":"TRESSE naktini\u0173 spinteli\u0173 kilim\u0117li\u0173 rinkinys, 2 vnt"},"content":{"rendered":"<p>TRESSE MATTE NAKTIN\u0116 SPINTEL\u0116<br \/>\n\u0160i \u201eTresse\u201c naktin\u0117 spintel\u0117 jus su\u017eav\u0117s. Galima rinktis \u017ealios arba sm\u0117lio spalvos \u2013 ji yra ir dekoratyvi, ir prakti\u0161ka. Unikaliai frezuoti fasadai \u2013 tikras privalumas. Auk\u0161tos metalin\u0117s kojel\u0117s leid\u017eia lengvai palaikyti tvark\u0105 erdv\u0117je.<br \/>\nMed\u017eiaga:<br \/>\nKorpusas: 16 mm laminuota plok\u0161t\u0117<br \/>\nFasadas: 16 mm MDF su matomu frezavimu<br \/>\nRankenos: n\u0117ra, PUSH-OREN sistema<br \/>\nKojel\u0117s: metalin\u0117s, baldo spalvos, 15 cm auk\u0161\u010dio<br \/>\nProdukto apra\u0161ymas:<br \/>\nVienas stal\u010dius<br \/>\nViena sand\u0117liavimo vieta<br \/>\n2 vnt. rinkinys<\/p>","protected":false},"excerpt":{"rendered":"<p>Kolekcija: TRESSE<br \/>\nPlotis: 44<br \/>\n\u016agis: 53,5<br \/>\nGylis: 40<\/p>","protected":false},"featured_media":232830,"comment_status":"open","ping_status":"open","template":"","meta":[],"product_brand":[],"product_cat":[1176,8388],"product_tag":[],"class_list":{"0":"post-232829","1":"product","2":"type-product","3":"status-publish","4":"has-post-thumbnail","6":"product_cat-bedside-tables","7":"product_cat-cama-meble","9":"first","10":"instock","11":"purchasable","12":"product-type-simple"},"_links":{"self":[{"href":"https:\/\/baldumarket.lt\/lt\/wp-json\/wp\/v2\/product\/232829","targetHints":{"allow":["GET"]}}],"collection":[{"href":"https:\/\/baldumarket.lt\/lt\/wp-json\/wp\/v2\/product"}],"about":[{"href":"https:\/\/baldumarket.lt\/lt\/wp-json\/wp\/v2\/types\/product"}],"replies":[{"embeddable":true,"href":"https:\/\/baldumarket.lt\/lt\/wp-json\/wp\/v2\/comments?post=232829"}],"wp:featuredmedia":[{"embeddable":true,"href":"https:\/\/baldumarket.lt\/lt\/wp-json\/wp\/v2\/media\/232830"}],"wp:attachment":[{"href":"https:\/\/baldumarket.lt\/lt\/wp-json\/wp\/v2\/media?parent=232829"}],"wp:term":[{"taxonomy":"product_brand","embeddable":true,"href":"https:\/\/baldumarket.lt\/lt\/wp-json\/wp\/v2\/product_brand?post=232829"},{"taxonomy":"product_cat","embeddable":true,"href":"https:\/\/baldumarket.lt\/lt\/wp-json\/wp\/v2\/product_cat?post=232829"},{"taxonomy":"product_tag","embeddable":true,"href":"https:\/\/baldumarket.lt\/lt\/wp-json\/wp\/v2\/product_tag?post=232829"}],"curies":[{"name":"wp","href":"https:\/\/api.w.org\/{rel}","templated":true}]}}