{"id":232817,"date":"2025-12-29T02:14:15","date_gmt":"2025-12-28T23:14:15","guid":{"rendered":"https:\/\/baldumarket.lt\/product\/tresse-komoda-4s-mat\/"},"modified":"2026-02-11T18:35:51","modified_gmt":"2026-02-11T15:35:51","slug":"tresse-komoda-4s-mat","status":"publish","type":"product","link":"https:\/\/baldumarket.lt\/lt\/product\/tresse-komoda-4s-mat\/","title":{"rendered":"TRESSE komoda su 4 stal\u010diais, matin\u0117"},"content":{"rendered":"<p>TRESSE 4 STAL\u010cI\u0172 KOMODA, MATIN\u0116<br \/>\n\u0160i sm\u0117lio arba \u017ealios spalvos komoda ant auk\u0161t\u0173 kojeli\u0173 yra eleganti\u0161kas ir modernus pasirinkimas j\u016bs\u0173 svetainei. \u0160is baldas ne tik atlieka praktin\u0119 funkcij\u0105, suteikia vietos daiktams susid\u0117ti, bet ir suteikia interjerui stiliaus.<br \/>\nMed\u017eiaga:<br \/>\nKorpusas: 16 mm laminuota plok\u0161t\u0117<br \/>\nFasadas: 16 mm MDF su matomu frezavimu<br \/>\nRankenos: n\u0117ra, PUSH-OREN sistema<br \/>\nKojel\u0117s: 15 cm auk\u0161\u010dio metalin\u0117s<br \/>\nProdukto apra\u0161ymas:<br \/>\nKeturi stal\u010diai<\/p>","protected":false},"excerpt":{"rendered":"<p>Kolekcija: TRESSE<br \/>\nPlotis: 50<br \/>\n\u016agis: 125<br \/>\nGylis: 40<br \/>\nStal\u010di\u0173 skai\u010dius: 4<\/p>","protected":false},"featured_media":232818,"comment_status":"open","ping_status":"open","template":"","meta":[],"product_brand":[],"product_cat":[8388,1173],"product_tag":[],"class_list":{"0":"post-232817","1":"product","2":"type-product","3":"status-publish","4":"has-post-thumbnail","6":"product_cat-cama-meble","7":"product_cat-chests-of-drawers","9":"first","10":"instock","11":"purchasable","12":"product-type-simple"},"_links":{"self":[{"href":"https:\/\/baldumarket.lt\/lt\/wp-json\/wp\/v2\/product\/232817","targetHints":{"allow":["GET"]}}],"collection":[{"href":"https:\/\/baldumarket.lt\/lt\/wp-json\/wp\/v2\/product"}],"about":[{"href":"https:\/\/baldumarket.lt\/lt\/wp-json\/wp\/v2\/types\/product"}],"replies":[{"embeddable":true,"href":"https:\/\/baldumarket.lt\/lt\/wp-json\/wp\/v2\/comments?post=232817"}],"wp:featuredmedia":[{"embeddable":true,"href":"https:\/\/baldumarket.lt\/lt\/wp-json\/wp\/v2\/media\/232818"}],"wp:attachment":[{"href":"https:\/\/baldumarket.lt\/lt\/wp-json\/wp\/v2\/media?parent=232817"}],"wp:term":[{"taxonomy":"product_brand","embeddable":true,"href":"https:\/\/baldumarket.lt\/lt\/wp-json\/wp\/v2\/product_brand?post=232817"},{"taxonomy":"product_cat","embeddable":true,"href":"https:\/\/baldumarket.lt\/lt\/wp-json\/wp\/v2\/product_cat?post=232817"},{"taxonomy":"product_tag","embeddable":true,"href":"https:\/\/baldumarket.lt\/lt\/wp-json\/wp\/v2\/product_tag?post=232817"}],"curies":[{"name":"wp","href":"https:\/\/api.w.org\/{rel}","templated":true}]}}