{"id":232810,"date":"2025-12-29T02:14:03","date_gmt":"2025-12-28T23:14:03","guid":{"rendered":"https:\/\/baldumarket.lt\/product\/tresse-komoda-4d-mat\/"},"modified":"2026-02-11T18:35:52","modified_gmt":"2026-02-11T15:35:52","slug":"tresse-komoda-4d-mat","status":"publish","type":"product","link":"https:\/\/baldumarket.lt\/lt\/product\/tresse-komoda-4d-mat\/","title":{"rendered":"TRESSE 4D RYTIN\u0116 KOMODA"},"content":{"rendered":"<p>TRESSE 4-D MATIN\u0116 KOMODA SU STAL\u010cIAIS<br \/>\n\u0160i sm\u0117lio arba \u017ealios spalvos komoda ant auk\u0161t\u0173 kojeli\u0173 yra eleganti\u0161kas ir modernus pasirinkimas j\u016bs\u0173 svetainei. \u0160is baldas ne tik atlieka praktin\u0119 funkcij\u0105, suteikia vietos daiktams susid\u0117ti, bet ir suteikia interjerui stiliaus.<br \/>\nMed\u017eiaga:<br \/>\nKorpusas: 16 mm laminuota plok\u0161t\u0117<br \/>\nFasadas: 16 mm MDF su matomu frezavimu<br \/>\nRankenos: n\u0117ra, PUSH-OREN sistema<br \/>\nKojel\u0117s: 15 cm auk\u0161\u010dio metalin\u0117s<br \/>\nProdukto apra\u0161ymas:<br \/>\nKeturi \u0161oniniai atidaromi fasadai<\/p>","protected":false},"excerpt":{"rendered":"<p>Kolekcija: TRESSE<br \/>\nPlotis: 100<br \/>\n\u016agis: 110<br \/>\nGylis: 40<\/p>","protected":false},"featured_media":232811,"comment_status":"open","ping_status":"open","template":"","meta":[],"product_brand":[],"product_cat":[8388,1173],"product_tag":[],"class_list":{"0":"post-232810","1":"product","2":"type-product","3":"status-publish","4":"has-post-thumbnail","6":"product_cat-cama-meble","7":"product_cat-chests-of-drawers","9":"first","10":"instock","11":"purchasable","12":"product-type-simple"},"_links":{"self":[{"href":"https:\/\/baldumarket.lt\/lt\/wp-json\/wp\/v2\/product\/232810","targetHints":{"allow":["GET"]}}],"collection":[{"href":"https:\/\/baldumarket.lt\/lt\/wp-json\/wp\/v2\/product"}],"about":[{"href":"https:\/\/baldumarket.lt\/lt\/wp-json\/wp\/v2\/types\/product"}],"replies":[{"embeddable":true,"href":"https:\/\/baldumarket.lt\/lt\/wp-json\/wp\/v2\/comments?post=232810"}],"wp:featuredmedia":[{"embeddable":true,"href":"https:\/\/baldumarket.lt\/lt\/wp-json\/wp\/v2\/media\/232811"}],"wp:attachment":[{"href":"https:\/\/baldumarket.lt\/lt\/wp-json\/wp\/v2\/media?parent=232810"}],"wp:term":[{"taxonomy":"product_brand","embeddable":true,"href":"https:\/\/baldumarket.lt\/lt\/wp-json\/wp\/v2\/product_brand?post=232810"},{"taxonomy":"product_cat","embeddable":true,"href":"https:\/\/baldumarket.lt\/lt\/wp-json\/wp\/v2\/product_cat?post=232810"},{"taxonomy":"product_tag","embeddable":true,"href":"https:\/\/baldumarket.lt\/lt\/wp-json\/wp\/v2\/product_tag?post=232810"}],"curies":[{"name":"wp","href":"https:\/\/api.w.org\/{rel}","templated":true}]}}