{"id":232799,"date":"2025-12-29T02:13:48","date_gmt":"2025-12-28T23:13:48","guid":{"rendered":"https:\/\/baldumarket.lt\/product\/szafka-nocna-merci-2-szt\/"},"modified":"2026-02-11T18:35:52","modified_gmt":"2026-02-11T15:35:52","slug":"szafka-nocna-merci-2-szt","status":"publish","type":"product","link":"https:\/\/baldumarket.lt\/lt\/product\/szafka-nocna-merci-2-szt\/","title":{"rendered":"MERCI naktiniai staleliai, 2 vnt"},"content":{"rendered":"<p>MERCI naktinis staliukas, 2 dalys<br \/>\nApra\u0161ymas ir specifikacijos<br \/>\nMERCI kolekcija pasi\u017eymi moderniu stiliumi ir \u012fdomiu dizainu. Lygi\u0173 \u201eArtisan Oak\u201c fasad\u0173 ir vertikaliai frezuoto juodo intarpo derinys i\u0161skiria j\u0105 i\u0161 kit\u0173 bald\u0173. Stilingos kojel\u0117s kartu su \u012fdomia spalv\u0173 gama papuo\u0161 daugel\u012f i\u0161d\u0117stym\u0173.<br \/>\nMed\u017eiaga:<br \/>\nKorpusas: 16 mm plok\u0161t\u0117<br \/>\nPriekin\u0117s dalys: 16 mm plok\u0161t\u0117 + 16 mm laminuotas MDF \u012fd\u0117klas<br \/>\nRankenos: n\u0117ra, atidarymo sistema \u201ePUSH TO OPERATION\u201c<br \/>\nKojel\u0117s: juodo metalo, 14 cm auk\u0161\u010dio<br \/>\nProdukto apra\u0161ymas:<br \/>\nVienas priekis atsidaro \u012f \u0161on\u0105<br \/>\nVienas vidinis skyrius<br \/>\n2 dali\u0173 rinkinys<\/p>","protected":false},"excerpt":{"rendered":"<p>Kolekcija: A\u010cI\u016a<br \/>\nPlotis: 44<br \/>\n\u016agis: 52,5<br \/>\nGylis: 40<\/p>","protected":false},"featured_media":232800,"comment_status":"open","ping_status":"open","template":"","meta":[],"product_brand":[],"product_cat":[1176,8388],"product_tag":[],"class_list":{"0":"post-232799","1":"product","2":"type-product","3":"status-publish","4":"has-post-thumbnail","6":"product_cat-bedside-tables","7":"product_cat-cama-meble","9":"first","10":"instock","11":"purchasable","12":"product-type-simple"},"_links":{"self":[{"href":"https:\/\/baldumarket.lt\/lt\/wp-json\/wp\/v2\/product\/232799","targetHints":{"allow":["GET"]}}],"collection":[{"href":"https:\/\/baldumarket.lt\/lt\/wp-json\/wp\/v2\/product"}],"about":[{"href":"https:\/\/baldumarket.lt\/lt\/wp-json\/wp\/v2\/types\/product"}],"replies":[{"embeddable":true,"href":"https:\/\/baldumarket.lt\/lt\/wp-json\/wp\/v2\/comments?post=232799"}],"wp:featuredmedia":[{"embeddable":true,"href":"https:\/\/baldumarket.lt\/lt\/wp-json\/wp\/v2\/media\/232800"}],"wp:attachment":[{"href":"https:\/\/baldumarket.lt\/lt\/wp-json\/wp\/v2\/media?parent=232799"}],"wp:term":[{"taxonomy":"product_brand","embeddable":true,"href":"https:\/\/baldumarket.lt\/lt\/wp-json\/wp\/v2\/product_brand?post=232799"},{"taxonomy":"product_cat","embeddable":true,"href":"https:\/\/baldumarket.lt\/lt\/wp-json\/wp\/v2\/product_cat?post=232799"},{"taxonomy":"product_tag","embeddable":true,"href":"https:\/\/baldumarket.lt\/lt\/wp-json\/wp\/v2\/product_tag?post=232799"}],"curies":[{"name":"wp","href":"https:\/\/api.w.org\/{rel}","templated":true}]}}