{"id":232783,"date":"2025-12-29T02:13:27","date_gmt":"2025-12-28T23:13:27","guid":{"rendered":"https:\/\/baldumarket.lt\/product\/soho-s-6-witryna-szeroka\/"},"modified":"2026-02-11T18:35:52","modified_gmt":"2026-02-11T15:35:52","slug":"soho-s-6-witryna-szeroka","status":"publish","type":"product","link":"https:\/\/baldumarket.lt\/lt\/product\/soho-s-6-witryna-szeroka\/","title":{"rendered":"SOHO S-6 \u2013 Plati vitrina"},"content":{"rendered":"<p>SOHO S-6 \u2013 Auk\u0161ta vitrina, 2 durys, 2 stal\u010diai<br \/>\nSOHO serijos baldai yra \u012fvairi\u0173 spalv\u0173.<br \/>\nVitrina turi vienas stiklines duris de\u0161in\u0117je ir tris stiklines lentynas su LED foniniu ap\u0161vietimu u\u017e dur\u0173 (u\u017e papildom\u0105 mokest\u012f). Kair\u0117je pus\u0117je yra vienos tvirtos durys ir trys med\u017eio dro\u017eli\u0173 plok\u0161t\u0117s lentynos u\u017e dur\u0173. Apa\u010dioje yra du stal\u010diai.<br \/>\nSOHO S6 vitrina pasi\u017eymi paprastu, minimalistiniu dizainu, kuris dera prie modernaus interjero. Vitrinoje galite ne tik laikyti, bet ir eksponuoti stalo \u012frankius, stiklines ar dekoratyvinius daiktus.<br \/>\nSOHO bald\u0173 kolekcija pasi\u017eymi labai eleganti\u0161ka ir modernia i\u0161vaizda. Gamyboje naudojamos auk\u0161tos kokyb\u0117s laminuotos lentos ir priedai, u\u017etikrinantys patvarum\u0105 ir tvirtum\u0105.<br \/>\nMed\u017eiagos:<br \/>\nR\u0117meliai \u2013 auk\u0161tos kokyb\u0117s matin\u0117 laminuota plok\u0161t\u0117<br \/>\nPriekin\u0117s dalys \u2013 auk\u0161tos kokyb\u0117s blizgi laminuota plok\u0161t\u0117<\/p>","protected":false},"excerpt":{"rendered":"<p>\u016agis cm: 192<br \/>\nPlotis cm: 80<br \/>\nGylis cm: 41<br \/>\nDur\u0173 skai\u010dius: 2<br \/>\nStal\u010di\u0173 skai\u010dius: 2<br \/>\nAp\u0161vietimas: Pasirinktinai u\u017e papildom\u0105 mokest\u012f<\/p>","protected":false},"featured_media":232784,"comment_status":"open","ping_status":"open","template":"","meta":[],"product_brand":[],"product_cat":[8388,2006],"product_tag":[],"class_list":{"0":"post-232783","1":"product","2":"type-product","3":"status-publish","4":"has-post-thumbnail","6":"product_cat-cama-meble","7":"product_cat-vitrines","9":"first","10":"instock","11":"purchasable","12":"product-type-simple"},"_links":{"self":[{"href":"https:\/\/baldumarket.lt\/lt\/wp-json\/wp\/v2\/product\/232783","targetHints":{"allow":["GET"]}}],"collection":[{"href":"https:\/\/baldumarket.lt\/lt\/wp-json\/wp\/v2\/product"}],"about":[{"href":"https:\/\/baldumarket.lt\/lt\/wp-json\/wp\/v2\/types\/product"}],"replies":[{"embeddable":true,"href":"https:\/\/baldumarket.lt\/lt\/wp-json\/wp\/v2\/comments?post=232783"}],"wp:featuredmedia":[{"embeddable":true,"href":"https:\/\/baldumarket.lt\/lt\/wp-json\/wp\/v2\/media\/232784"}],"wp:attachment":[{"href":"https:\/\/baldumarket.lt\/lt\/wp-json\/wp\/v2\/media?parent=232783"}],"wp:term":[{"taxonomy":"product_brand","embeddable":true,"href":"https:\/\/baldumarket.lt\/lt\/wp-json\/wp\/v2\/product_brand?post=232783"},{"taxonomy":"product_cat","embeddable":true,"href":"https:\/\/baldumarket.lt\/lt\/wp-json\/wp\/v2\/product_cat?post=232783"},{"taxonomy":"product_tag","embeddable":true,"href":"https:\/\/baldumarket.lt\/lt\/wp-json\/wp\/v2\/product_tag?post=232783"}],"curies":[{"name":"wp","href":"https:\/\/api.w.org\/{rel}","templated":true}]}}